{"id":5886,"date":"2023-11-17T06:54:17","date_gmt":"2023-11-17T11:54:17","guid":{"rendered":"https:\/\/maisondariane.ca\/confidentialite-et-protection-des-renseignements-personnels\/"},"modified":"2023-11-22T07:25:17","modified_gmt":"2023-11-22T12:25:17","slug":"politica-sobre-la-confidencialidad-y-la-proteccion-de-los-datos-personales","status":"publish","type":"page","link":"https:\/\/maisondariane.ca\/es\/politica-sobre-la-confidencialidad-y-la-proteccion-de-los-datos-personales\/","title":{"rendered":"Pol\u00edtica sobre la confidencialidad y la protecci\u00f3n de los datos personales"},"content":{"rendered":"<h5>RESPONSABLE DE LA PROTECCI\u00d3N DE DATOS PERSONALES<\/h5>\n<p>La Maison d&#8217;Ariane es un organismo sujeto a la <em>Ley de modernizaci\u00f3n de las disposiciones legislativas en materia de protecci\u00f3n de los datos personales en el sector privado (tambi\u00e9n denominada Ley 25)<\/em> que, entre otras cosas, prev\u00e9 la designaci\u00f3n de una persona como responsable de la protecci\u00f3n de los datos personales para garantizar el cumplimiento y la aplicaci\u00f3n de las disposiciones de la Ley.<\/p>\n<p>Con este fin, La Maison d\u2019Ariane ha designado a la se\u00f1ora Fannie Roy como responsable de la protecci\u00f3n de los datos personales:<\/p>\n<p><strong>RESPONSABLE DE LA PROTECCI\u00d3N DE DATOS PERSONALES :<\/strong><br \/>\nSra. Fannie Roy, coordinadora general<br \/>\nC.P. 35, succ. Centre-ville<br \/>\nSaint-J\u00e9r\u00f4me (QC) J7Z 5T7<br \/>\n450 432-9355<br \/>\n<a href=\"mailto:arianecoordo@maisondariane.ca\">arianecoordo@maisondariane.ca<\/a><\/p>\n<p><a target=\"_blank\" href=\"https:\/\/maisondariane.ca\/wp-content\/uploads\/2023\/11\/Politique-confidentialite-Protection-renseignements-personnels-2023-10-05_ES.pdf\" rel=\"noopener\">Lea nuestra Pol\u00edtica de privacidad y protecci\u00f3n de datos<\/a><\/p>\n","protected":false},"excerpt":{"rendered":"<p>RESPONSABLE DE LA PROTECCI\u00d3N DE DATOS PERSONALES La Maison d&#8217;Ariane es un organismo sujeto a la Ley de modernizaci\u00f3n de las disposiciones legislativas en materia de protecci\u00f3n de los datos personales en el sector privado (tambi\u00e9n denominada Ley 25) que, entre otras cosas, prev\u00e9 la designaci\u00f3n de una persona como responsable de la protecci\u00f3n de [&hellip;]<\/p>\n","protected":false},"author":2,"featured_media":0,"parent":0,"menu_order":0,"comment_status":"closed","ping_status":"closed","template":"","meta":{"_acf_changed":false,"inline_featured_image":false,"footnotes":""},"class_list":["post-5886","page","type-page","status-publish","hentry"],"acf":[],"yoast_head":"<!-- This site is optimized with the Yoast SEO plugin v27.1.1 - https:\/\/yoast.com\/product\/yoast-seo-wordpress\/ -->\n<title>Pol\u00edtica sobre la confidencialidad y la protecci\u00f3n de los datos personales - La maison d&#039;ariane<\/title>\n<meta name=\"robots\" content=\"index, follow, max-snippet:-1, max-image-preview:large, max-video-preview:-1\" \/>\n<link rel=\"canonical\" href=\"https:\/\/maisondariane.ca\/es\/politica-sobre-la-confidencialidad-y-la-proteccion-de-los-datos-personales\/\" \/>\n<meta property=\"og:locale\" content=\"es_ES\" \/>\n<meta property=\"og:type\" content=\"article\" \/>\n<meta property=\"og:title\" content=\"Pol\u00edtica sobre la confidencialidad y la protecci\u00f3n de los datos personales - La maison d&#039;ariane\" \/>\n<meta property=\"og:description\" content=\"RESPONSABLE DE LA PROTECCI\u00d3N DE DATOS PERSONALES La Maison d&#8217;Ariane es un organismo sujeto a la Ley de modernizaci\u00f3n de las disposiciones legislativas en materia de protecci\u00f3n de los datos personales en el sector privado (tambi\u00e9n denominada Ley 25) que, entre otras cosas, prev\u00e9 la designaci\u00f3n de una persona como responsable de la protecci\u00f3n de [&hellip;]\" \/>\n<meta property=\"og:url\" content=\"https:\/\/maisondariane.ca\/es\/politica-sobre-la-confidencialidad-y-la-proteccion-de-los-datos-personales\/\" \/>\n<meta property=\"og:site_name\" content=\"La maison d&#039;ariane\" \/>\n<meta property=\"article:modified_time\" content=\"2023-11-22T12:25:17+00:00\" \/>\n<meta name=\"twitter:card\" content=\"summary_large_image\" \/>\n<meta name=\"twitter:label1\" content=\"Tiempo de lectura\" \/>\n\t<meta name=\"twitter:data1\" content=\"1 minuto\" \/>\n<script type=\"application\/ld+json\" class=\"yoast-schema-graph\">{\"@context\":\"https:\/\/schema.org\",\"@graph\":[{\"@type\":\"WebPage\",\"@id\":\"https:\/\/maisondariane.ca\/es\/politica-sobre-la-confidencialidad-y-la-proteccion-de-los-datos-personales\/\",\"url\":\"https:\/\/maisondariane.ca\/es\/politica-sobre-la-confidencialidad-y-la-proteccion-de-los-datos-personales\/\",\"name\":\"Pol\u00edtica sobre la confidencialidad y la protecci\u00f3n de los datos personales - La maison d&#039;ariane\",\"isPartOf\":{\"@id\":\"https:\/\/maisondariane.ca\/#website\"},\"datePublished\":\"2023-11-17T11:54:17+00:00\",\"dateModified\":\"2023-11-22T12:25:17+00:00\",\"breadcrumb\":{\"@id\":\"https:\/\/maisondariane.ca\/es\/politica-sobre-la-confidencialidad-y-la-proteccion-de-los-datos-personales\/#breadcrumb\"},\"inLanguage\":\"es\",\"potentialAction\":[{\"@type\":\"ReadAction\",\"target\":[\"https:\/\/maisondariane.ca\/es\/politica-sobre-la-confidencialidad-y-la-proteccion-de-los-datos-personales\/\"]}]},{\"@type\":\"BreadcrumbList\",\"@id\":\"https:\/\/maisondariane.ca\/es\/politica-sobre-la-confidencialidad-y-la-proteccion-de-los-datos-personales\/#breadcrumb\",\"itemListElement\":[{\"@type\":\"ListItem\",\"position\":1,\"name\":\"Accueil\",\"item\":\"https:\/\/maisondariane.ca\/es\/\"},{\"@type\":\"ListItem\",\"position\":2,\"name\":\"Pol\u00edtica sobre la confidencialidad y la protecci\u00f3n de los datos personales\"}]},{\"@type\":\"WebSite\",\"@id\":\"https:\/\/maisondariane.ca\/#website\",\"url\":\"https:\/\/maisondariane.ca\/\",\"name\":\"La maison d&#039;ariane\",\"description\":\"Just another WordPress site\",\"potentialAction\":[{\"@type\":\"SearchAction\",\"target\":{\"@type\":\"EntryPoint\",\"urlTemplate\":\"https:\/\/maisondariane.ca\/?s={search_term_string}\"},\"query-input\":{\"@type\":\"PropertyValueSpecification\",\"valueRequired\":true,\"valueName\":\"search_term_string\"}}],\"inLanguage\":\"es\"}]}<\/script>\n<!-- \/ Yoast SEO plugin. -->","yoast_head_json":{"title":"Pol\u00edtica sobre la confidencialidad y la protecci\u00f3n de los datos personales - La maison d&#039;ariane","robots":{"index":"index","follow":"follow","max-snippet":"max-snippet:-1","max-image-preview":"max-image-preview:large","max-video-preview":"max-video-preview:-1"},"canonical":"https:\/\/maisondariane.ca\/es\/politica-sobre-la-confidencialidad-y-la-proteccion-de-los-datos-personales\/","og_locale":"es_ES","og_type":"article","og_title":"Pol\u00edtica sobre la confidencialidad y la protecci\u00f3n de los datos personales - La maison d&#039;ariane","og_description":"RESPONSABLE DE LA PROTECCI\u00d3N DE DATOS PERSONALES La Maison d&#8217;Ariane es un organismo sujeto a la Ley de modernizaci\u00f3n de las disposiciones legislativas en materia de protecci\u00f3n de los datos personales en el sector privado (tambi\u00e9n denominada Ley 25) que, entre otras cosas, prev\u00e9 la designaci\u00f3n de una persona como responsable de la protecci\u00f3n de [&hellip;]","og_url":"https:\/\/maisondariane.ca\/es\/politica-sobre-la-confidencialidad-y-la-proteccion-de-los-datos-personales\/","og_site_name":"La maison d&#039;ariane","article_modified_time":"2023-11-22T12:25:17+00:00","twitter_card":"summary_large_image","twitter_misc":{"Tiempo de lectura":"1 minuto"},"schema":{"@context":"https:\/\/schema.org","@graph":[{"@type":"WebPage","@id":"https:\/\/maisondariane.ca\/es\/politica-sobre-la-confidencialidad-y-la-proteccion-de-los-datos-personales\/","url":"https:\/\/maisondariane.ca\/es\/politica-sobre-la-confidencialidad-y-la-proteccion-de-los-datos-personales\/","name":"Pol\u00edtica sobre la confidencialidad y la protecci\u00f3n de los datos personales - La maison d&#039;ariane","isPartOf":{"@id":"https:\/\/maisondariane.ca\/#website"},"datePublished":"2023-11-17T11:54:17+00:00","dateModified":"2023-11-22T12:25:17+00:00","breadcrumb":{"@id":"https:\/\/maisondariane.ca\/es\/politica-sobre-la-confidencialidad-y-la-proteccion-de-los-datos-personales\/#breadcrumb"},"inLanguage":"es","potentialAction":[{"@type":"ReadAction","target":["https:\/\/maisondariane.ca\/es\/politica-sobre-la-confidencialidad-y-la-proteccion-de-los-datos-personales\/"]}]},{"@type":"BreadcrumbList","@id":"https:\/\/maisondariane.ca\/es\/politica-sobre-la-confidencialidad-y-la-proteccion-de-los-datos-personales\/#breadcrumb","itemListElement":[{"@type":"ListItem","position":1,"name":"Accueil","item":"https:\/\/maisondariane.ca\/es\/"},{"@type":"ListItem","position":2,"name":"Pol\u00edtica sobre la confidencialidad y la protecci\u00f3n de los datos personales"}]},{"@type":"WebSite","@id":"https:\/\/maisondariane.ca\/#website","url":"https:\/\/maisondariane.ca\/","name":"La maison d&#039;ariane","description":"Just another WordPress site","potentialAction":[{"@type":"SearchAction","target":{"@type":"EntryPoint","urlTemplate":"https:\/\/maisondariane.ca\/?s={search_term_string}"},"query-input":{"@type":"PropertyValueSpecification","valueRequired":true,"valueName":"search_term_string"}}],"inLanguage":"es"}]}},"_links":{"self":[{"href":"https:\/\/maisondariane.ca\/es\/wp-json\/wp\/v2\/pages\/5886","targetHints":{"allow":["GET"]}}],"collection":[{"href":"https:\/\/maisondariane.ca\/es\/wp-json\/wp\/v2\/pages"}],"about":[{"href":"https:\/\/maisondariane.ca\/es\/wp-json\/wp\/v2\/types\/page"}],"author":[{"embeddable":true,"href":"https:\/\/maisondariane.ca\/es\/wp-json\/wp\/v2\/users\/2"}],"replies":[{"embeddable":true,"href":"https:\/\/maisondariane.ca\/es\/wp-json\/wp\/v2\/comments?post=5886"}],"version-history":[{"count":3,"href":"https:\/\/maisondariane.ca\/es\/wp-json\/wp\/v2\/pages\/5886\/revisions"}],"predecessor-version":[{"id":5899,"href":"https:\/\/maisondariane.ca\/es\/wp-json\/wp\/v2\/pages\/5886\/revisions\/5899"}],"wp:attachment":[{"href":"https:\/\/maisondariane.ca\/es\/wp-json\/wp\/v2\/media?parent=5886"}],"curies":[{"name":"wp","href":"https:\/\/api.w.org\/{rel}","templated":true}]}}