{"id":541,"date":"2021-12-17T19:01:06","date_gmt":"2021-12-17T19:01:06","guid":{"rendered":"https:\/\/maisondariane.viweblocal.ca\/?page_id=541"},"modified":"2022-08-17T15:22:53","modified_gmt":"2022-08-17T19:22:53","slug":"socios-donantes","status":"publish","type":"page","link":"https:\/\/maisondariane.ca\/es\/socios-donantes\/","title":{"rendered":"Socios \/ Donantes"},"content":{"rendered":"<h2>GRACIAS!<\/h2>\n<div>\n\tLa Maison d&#8217;Ariane desea expresar su profundo agradecimiento a todos los socios financieros, donantes que desde hace muchos a\u00f1os apoyan la realizaci\u00f3n de sus proyectos.<\/p>\n<p>\tIndependientemente del nivel de su contribuci\u00f3n, estas personas y organizaciones se unen en torno a un objetivo com\u00fan: brindar apoyo a las mujeres y los ni\u00f1os v\u00edctimas de la violencia conyugal.<\/p>\n<p>\tGracias a todos por su generosidad y confianza.\n<\/p><\/div>\n<p>&nbsp;<\/p>\n<h5>\u00a1Ustedes marcan la diferencia!<\/h5>\n<p>&nbsp;<\/p>\n<div class=\"back_bpart\" id=\"bbloc1\">\n<h3 class=\"h3_part\">SOCIOS FINANCIEROS (5 000 $ Y M\u00c1S )<\/h3>\n<div class=\"bloc_part\">\n\t\t<a href=\"https:\/\/maisondariane.ca\/es\/socios-donantes\/socios-financieros-5-000-y-mas-la-maison-dariane-casa-de-1a-etapa\/\" class=\"bloc_part_a\"><\/p>\n<div class=\"link_part\" data-part=\"bloc1\">\n\t\t\t\tLA MAISON D\u2019ARIANE<br \/>CASA DE 1<sup>A<\/sup> ETAPA<br \/>2022-2023   \/   2021-2022   \/   2020-2021\n\t\t\t<\/div>\n<p>\t\t\t<img decoding=\"async\" src=\"https:\/\/maisondariane.ca\/wp-content\/themes\/maisondariane\/assets\/images\/logo_maison_ariane.png\" alt=\"\"><br \/>\n\t\t<\/a>\n\t<\/div>\n<div class=\"bloc_part\">\n\t\t<a href=\"https:\/\/maisondariane.ca\/es\/socios-donantes\/socios-financieros-5-000-y-mas-lavenue-dariane-casa-de-2a-etapa\/\" class=\"bloc_part_a\"><\/p>\n<div class=\"link_part\" data-part=\"bloc2\">\n\t\t\t\tL\u2019AVENUE D\u2019ARIANE<br \/>CASA DE 2<sup>A<\/sup> ETAPA<br \/>2022-2023   \/   2021-2022<\/p><\/div>\n<p>\t\t\t<img decoding=\"async\" src=\"https:\/\/maisondariane.viweblocal.ca\/wp-content\/uploads\/2022\/05\/toile.jpg\" alt=\"\"><br \/>\n\t\t<\/a>\n\t<\/div>\n<\/div>\n<div class=\"back_bpart\" id=\"bbloc2\">\n<h3 class=\"h3_part\">DONANTES (500 $ A 4 999 $)<\/h3>\n<div class=\"bloc_part\">\n\t\t<a href=\"https:\/\/maisondariane.ca\/es\/socios-donantes\/donantes-500-a-4-999-la-maison-dariane-casa-de-1a-etapa\/\" class=\"bloc_part_a\"><\/p>\n<div class=\"link_part\" data-part=\"bloc3\">\n\t\t\t\tLA MAISON D\u2019ARIANE<br \/>CASA DE 1<sup>A<\/sup> ETAPA<br \/>2022-2023   \/   2021-2022   \/   2020-2021\n\t\t\t<\/div>\n<p>\t\t\t<img decoding=\"async\" src=\"https:\/\/maisondariane.ca\/wp-content\/themes\/maisondariane\/assets\/images\/logo_maison_ariane.png\" alt=\"\"><br \/>\n\t\t<\/a>\n\t<\/div>\n<div class=\"bloc_part\">\n\t\t<a href=\"https:\/\/maisondariane.ca\/es\/socios-donantes\/donantes-500-a-4-999-lavenue-dariane-casa-de-2a-etapa\/\" class=\"bloc_part_a\"><\/p>\n<div class=\"link_part\" data-part=\"bloc4\">\n\t\t\t\tL\u2019AVENUE D\u2019ARIANE<br \/>CASA DE 2<sup>A<\/sup> ETAPA<br \/>2022-2023   \/   2021-2022\n\t\t\t<\/div>\n<p>\t\t\t<img decoding=\"async\" src=\"https:\/\/maisondariane.viweblocal.ca\/wp-content\/uploads\/2022\/05\/toile.jpg\" alt=\"\"><br \/>\n\t\t<\/a>\n\t<\/div>\n<\/div>\n<div class=\"back_bpart\" id=\"bbloc3\">\n<h3 class=\"h3_part\">DONANTES EN BIENES Y SERVICIOS<\/h3>\n<div class=\"bloc_part\">\n\t\t<a href=\"https:\/\/maisondariane.ca\/es\/socios-donantes\/donantes-en-bienes-y-servicios-la-maison-dariane-casa-de-1a-etapa\/\" class=\"bloc_part_a\"><\/p>\n<div class=\"link_part\" data-part=\"bloc5\">\n\t\t\t\tLA MAISON D\u2019ARIANE<br \/>CASA DE 1<sup>A<\/sup> ETAPA<br \/>2022-2023   \/   2021-2022   \/   2020-2021\n\t\t\t<\/div>\n<p>\t\t\t<img decoding=\"async\" src=\"https:\/\/maisondariane.ca\/wp-content\/themes\/maisondariane\/assets\/images\/logo_maison_ariane.png\" alt=\"\"><br \/>\n\t\t<\/a>\n\t<\/div>\n<div class=\"bloc_part\">\n\t\t<a href=\"https:\/\/maisondariane.ca\/es\/socios-donantes\/donantes-en-bienes-y-servicios-lavenue-dariane-casa-de-2a-etapa\/\" class=\"bloc_part_a\"><\/p>\n<div class=\"link_part\" data-part=\"bloc6\">\n\t\t\t\tL\u2019AVENUE D\u2019ARIANE<br \/>CASA DE 2<sup>A<\/sup> ETAPA<br \/>2022-2023   \/   2021-2022\n\t\t\t<\/div>\n<p>\t\t\t<img decoding=\"async\" src=\"https:\/\/maisondariane.viweblocal.ca\/wp-content\/uploads\/2022\/05\/toile.jpg\" alt=\"\"><br \/>\n\t\t<\/a>\n\t<\/div>\n<\/div>\n<div class=\"back_bpart\" id=\"bbloc4\">\n<h3 class=\"h3_part\"><a href=\"https:\/\/maisondariane.ca\/es\/socios-donantes\/campana-de-financiacion-presidencia-de-honor\/\" class=\"bloc_part_a\">CAMPA\u00d1A DE FINANCIACI\u00d3N \u2013 PRESIDENCIA DE HONOR<\/a><\/h3>\n<\/div>\n<div class=\"back_bpart\" id=\"bbloc5\">\n<h3 class=\"h3_part\">SUBVENCIONES<\/h3>\n<div class=\"bloc_part\">\n\t\t<a href=\"https:\/\/maisondariane.ca\/es\/socios-donantes\/subvenciones-la-maison-dariane-casa-de-1a-etapa\/\" class=\"bloc_part_a\"><\/p>\n<div class=\"link_part\" data-part=\"bloc7\">\n\t\t\t\tLA MAISON D\u2019ARIANE<br \/>CASA DE 1<sup>A<\/sup> ETAPA\n\t\t\t<\/div>\n<p>\t\t\t<img decoding=\"async\" src=\"https:\/\/maisondariane.ca\/wp-content\/themes\/maisondariane\/assets\/images\/logo_maison_ariane.png\" alt=\"\"><br \/>\n\t\t<\/a>\n\t<\/div>\n<div class=\"bloc_part\">\n\t\t<a href=\"https:\/\/maisondariane.ca\/es\/socios-donantes\/subvenciones-lavenue-dariane-casa-de-2a-etapa\/\" class=\"bloc_part_a\"><\/p>\n<div class=\"link_part\" data-part=\"bloc8\">\n\t\t\t\tL\u2019AVENUE D\u2019ARIANE<br \/>CASA DE 2<sup>A<\/sup> ETAPA\n\t\t\t<\/div>\n<p>\t\t\t<img decoding=\"async\" src=\"https:\/\/maisondariane.viweblocal.ca\/wp-content\/uploads\/2022\/05\/toile.jpg\" alt=\"\"><br \/>\n\t\t<\/a>\n\t<\/div>\n<\/div>\n","protected":false},"excerpt":{"rendered":"<p>GRACIAS! La Maison d&#8217;Ariane desea expresar su profundo agradecimiento a todos los socios financieros, donantes que desde hace muchos a\u00f1os apoyan la realizaci\u00f3n de sus proyectos. Independientemente del nivel de su contribuci\u00f3n, estas personas y organizaciones se unen en torno a un objetivo com\u00fan: brindar apoyo a las mujeres y los ni\u00f1os v\u00edctimas de la [&hellip;]<\/p>\n","protected":false},"author":2,"featured_media":5604,"parent":0,"menu_order":0,"comment_status":"closed","ping_status":"closed","template":"","meta":{"_acf_changed":false,"inline_featured_image":false,"footnotes":""},"class_list":["post-541","page","type-page","status-publish","has-post-thumbnail","hentry"],"acf":[],"yoast_head":"<!-- This site is optimized with the Yoast SEO plugin v27.1.1 - https:\/\/yoast.com\/product\/yoast-seo-wordpress\/ -->\n<title>Socios \/ Donantes - La maison d&#039;ariane<\/title>\n<meta name=\"robots\" content=\"index, follow, max-snippet:-1, max-image-preview:large, max-video-preview:-1\" \/>\n<link rel=\"canonical\" href=\"https:\/\/maisondariane.ca\/es\/socios-donantes\/\" \/>\n<meta property=\"og:locale\" content=\"es_ES\" \/>\n<meta property=\"og:type\" content=\"article\" \/>\n<meta property=\"og:title\" content=\"Socios \/ Donantes - La maison d&#039;ariane\" \/>\n<meta property=\"og:description\" content=\"GRACIAS! La Maison d&#8217;Ariane desea expresar su profundo agradecimiento a todos los socios financieros, donantes que desde hace muchos a\u00f1os apoyan la realizaci\u00f3n de sus proyectos. Independientemente del nivel de su contribuci\u00f3n, estas personas y organizaciones se unen en torno a un objetivo com\u00fan: brindar apoyo a las mujeres y los ni\u00f1os v\u00edctimas de la [&hellip;]\" \/>\n<meta property=\"og:url\" content=\"https:\/\/maisondariane.ca\/es\/socios-donantes\/\" \/>\n<meta property=\"og:site_name\" content=\"La maison d&#039;ariane\" \/>\n<meta property=\"article:modified_time\" content=\"2022-08-17T19:22:53+00:00\" \/>\n<meta property=\"og:image\" content=\"https:\/\/maisondariane.ca\/wp-content\/themes\/maisondariane\/assets\/images\/logo_maison_ariane.png\" \/>\n<meta name=\"twitter:card\" content=\"summary_large_image\" \/>\n<meta name=\"twitter:label1\" content=\"Tiempo de lectura\" \/>\n\t<meta name=\"twitter:data1\" content=\"1 minuto\" \/>\n<script type=\"application\/ld+json\" class=\"yoast-schema-graph\">{\"@context\":\"https:\/\/schema.org\",\"@graph\":[{\"@type\":\"WebPage\",\"@id\":\"https:\/\/maisondariane.ca\/es\/socios-donantes\/\",\"url\":\"https:\/\/maisondariane.ca\/es\/socios-donantes\/\",\"name\":\"Socios \/ Donantes - La maison d&#039;ariane\",\"isPartOf\":{\"@id\":\"https:\/\/maisondariane.ca\/#website\"},\"primaryImageOfPage\":{\"@id\":\"https:\/\/maisondariane.ca\/es\/socios-donantes\/#primaryimage\"},\"image\":{\"@id\":\"https:\/\/maisondariane.ca\/es\/socios-donantes\/#primaryimage\"},\"thumbnailUrl\":\"https:\/\/maisondariane.ca\/wp-content\/uploads\/2023\/08\/p1.svg\",\"datePublished\":\"2021-12-17T19:01:06+00:00\",\"dateModified\":\"2022-08-17T19:22:53+00:00\",\"breadcrumb\":{\"@id\":\"https:\/\/maisondariane.ca\/es\/socios-donantes\/#breadcrumb\"},\"inLanguage\":\"es\",\"potentialAction\":[{\"@type\":\"ReadAction\",\"target\":[\"https:\/\/maisondariane.ca\/es\/socios-donantes\/\"]}]},{\"@type\":\"ImageObject\",\"inLanguage\":\"es\",\"@id\":\"https:\/\/maisondariane.ca\/es\/socios-donantes\/#primaryimage\",\"url\":\"https:\/\/maisondariane.ca\/wp-content\/uploads\/2023\/08\/p1.svg\",\"contentUrl\":\"https:\/\/maisondariane.ca\/wp-content\/uploads\/2023\/08\/p1.svg\"},{\"@type\":\"BreadcrumbList\",\"@id\":\"https:\/\/maisondariane.ca\/es\/socios-donantes\/#breadcrumb\",\"itemListElement\":[{\"@type\":\"ListItem\",\"position\":1,\"name\":\"Accueil\",\"item\":\"https:\/\/maisondariane.ca\/es\/\"},{\"@type\":\"ListItem\",\"position\":2,\"name\":\"Socios \/ Donantes\"}]},{\"@type\":\"WebSite\",\"@id\":\"https:\/\/maisondariane.ca\/#website\",\"url\":\"https:\/\/maisondariane.ca\/\",\"name\":\"La maison d&#039;ariane\",\"description\":\"Just another WordPress site\",\"potentialAction\":[{\"@type\":\"SearchAction\",\"target\":{\"@type\":\"EntryPoint\",\"urlTemplate\":\"https:\/\/maisondariane.ca\/?s={search_term_string}\"},\"query-input\":{\"@type\":\"PropertyValueSpecification\",\"valueRequired\":true,\"valueName\":\"search_term_string\"}}],\"inLanguage\":\"es\"}]}<\/script>\n<!-- \/ Yoast SEO plugin. -->","yoast_head_json":{"title":"Socios \/ Donantes - La maison d&#039;ariane","robots":{"index":"index","follow":"follow","max-snippet":"max-snippet:-1","max-image-preview":"max-image-preview:large","max-video-preview":"max-video-preview:-1"},"canonical":"https:\/\/maisondariane.ca\/es\/socios-donantes\/","og_locale":"es_ES","og_type":"article","og_title":"Socios \/ Donantes - La maison d&#039;ariane","og_description":"GRACIAS! La Maison d&#8217;Ariane desea expresar su profundo agradecimiento a todos los socios financieros, donantes que desde hace muchos a\u00f1os apoyan la realizaci\u00f3n de sus proyectos. Independientemente del nivel de su contribuci\u00f3n, estas personas y organizaciones se unen en torno a un objetivo com\u00fan: brindar apoyo a las mujeres y los ni\u00f1os v\u00edctimas de la [&hellip;]","og_url":"https:\/\/maisondariane.ca\/es\/socios-donantes\/","og_site_name":"La maison d&#039;ariane","article_modified_time":"2022-08-17T19:22:53+00:00","og_image":[{"url":"https:\/\/maisondariane.ca\/wp-content\/themes\/maisondariane\/assets\/images\/logo_maison_ariane.png","type":"","width":"","height":""}],"twitter_card":"summary_large_image","twitter_misc":{"Tiempo de lectura":"1 minuto"},"schema":{"@context":"https:\/\/schema.org","@graph":[{"@type":"WebPage","@id":"https:\/\/maisondariane.ca\/es\/socios-donantes\/","url":"https:\/\/maisondariane.ca\/es\/socios-donantes\/","name":"Socios \/ Donantes - La maison d&#039;ariane","isPartOf":{"@id":"https:\/\/maisondariane.ca\/#website"},"primaryImageOfPage":{"@id":"https:\/\/maisondariane.ca\/es\/socios-donantes\/#primaryimage"},"image":{"@id":"https:\/\/maisondariane.ca\/es\/socios-donantes\/#primaryimage"},"thumbnailUrl":"https:\/\/maisondariane.ca\/wp-content\/uploads\/2023\/08\/p1.svg","datePublished":"2021-12-17T19:01:06+00:00","dateModified":"2022-08-17T19:22:53+00:00","breadcrumb":{"@id":"https:\/\/maisondariane.ca\/es\/socios-donantes\/#breadcrumb"},"inLanguage":"es","potentialAction":[{"@type":"ReadAction","target":["https:\/\/maisondariane.ca\/es\/socios-donantes\/"]}]},{"@type":"ImageObject","inLanguage":"es","@id":"https:\/\/maisondariane.ca\/es\/socios-donantes\/#primaryimage","url":"https:\/\/maisondariane.ca\/wp-content\/uploads\/2023\/08\/p1.svg","contentUrl":"https:\/\/maisondariane.ca\/wp-content\/uploads\/2023\/08\/p1.svg"},{"@type":"BreadcrumbList","@id":"https:\/\/maisondariane.ca\/es\/socios-donantes\/#breadcrumb","itemListElement":[{"@type":"ListItem","position":1,"name":"Accueil","item":"https:\/\/maisondariane.ca\/es\/"},{"@type":"ListItem","position":2,"name":"Socios \/ Donantes"}]},{"@type":"WebSite","@id":"https:\/\/maisondariane.ca\/#website","url":"https:\/\/maisondariane.ca\/","name":"La maison d&#039;ariane","description":"Just another WordPress site","potentialAction":[{"@type":"SearchAction","target":{"@type":"EntryPoint","urlTemplate":"https:\/\/maisondariane.ca\/?s={search_term_string}"},"query-input":{"@type":"PropertyValueSpecification","valueRequired":true,"valueName":"search_term_string"}}],"inLanguage":"es"}]}},"_links":{"self":[{"href":"https:\/\/maisondariane.ca\/es\/wp-json\/wp\/v2\/pages\/541","targetHints":{"allow":["GET"]}}],"collection":[{"href":"https:\/\/maisondariane.ca\/es\/wp-json\/wp\/v2\/pages"}],"about":[{"href":"https:\/\/maisondariane.ca\/es\/wp-json\/wp\/v2\/types\/page"}],"author":[{"embeddable":true,"href":"https:\/\/maisondariane.ca\/es\/wp-json\/wp\/v2\/users\/2"}],"replies":[{"embeddable":true,"href":"https:\/\/maisondariane.ca\/es\/wp-json\/wp\/v2\/comments?post=541"}],"version-history":[{"count":14,"href":"https:\/\/maisondariane.ca\/es\/wp-json\/wp\/v2\/pages\/541\/revisions"}],"predecessor-version":[{"id":1960,"href":"https:\/\/maisondariane.ca\/es\/wp-json\/wp\/v2\/pages\/541\/revisions\/1960"}],"wp:featuredmedia":[{"embeddable":true,"href":"https:\/\/maisondariane.ca\/es\/wp-json\/wp\/v2\/media\/5604"}],"wp:attachment":[{"href":"https:\/\/maisondariane.ca\/es\/wp-json\/wp\/v2\/media?parent=541"}],"curies":[{"name":"wp","href":"https:\/\/api.w.org\/{rel}","templated":true}]}}