{"id":523,"date":"2021-12-17T18:48:59","date_gmt":"2021-12-17T18:48:59","guid":{"rendered":"https:\/\/maisondariane.viweblocal.ca\/?page_id=523"},"modified":"2023-11-17T07:05:44","modified_gmt":"2023-11-17T12:05:44","slug":"contactarnos","status":"publish","type":"page","link":"https:\/\/maisondariane.ca\/es\/contactarnos\/","title":{"rendered":"Contactarnos"},"content":{"rendered":"<div class=\"row\">\n<div class=\"col-12\">\n\t\tTodos los servicios son gratuitos, confidenciales y an\u00f3nimos &#8211; Servicios para mujeres y ni\u00f1os<\/p>\n<h5 class=\"text-center mt-5\"><strong>Nuestros datos de contacto<\/strong><\/h5>\n<div class=\"row\">\n<div class=\"col-md-4 offset-md-2\">\n<div class=\"mt-4 row align-items-center\">\n<div class=\"col-3\"><img decoding=\"async\" src=\"\/wp-content\/uploads\/2023\/05\/maison-ic.png\"><\/div>\n<div class=\"col-9\">La Maison d\u2019Ariane<br \/>C.P. 35, succ. Centre-Ville<br \/>Saint-J\u00e9r\u00f4me (QC) J7Z 5T7<\/div>\n<\/p><\/div>\n<\/p><\/div>\n<div class=\"col-md-4\">\n<div class=\"mt-4 row align-items-center height100\">\n<div class=\"col-3\"><img decoding=\"async\" src=\"\/wp-content\/uploads\/2023\/05\/phone-ic.png\"><\/div>\n<div class=\"col-9\">Tel\u00e9fono : (450) 432-9355<br \/>Fax : (450) 432-8005<\/div>\n<\/p><\/div>\n<\/p><\/div>\n<\/p><\/div>\n<div class=\"my-4 row align-items-center\">\n<div class=\"col-12\">Para emergencias inmediatas, llame al 911.<\/div>\n<\/p><\/div>\n<\/p><\/div>\n<div class=\"col-md-8\">\n\t<\/div>\n<\/div>\n","protected":false},"excerpt":{"rendered":"<p>Todos los servicios son gratuitos, confidenciales y an\u00f3nimos &#8211; Servicios para mujeres y ni\u00f1os Nuestros datos de contacto La Maison d\u2019ArianeC.P. 35, succ. Centre-VilleSaint-J\u00e9r\u00f4me (QC) J7Z 5T7 Tel\u00e9fono : (450) 432-9355Fax : (450) 432-8005 Para emergencias inmediatas, llame al 911.<\/p>\n","protected":false},"author":2,"featured_media":5460,"parent":0,"menu_order":0,"comment_status":"closed","ping_status":"closed","template":"","meta":{"_acf_changed":false,"inline_featured_image":false,"footnotes":""},"class_list":["post-523","page","type-page","status-publish","has-post-thumbnail","hentry"],"acf":[],"yoast_head":"<!-- This site is optimized with the Yoast SEO plugin v27.1.1 - https:\/\/yoast.com\/product\/yoast-seo-wordpress\/ -->\n<title>Contactarnos - La maison d&#039;ariane<\/title>\n<meta name=\"robots\" content=\"index, follow, max-snippet:-1, max-image-preview:large, max-video-preview:-1\" \/>\n<link rel=\"canonical\" href=\"https:\/\/maisondariane.ca\/es\/contactarnos\/\" \/>\n<meta property=\"og:locale\" content=\"es_ES\" \/>\n<meta property=\"og:type\" content=\"article\" \/>\n<meta property=\"og:title\" content=\"Contactarnos - La maison d&#039;ariane\" \/>\n<meta property=\"og:description\" content=\"Todos los servicios son gratuitos, confidenciales y an\u00f3nimos &#8211; Servicios para mujeres y ni\u00f1os Nuestros datos de contacto La Maison d\u2019ArianeC.P. 35, succ. Centre-VilleSaint-J\u00e9r\u00f4me (QC) J7Z 5T7 Tel\u00e9fono : (450) 432-9355Fax : (450) 432-8005 Para emergencias inmediatas, llame al 911.\" \/>\n<meta property=\"og:url\" content=\"https:\/\/maisondariane.ca\/es\/contactarnos\/\" \/>\n<meta property=\"og:site_name\" content=\"La maison d&#039;ariane\" \/>\n<meta property=\"article:modified_time\" content=\"2023-11-17T12:05:44+00:00\" \/>\n<meta name=\"twitter:card\" content=\"summary_large_image\" \/>\n<meta name=\"twitter:label1\" content=\"Tiempo de lectura\" \/>\n\t<meta name=\"twitter:data1\" content=\"2 minutos\" \/>\n<script type=\"application\/ld+json\" class=\"yoast-schema-graph\">{\"@context\":\"https:\/\/schema.org\",\"@graph\":[{\"@type\":\"WebPage\",\"@id\":\"https:\/\/maisondariane.ca\/es\/contactarnos\/\",\"url\":\"https:\/\/maisondariane.ca\/es\/contactarnos\/\",\"name\":\"Contactarnos - La maison d&#039;ariane\",\"isPartOf\":{\"@id\":\"https:\/\/maisondariane.ca\/#website\"},\"primaryImageOfPage\":{\"@id\":\"https:\/\/maisondariane.ca\/es\/contactarnos\/#primaryimage\"},\"image\":{\"@id\":\"https:\/\/maisondariane.ca\/es\/contactarnos\/#primaryimage\"},\"thumbnailUrl\":\"https:\/\/maisondariane.ca\/wp-content\/uploads\/2023\/07\/Nous-joindre-3-es.svg\",\"datePublished\":\"2021-12-17T18:48:59+00:00\",\"dateModified\":\"2023-11-17T12:05:44+00:00\",\"breadcrumb\":{\"@id\":\"https:\/\/maisondariane.ca\/es\/contactarnos\/#breadcrumb\"},\"inLanguage\":\"es\",\"potentialAction\":[{\"@type\":\"ReadAction\",\"target\":[\"https:\/\/maisondariane.ca\/es\/contactarnos\/\"]}]},{\"@type\":\"ImageObject\",\"inLanguage\":\"es\",\"@id\":\"https:\/\/maisondariane.ca\/es\/contactarnos\/#primaryimage\",\"url\":\"https:\/\/maisondariane.ca\/wp-content\/uploads\/2023\/07\/Nous-joindre-3-es.svg\",\"contentUrl\":\"https:\/\/maisondariane.ca\/wp-content\/uploads\/2023\/07\/Nous-joindre-3-es.svg\",\"width\":1900,\"height\":430},{\"@type\":\"BreadcrumbList\",\"@id\":\"https:\/\/maisondariane.ca\/es\/contactarnos\/#breadcrumb\",\"itemListElement\":[{\"@type\":\"ListItem\",\"position\":1,\"name\":\"Accueil\",\"item\":\"https:\/\/maisondariane.ca\/es\/\"},{\"@type\":\"ListItem\",\"position\":2,\"name\":\"Contactarnos\"}]},{\"@type\":\"WebSite\",\"@id\":\"https:\/\/maisondariane.ca\/#website\",\"url\":\"https:\/\/maisondariane.ca\/\",\"name\":\"La maison d&#039;ariane\",\"description\":\"Just another WordPress site\",\"potentialAction\":[{\"@type\":\"SearchAction\",\"target\":{\"@type\":\"EntryPoint\",\"urlTemplate\":\"https:\/\/maisondariane.ca\/?s={search_term_string}\"},\"query-input\":{\"@type\":\"PropertyValueSpecification\",\"valueRequired\":true,\"valueName\":\"search_term_string\"}}],\"inLanguage\":\"es\"}]}<\/script>\n<!-- \/ Yoast SEO plugin. -->","yoast_head_json":{"title":"Contactarnos - La maison d&#039;ariane","robots":{"index":"index","follow":"follow","max-snippet":"max-snippet:-1","max-image-preview":"max-image-preview:large","max-video-preview":"max-video-preview:-1"},"canonical":"https:\/\/maisondariane.ca\/es\/contactarnos\/","og_locale":"es_ES","og_type":"article","og_title":"Contactarnos - La maison d&#039;ariane","og_description":"Todos los servicios son gratuitos, confidenciales y an\u00f3nimos &#8211; Servicios para mujeres y ni\u00f1os Nuestros datos de contacto La Maison d\u2019ArianeC.P. 35, succ. Centre-VilleSaint-J\u00e9r\u00f4me (QC) J7Z 5T7 Tel\u00e9fono : (450) 432-9355Fax : (450) 432-8005 Para emergencias inmediatas, llame al 911.","og_url":"https:\/\/maisondariane.ca\/es\/contactarnos\/","og_site_name":"La maison d&#039;ariane","article_modified_time":"2023-11-17T12:05:44+00:00","twitter_card":"summary_large_image","twitter_misc":{"Tiempo de lectura":"2 minutos"},"schema":{"@context":"https:\/\/schema.org","@graph":[{"@type":"WebPage","@id":"https:\/\/maisondariane.ca\/es\/contactarnos\/","url":"https:\/\/maisondariane.ca\/es\/contactarnos\/","name":"Contactarnos - La maison d&#039;ariane","isPartOf":{"@id":"https:\/\/maisondariane.ca\/#website"},"primaryImageOfPage":{"@id":"https:\/\/maisondariane.ca\/es\/contactarnos\/#primaryimage"},"image":{"@id":"https:\/\/maisondariane.ca\/es\/contactarnos\/#primaryimage"},"thumbnailUrl":"https:\/\/maisondariane.ca\/wp-content\/uploads\/2023\/07\/Nous-joindre-3-es.svg","datePublished":"2021-12-17T18:48:59+00:00","dateModified":"2023-11-17T12:05:44+00:00","breadcrumb":{"@id":"https:\/\/maisondariane.ca\/es\/contactarnos\/#breadcrumb"},"inLanguage":"es","potentialAction":[{"@type":"ReadAction","target":["https:\/\/maisondariane.ca\/es\/contactarnos\/"]}]},{"@type":"ImageObject","inLanguage":"es","@id":"https:\/\/maisondariane.ca\/es\/contactarnos\/#primaryimage","url":"https:\/\/maisondariane.ca\/wp-content\/uploads\/2023\/07\/Nous-joindre-3-es.svg","contentUrl":"https:\/\/maisondariane.ca\/wp-content\/uploads\/2023\/07\/Nous-joindre-3-es.svg","width":1900,"height":430},{"@type":"BreadcrumbList","@id":"https:\/\/maisondariane.ca\/es\/contactarnos\/#breadcrumb","itemListElement":[{"@type":"ListItem","position":1,"name":"Accueil","item":"https:\/\/maisondariane.ca\/es\/"},{"@type":"ListItem","position":2,"name":"Contactarnos"}]},{"@type":"WebSite","@id":"https:\/\/maisondariane.ca\/#website","url":"https:\/\/maisondariane.ca\/","name":"La maison d&#039;ariane","description":"Just another WordPress site","potentialAction":[{"@type":"SearchAction","target":{"@type":"EntryPoint","urlTemplate":"https:\/\/maisondariane.ca\/?s={search_term_string}"},"query-input":{"@type":"PropertyValueSpecification","valueRequired":true,"valueName":"search_term_string"}}],"inLanguage":"es"}]}},"_links":{"self":[{"href":"https:\/\/maisondariane.ca\/es\/wp-json\/wp\/v2\/pages\/523","targetHints":{"allow":["GET"]}}],"collection":[{"href":"https:\/\/maisondariane.ca\/es\/wp-json\/wp\/v2\/pages"}],"about":[{"href":"https:\/\/maisondariane.ca\/es\/wp-json\/wp\/v2\/types\/page"}],"author":[{"embeddable":true,"href":"https:\/\/maisondariane.ca\/es\/wp-json\/wp\/v2\/users\/2"}],"replies":[{"embeddable":true,"href":"https:\/\/maisondariane.ca\/es\/wp-json\/wp\/v2\/comments?post=523"}],"version-history":[{"count":17,"href":"https:\/\/maisondariane.ca\/es\/wp-json\/wp\/v2\/pages\/523\/revisions"}],"predecessor-version":[{"id":5891,"href":"https:\/\/maisondariane.ca\/es\/wp-json\/wp\/v2\/pages\/523\/revisions\/5891"}],"wp:featuredmedia":[{"embeddable":true,"href":"https:\/\/maisondariane.ca\/es\/wp-json\/wp\/v2\/media\/5460"}],"wp:attachment":[{"href":"https:\/\/maisondariane.ca\/es\/wp-json\/wp\/v2\/media?parent=523"}],"curies":[{"name":"wp","href":"https:\/\/api.w.org\/{rel}","templated":true}]}}