{"id":518,"date":"2021-12-17T18:41:54","date_gmt":"2021-12-17T18:41:54","guid":{"rendered":"https:\/\/maisondariane.viweblocal.ca\/?page_id=518"},"modified":"2022-08-17T07:56:37","modified_gmt":"2022-08-17T11:56:37","slug":"preguntas-sobre-nuestros-servicios","status":"publish","type":"page","link":"https:\/\/maisondariane.ca\/es\/preguntas-sobre-nuestros-servicios\/","title":{"rendered":"PREGUNTAS SOBRE NUESTROS SERVICIOS"},"content":{"rendered":"<ul class=\"list-with-icon\">\n<li>\n<h5 class=\"small-title\">\u00bfCU\u00c1NTO CUESTA EL ALOJAMIENTO?<\/h5>\n<p>Todos nuestros servicios son gratuitos.<\/li>\n<li>\n<h5 class=\"small-title\">CU\u00c1NTO TIEMPO PUEDO QUEDARME?<\/h5>\n<p>Cada mujer es \u00fanica, por lo que la duraci\u00f3n de las estancias var\u00eda.<\/li>\n<li>\n<h5 class=\"small-title\">\u00bfPUEDE VENIR A VISITARME MI MEJOR AMIGA?<\/h5>\n<p>Como medida de seguridad para las residentes, sus hijos y las trabajadoras de la Casa, la direcci\u00f3n es confidencial, y es muy importante para nosotros. Por el mismo hecho, nadie puede venir a casa, salvo los ni\u00f1os menores de edad. Sin embargo, los encuentros externos son posibles y fomentados para conservar los valiosos v\u00ednculos y el apoyo.<\/li>\n<li>\n<h5 class=\"small-title\">\u00bfPUEDO IR A TRABAJAR DE TODOS MODOS?<\/h5>\n<p>Por supuesto, eres libre de ir a trabajar y\/o salir.<\/li>\n<li>\n<h5 class=\"small-title\">\u00bfPUEDEN MIS HIJOS VENIR CONMIGO?<\/h5>\n<p>S\u00ed, somos una casa que acoge a mujeres y ni\u00f1os.<\/li>\n<li>\n<h5 class=\"small-title\">\u00bfQU\u00c9 DEBO LLEVAR CONMIGO?<\/h5>\n<p>Lo m\u00e1s importante es tu seguridad y la de tus hijos.<br \/>\nSin embargo, si la situaci\u00f3n lo permite, es \u00fatil tener:<\/p>\n<ul>\n<li>Tu equipo de ba\u00f1o: champ\u00fa, jab\u00f3n, etc.<\/li>\n<li>Tus papeles importantes como certificado de nacimiento, impuestos, tarjetas de identidad.<\/li>\n<li>Los efectos personales que m\u00e1s te importan, que tienen un significado especial para ti. Estos efectos no deben ser demasiado grandes y la cantidad debe ser limitada.<\/li>\n<\/ul>\n<\/li>\n<li>\n<h5 class=\"small-title\">\u00bfTENGO QUE COMPARTIR MI HABITACI\u00d3N CON OTRA MUJER?<\/h5>\n<p>No, cada mujer (o familia) tiene su propia habitaci\u00f3n.<\/li>\n<li>\n<h5 class=\"small-title\">\u00bfHAY ALGUIEN INCLUSO DE NOCHE?<\/h5>\n<p>S\u00ed, hay una trabajadora acompa\u00f1ante disponible toda la noche, tanto en casa como para contestar el tel\u00e9fono.<\/li>\n<li>\n<h5 class=\"small-title\">\u00bfC\u00d3MO OBTENER ALOJAMIENTO?<\/h5>\n<p>Cuando llames a la Casa de Ariadna al 450 432-9355, una trabajadora te explicar\u00e1 c\u00f3mo funciona.<\/li>\n<li>\n<h5 class=\"small-title\">\u00bfSI LES LLAMO, TENGO QUE IR AL ALOJAMIENTO?<\/h5>\n<p>De ninguna manera. Ofrecemos soporte telef\u00f3nico, encuentros externos y acompa\u00f1amiento en el marco de tr\u00e1mites legales.<\/li>\n<li>\n<h5 class=\"small-title\">\u00bfSI MI C\u00d3NYUGE NO ME HA GOLPEADO, PUEDO TENER AYUDA?<\/h5>\n<p>S\u00ed, puesto que existen varias formas de violencia, entre ellas verbal, psicol\u00f3gica, econ\u00f3mica, sexual.<\/li>\n<li>\n<h5 class=\"small-title\">TENGO MIEDO DE TOMAR EL LUGAR DE OTRA MUJER NECESITADA.<\/h5>\n<p>Tienes tu lugar, lo necesitas.<\/li>\n<li>\n<h5 class=\"small-title\">\u00bfC\u00d3MO PUEDO SABER SI REALMENTE VIVO LA VIOLENCIA DOM\u00c9STICA?<\/h5>\n<p>Si tienes miedo de tu c\u00f3nyuge, si temes sus reacciones, si no te sientes respetada en tu relaci\u00f3n es probable que vivas violencia dom\u00e9stica. Si tienes alguna duda, ll\u00e1manos y te ayudaremos a aclarar las cosas.<\/li>\n<li>\n<h5 class=\"small-title\">NO QUIERO PRESENTAR DENUNCIA. \u00bfPUEDO IR A SU CASA? <\/h5>\n<p>As\u00ed es. Cada mujer es \u00fanica y cada una emprende su desvictimizaci\u00f3n a su propio ritmo y seg\u00fan sus propias estrategias.<\/li>\n<\/ul>\n","protected":false},"excerpt":{"rendered":"<p>\u00bfCU\u00c1NTO CUESTA EL ALOJAMIENTO? Todos nuestros servicios son gratuitos. CU\u00c1NTO TIEMPO PUEDO QUEDARME? Cada mujer es \u00fanica, por lo que la duraci\u00f3n de las estancias var\u00eda. \u00bfPUEDE VENIR A VISITARME MI MEJOR AMIGA? Como medida de seguridad para las residentes, sus hijos y las trabajadoras de la Casa, la direcci\u00f3n es confidencial, y es muy [&hellip;]<\/p>\n","protected":false},"author":2,"featured_media":0,"parent":0,"menu_order":0,"comment_status":"closed","ping_status":"closed","template":"","meta":{"_acf_changed":false,"inline_featured_image":false,"footnotes":""},"class_list":["post-518","page","type-page","status-publish","hentry"],"acf":[],"yoast_head":"<!-- This site is optimized with the Yoast SEO plugin v27.1.1 - https:\/\/yoast.com\/product\/yoast-seo-wordpress\/ -->\n<title>PREGUNTAS SOBRE NUESTROS SERVICIOS - La maison d&#039;ariane<\/title>\n<meta name=\"robots\" content=\"index, follow, max-snippet:-1, max-image-preview:large, max-video-preview:-1\" \/>\n<link rel=\"canonical\" href=\"https:\/\/maisondariane.ca\/es\/preguntas-sobre-nuestros-servicios\/\" \/>\n<meta property=\"og:locale\" content=\"es_ES\" \/>\n<meta property=\"og:type\" content=\"article\" \/>\n<meta property=\"og:title\" content=\"PREGUNTAS SOBRE NUESTROS SERVICIOS - La maison d&#039;ariane\" \/>\n<meta property=\"og:description\" content=\"\u00bfCU\u00c1NTO CUESTA EL ALOJAMIENTO? Todos nuestros servicios son gratuitos. CU\u00c1NTO TIEMPO PUEDO QUEDARME? Cada mujer es \u00fanica, por lo que la duraci\u00f3n de las estancias var\u00eda. \u00bfPUEDE VENIR A VISITARME MI MEJOR AMIGA? Como medida de seguridad para las residentes, sus hijos y las trabajadoras de la Casa, la direcci\u00f3n es confidencial, y es muy [&hellip;]\" \/>\n<meta property=\"og:url\" content=\"https:\/\/maisondariane.ca\/es\/preguntas-sobre-nuestros-servicios\/\" \/>\n<meta property=\"og:site_name\" content=\"La maison d&#039;ariane\" \/>\n<meta property=\"article:modified_time\" content=\"2022-08-17T11:56:37+00:00\" \/>\n<meta name=\"twitter:card\" content=\"summary_large_image\" \/>\n<meta name=\"twitter:label1\" content=\"Tiempo de lectura\" \/>\n\t<meta name=\"twitter:data1\" content=\"2 minutos\" \/>\n<script type=\"application\/ld+json\" class=\"yoast-schema-graph\">{\"@context\":\"https:\/\/schema.org\",\"@graph\":[{\"@type\":\"WebPage\",\"@id\":\"https:\/\/maisondariane.ca\/es\/preguntas-sobre-nuestros-servicios\/\",\"url\":\"https:\/\/maisondariane.ca\/es\/preguntas-sobre-nuestros-servicios\/\",\"name\":\"PREGUNTAS SOBRE NUESTROS SERVICIOS - La maison d&#039;ariane\",\"isPartOf\":{\"@id\":\"https:\/\/maisondariane.ca\/#website\"},\"datePublished\":\"2021-12-17T18:41:54+00:00\",\"dateModified\":\"2022-08-17T11:56:37+00:00\",\"breadcrumb\":{\"@id\":\"https:\/\/maisondariane.ca\/es\/preguntas-sobre-nuestros-servicios\/#breadcrumb\"},\"inLanguage\":\"es\",\"potentialAction\":[{\"@type\":\"ReadAction\",\"target\":[\"https:\/\/maisondariane.ca\/es\/preguntas-sobre-nuestros-servicios\/\"]}]},{\"@type\":\"BreadcrumbList\",\"@id\":\"https:\/\/maisondariane.ca\/es\/preguntas-sobre-nuestros-servicios\/#breadcrumb\",\"itemListElement\":[{\"@type\":\"ListItem\",\"position\":1,\"name\":\"Accueil\",\"item\":\"https:\/\/maisondariane.ca\/es\/\"},{\"@type\":\"ListItem\",\"position\":2,\"name\":\"PREGUNTAS SOBRE NUESTROS SERVICIOS\"}]},{\"@type\":\"WebSite\",\"@id\":\"https:\/\/maisondariane.ca\/#website\",\"url\":\"https:\/\/maisondariane.ca\/\",\"name\":\"La maison d&#039;ariane\",\"description\":\"Just another WordPress site\",\"potentialAction\":[{\"@type\":\"SearchAction\",\"target\":{\"@type\":\"EntryPoint\",\"urlTemplate\":\"https:\/\/maisondariane.ca\/?s={search_term_string}\"},\"query-input\":{\"@type\":\"PropertyValueSpecification\",\"valueRequired\":true,\"valueName\":\"search_term_string\"}}],\"inLanguage\":\"es\"}]}<\/script>\n<!-- \/ Yoast SEO plugin. -->","yoast_head_json":{"title":"PREGUNTAS SOBRE NUESTROS SERVICIOS - La maison d&#039;ariane","robots":{"index":"index","follow":"follow","max-snippet":"max-snippet:-1","max-image-preview":"max-image-preview:large","max-video-preview":"max-video-preview:-1"},"canonical":"https:\/\/maisondariane.ca\/es\/preguntas-sobre-nuestros-servicios\/","og_locale":"es_ES","og_type":"article","og_title":"PREGUNTAS SOBRE NUESTROS SERVICIOS - La maison d&#039;ariane","og_description":"\u00bfCU\u00c1NTO CUESTA EL ALOJAMIENTO? Todos nuestros servicios son gratuitos. CU\u00c1NTO TIEMPO PUEDO QUEDARME? Cada mujer es \u00fanica, por lo que la duraci\u00f3n de las estancias var\u00eda. \u00bfPUEDE VENIR A VISITARME MI MEJOR AMIGA? Como medida de seguridad para las residentes, sus hijos y las trabajadoras de la Casa, la direcci\u00f3n es confidencial, y es muy [&hellip;]","og_url":"https:\/\/maisondariane.ca\/es\/preguntas-sobre-nuestros-servicios\/","og_site_name":"La maison d&#039;ariane","article_modified_time":"2022-08-17T11:56:37+00:00","twitter_card":"summary_large_image","twitter_misc":{"Tiempo de lectura":"2 minutos"},"schema":{"@context":"https:\/\/schema.org","@graph":[{"@type":"WebPage","@id":"https:\/\/maisondariane.ca\/es\/preguntas-sobre-nuestros-servicios\/","url":"https:\/\/maisondariane.ca\/es\/preguntas-sobre-nuestros-servicios\/","name":"PREGUNTAS SOBRE NUESTROS SERVICIOS - La maison d&#039;ariane","isPartOf":{"@id":"https:\/\/maisondariane.ca\/#website"},"datePublished":"2021-12-17T18:41:54+00:00","dateModified":"2022-08-17T11:56:37+00:00","breadcrumb":{"@id":"https:\/\/maisondariane.ca\/es\/preguntas-sobre-nuestros-servicios\/#breadcrumb"},"inLanguage":"es","potentialAction":[{"@type":"ReadAction","target":["https:\/\/maisondariane.ca\/es\/preguntas-sobre-nuestros-servicios\/"]}]},{"@type":"BreadcrumbList","@id":"https:\/\/maisondariane.ca\/es\/preguntas-sobre-nuestros-servicios\/#breadcrumb","itemListElement":[{"@type":"ListItem","position":1,"name":"Accueil","item":"https:\/\/maisondariane.ca\/es\/"},{"@type":"ListItem","position":2,"name":"PREGUNTAS SOBRE NUESTROS SERVICIOS"}]},{"@type":"WebSite","@id":"https:\/\/maisondariane.ca\/#website","url":"https:\/\/maisondariane.ca\/","name":"La maison d&#039;ariane","description":"Just another WordPress site","potentialAction":[{"@type":"SearchAction","target":{"@type":"EntryPoint","urlTemplate":"https:\/\/maisondariane.ca\/?s={search_term_string}"},"query-input":{"@type":"PropertyValueSpecification","valueRequired":true,"valueName":"search_term_string"}}],"inLanguage":"es"}]}},"_links":{"self":[{"href":"https:\/\/maisondariane.ca\/es\/wp-json\/wp\/v2\/pages\/518","targetHints":{"allow":["GET"]}}],"collection":[{"href":"https:\/\/maisondariane.ca\/es\/wp-json\/wp\/v2\/pages"}],"about":[{"href":"https:\/\/maisondariane.ca\/es\/wp-json\/wp\/v2\/types\/page"}],"author":[{"embeddable":true,"href":"https:\/\/maisondariane.ca\/es\/wp-json\/wp\/v2\/users\/2"}],"replies":[{"embeddable":true,"href":"https:\/\/maisondariane.ca\/es\/wp-json\/wp\/v2\/comments?post=518"}],"version-history":[{"count":5,"href":"https:\/\/maisondariane.ca\/es\/wp-json\/wp\/v2\/pages\/518\/revisions"}],"predecessor-version":[{"id":1895,"href":"https:\/\/maisondariane.ca\/es\/wp-json\/wp\/v2\/pages\/518\/revisions\/1895"}],"wp:attachment":[{"href":"https:\/\/maisondariane.ca\/es\/wp-json\/wp\/v2\/media?parent=518"}],"curies":[{"name":"wp","href":"https:\/\/api.w.org\/{rel}","templated":true}]}}