{"id":479,"date":"2021-12-17T17:55:51","date_gmt":"2021-12-17T17:55:51","guid":{"rendered":"https:\/\/maisondariane.viweblocal.ca\/?page_id=479"},"modified":"2022-01-27T19:02:38","modified_gmt":"2022-01-27T19:02:38","slug":"testimonios-de-jovenes","status":"publish","type":"page","link":"https:\/\/maisondariane.ca\/es\/juventud\/testimonios-de-jovenes\/","title":{"rendered":"Testimonios juveniles"},"content":{"rendered":"<div class=\"table-responsive\">\n<table class=\"table table-bordered\">\n<tr>\n<td class=\"col-sm-6\">\u00ab Mi padre siempre le dice a mi madre que baje la voz cuando ni siquiera habla alto. Yo creo que eso es violencia. \u00bb<br \/>\n<strong>J\u00e9r\u00e9mie<\/strong><br \/>\n9 a\u00f1os<\/td>\n<td class=\"col-sm-6\">\u00ab Mi padre le dice a mi madre: vete, pero no te dar\u00e9 ni un centavo. \u00bb<br \/>\n<strong>Val\u00e9rie<\/strong><br \/>\n12 a\u00f1os<\/td>\n<\/tr>\n<tr>\n<td class=\"col-sm-6\">\u00ab Mi padre nunca se equivocaba&#8230; siempre ten\u00eda raz\u00f3n. \u00bb<br \/>\n<strong>Jason<\/strong><br \/>\n7 a\u00f1os<\/td>\n<td class=\"col-sm-6\">\u00ab Al principio, el nuevo novio de mi madre le gritaba cada semana, ahora es d\u00eda a d\u00eda. \u00bb<br \/>\n<strong>Vanessa<\/strong><br \/>\n11 a\u00f1os<\/td>\n<\/tr>\n<tr>\n<td class=\"col-sm-6\">\u00ab Al principio mis padres se peleaban mucho&#8230; mi madre no era capaz de meterse con mi padre, as\u00ed que se iba a casa de sus padres. Un d\u00eda, mi madre nos recogi\u00f3 a m\u00ed y a mi hermano en la escuela y fuimos directamente a casa de mis abuelos. Mi otro hermano y mi hermana ya estaban all\u00ed. Esa noche mi padre hab\u00eda amenazado a mi madre con llamar a la polic\u00eda. Despu\u00e9s fuimos a la Casa de Ariadna y tuve un seguimiento con una joven trabajadora acompa\u00f1ante. Para m\u00ed es alguien en quien puedo confiar, alguien con quien puedo hablar de mis emociones y que me puede dar trucos. \u00bb<br \/>\n<strong>Hugo<\/strong><br \/>\n9 a\u00f1os<\/td>\n<td class=\"col-sm-6\">\u00ab Mi madre nunca tiene dinero&#8230; su novio lo gasta todo en cerveza. No tiene dinero para ir a tomar un caf\u00e9 con sus amigas. \u00bb<br \/>\n<strong>Bianca<\/strong><br \/>\n14 a\u00f1os<\/td>\n<\/tr>\n<tr>\n<td class=\"col-sm-6\">\u00ab Mi padre le dice palabras desagradables a mi madre todo el d\u00eda. Por la noche, intenta besarla y ella no quiere&#8230; la entiendo. \u00bb<br \/>\n<strong>Pascale<\/strong><br \/>\n6 a\u00f1os<\/td>\n<td class=\"col-sm-6\"><\/td>\n<\/tr>\n<\/table>\n<\/div>\n","protected":false},"excerpt":{"rendered":"<p>\u00ab Mi padre siempre le dice a mi madre que baje la voz cuando ni siquiera habla alto. Yo creo que eso es violencia. \u00bb J\u00e9r\u00e9mie 9 a\u00f1os \u00ab Mi padre le dice a mi madre: vete, pero no te dar\u00e9 ni un centavo. \u00bb Val\u00e9rie 12 a\u00f1os \u00ab Mi padre nunca se equivocaba&#8230; siempre [&hellip;]<\/p>\n","protected":false},"author":2,"featured_media":0,"parent":471,"menu_order":0,"comment_status":"closed","ping_status":"closed","template":"","meta":{"_acf_changed":false,"inline_featured_image":false,"footnotes":""},"class_list":["post-479","page","type-page","status-publish","hentry"],"acf":[],"yoast_head":"<!-- This site is optimized with the Yoast SEO plugin v27.1.1 - https:\/\/yoast.com\/product\/yoast-seo-wordpress\/ -->\n<title>Testimonios juveniles - La maison d&#039;ariane<\/title>\n<meta name=\"robots\" content=\"index, follow, max-snippet:-1, max-image-preview:large, max-video-preview:-1\" \/>\n<link rel=\"canonical\" href=\"https:\/\/maisondariane.ca\/es\/juventud\/testimonios-de-jovenes\/\" \/>\n<meta property=\"og:locale\" content=\"es_ES\" \/>\n<meta property=\"og:type\" content=\"article\" \/>\n<meta property=\"og:title\" content=\"Testimonios juveniles - La maison d&#039;ariane\" \/>\n<meta property=\"og:description\" content=\"\u00ab Mi padre siempre le dice a mi madre que baje la voz cuando ni siquiera habla alto. Yo creo que eso es violencia. \u00bb J\u00e9r\u00e9mie 9 a\u00f1os \u00ab Mi padre le dice a mi madre: vete, pero no te dar\u00e9 ni un centavo. \u00bb Val\u00e9rie 12 a\u00f1os \u00ab Mi padre nunca se equivocaba&#8230; siempre [&hellip;]\" \/>\n<meta property=\"og:url\" content=\"https:\/\/maisondariane.ca\/es\/juventud\/testimonios-de-jovenes\/\" \/>\n<meta property=\"og:site_name\" content=\"La maison d&#039;ariane\" \/>\n<meta property=\"article:modified_time\" content=\"2022-01-27T19:02:38+00:00\" \/>\n<meta name=\"twitter:card\" content=\"summary_large_image\" \/>\n<meta name=\"twitter:label1\" content=\"Tiempo de lectura\" \/>\n\t<meta name=\"twitter:data1\" content=\"1 minuto\" \/>\n<script type=\"application\/ld+json\" class=\"yoast-schema-graph\">{\"@context\":\"https:\/\/schema.org\",\"@graph\":[{\"@type\":\"WebPage\",\"@id\":\"https:\/\/maisondariane.ca\/es\/juventud\/testimonios-de-jovenes\/\",\"url\":\"https:\/\/maisondariane.ca\/es\/juventud\/testimonios-de-jovenes\/\",\"name\":\"Testimonios juveniles - La maison d&#039;ariane\",\"isPartOf\":{\"@id\":\"https:\/\/maisondariane.ca\/#website\"},\"datePublished\":\"2021-12-17T17:55:51+00:00\",\"dateModified\":\"2022-01-27T19:02:38+00:00\",\"breadcrumb\":{\"@id\":\"https:\/\/maisondariane.ca\/es\/juventud\/testimonios-de-jovenes\/#breadcrumb\"},\"inLanguage\":\"es\",\"potentialAction\":[{\"@type\":\"ReadAction\",\"target\":[\"https:\/\/maisondariane.ca\/es\/juventud\/testimonios-de-jovenes\/\"]}]},{\"@type\":\"BreadcrumbList\",\"@id\":\"https:\/\/maisondariane.ca\/es\/juventud\/testimonios-de-jovenes\/#breadcrumb\",\"itemListElement\":[{\"@type\":\"ListItem\",\"position\":1,\"name\":\"Accueil\",\"item\":\"https:\/\/maisondariane.ca\/es\/\"},{\"@type\":\"ListItem\",\"position\":2,\"name\":\"Juventud\",\"item\":\"https:\/\/maisondariane.ca\/es\/juventud\/\"},{\"@type\":\"ListItem\",\"position\":3,\"name\":\"Testimonios juveniles\"}]},{\"@type\":\"WebSite\",\"@id\":\"https:\/\/maisondariane.ca\/#website\",\"url\":\"https:\/\/maisondariane.ca\/\",\"name\":\"La maison d&#039;ariane\",\"description\":\"Just another WordPress site\",\"potentialAction\":[{\"@type\":\"SearchAction\",\"target\":{\"@type\":\"EntryPoint\",\"urlTemplate\":\"https:\/\/maisondariane.ca\/?s={search_term_string}\"},\"query-input\":{\"@type\":\"PropertyValueSpecification\",\"valueRequired\":true,\"valueName\":\"search_term_string\"}}],\"inLanguage\":\"es\"}]}<\/script>\n<!-- \/ Yoast SEO plugin. -->","yoast_head_json":{"title":"Testimonios juveniles - La maison d&#039;ariane","robots":{"index":"index","follow":"follow","max-snippet":"max-snippet:-1","max-image-preview":"max-image-preview:large","max-video-preview":"max-video-preview:-1"},"canonical":"https:\/\/maisondariane.ca\/es\/juventud\/testimonios-de-jovenes\/","og_locale":"es_ES","og_type":"article","og_title":"Testimonios juveniles - La maison d&#039;ariane","og_description":"\u00ab Mi padre siempre le dice a mi madre que baje la voz cuando ni siquiera habla alto. Yo creo que eso es violencia. \u00bb J\u00e9r\u00e9mie 9 a\u00f1os \u00ab Mi padre le dice a mi madre: vete, pero no te dar\u00e9 ni un centavo. \u00bb Val\u00e9rie 12 a\u00f1os \u00ab Mi padre nunca se equivocaba&#8230; siempre [&hellip;]","og_url":"https:\/\/maisondariane.ca\/es\/juventud\/testimonios-de-jovenes\/","og_site_name":"La maison d&#039;ariane","article_modified_time":"2022-01-27T19:02:38+00:00","twitter_card":"summary_large_image","twitter_misc":{"Tiempo de lectura":"1 minuto"},"schema":{"@context":"https:\/\/schema.org","@graph":[{"@type":"WebPage","@id":"https:\/\/maisondariane.ca\/es\/juventud\/testimonios-de-jovenes\/","url":"https:\/\/maisondariane.ca\/es\/juventud\/testimonios-de-jovenes\/","name":"Testimonios juveniles - La maison d&#039;ariane","isPartOf":{"@id":"https:\/\/maisondariane.ca\/#website"},"datePublished":"2021-12-17T17:55:51+00:00","dateModified":"2022-01-27T19:02:38+00:00","breadcrumb":{"@id":"https:\/\/maisondariane.ca\/es\/juventud\/testimonios-de-jovenes\/#breadcrumb"},"inLanguage":"es","potentialAction":[{"@type":"ReadAction","target":["https:\/\/maisondariane.ca\/es\/juventud\/testimonios-de-jovenes\/"]}]},{"@type":"BreadcrumbList","@id":"https:\/\/maisondariane.ca\/es\/juventud\/testimonios-de-jovenes\/#breadcrumb","itemListElement":[{"@type":"ListItem","position":1,"name":"Accueil","item":"https:\/\/maisondariane.ca\/es\/"},{"@type":"ListItem","position":2,"name":"Juventud","item":"https:\/\/maisondariane.ca\/es\/juventud\/"},{"@type":"ListItem","position":3,"name":"Testimonios juveniles"}]},{"@type":"WebSite","@id":"https:\/\/maisondariane.ca\/#website","url":"https:\/\/maisondariane.ca\/","name":"La maison d&#039;ariane","description":"Just another WordPress site","potentialAction":[{"@type":"SearchAction","target":{"@type":"EntryPoint","urlTemplate":"https:\/\/maisondariane.ca\/?s={search_term_string}"},"query-input":{"@type":"PropertyValueSpecification","valueRequired":true,"valueName":"search_term_string"}}],"inLanguage":"es"}]}},"_links":{"self":[{"href":"https:\/\/maisondariane.ca\/es\/wp-json\/wp\/v2\/pages\/479","targetHints":{"allow":["GET"]}}],"collection":[{"href":"https:\/\/maisondariane.ca\/es\/wp-json\/wp\/v2\/pages"}],"about":[{"href":"https:\/\/maisondariane.ca\/es\/wp-json\/wp\/v2\/types\/page"}],"author":[{"embeddable":true,"href":"https:\/\/maisondariane.ca\/es\/wp-json\/wp\/v2\/users\/2"}],"replies":[{"embeddable":true,"href":"https:\/\/maisondariane.ca\/es\/wp-json\/wp\/v2\/comments?post=479"}],"version-history":[{"count":4,"href":"https:\/\/maisondariane.ca\/es\/wp-json\/wp\/v2\/pages\/479\/revisions"}],"predecessor-version":[{"id":636,"href":"https:\/\/maisondariane.ca\/es\/wp-json\/wp\/v2\/pages\/479\/revisions\/636"}],"up":[{"embeddable":true,"href":"https:\/\/maisondariane.ca\/es\/wp-json\/wp\/v2\/pages\/471"}],"wp:attachment":[{"href":"https:\/\/maisondariane.ca\/es\/wp-json\/wp\/v2\/media?parent=479"}],"curies":[{"name":"wp","href":"https:\/\/api.w.org\/{rel}","templated":true}]}}