{"id":449,"date":"2021-12-17T13:34:46","date_gmt":"2021-12-17T13:34:46","guid":{"rendered":"https:\/\/maisondariane.viweblocal.ca\/?page_id=449"},"modified":"2022-08-17T12:33:16","modified_gmt":"2022-08-17T16:33:16","slug":"mision-y-valores","status":"publish","type":"page","link":"https:\/\/maisondariane.ca\/es\/sobre-nosotras\/mision-y-valores\/","title":{"rendered":"Misi\u00f3n y valores"},"content":{"rendered":"<h2 class=\"text-uppercase title-custom\">Nuestra misi\u00f3n<\/h2>\n<p>La Maison d&#8217;Ariane tiene por misi\u00f3n acompa\u00f1ar a las mujeres y los ni\u00f1os v\u00edctimas de violencia dom\u00e9stica en la recuperaci\u00f3n del poder sobre sus vidas y abogar por la eliminaci\u00f3n de esta problem\u00e1tica social.<\/p>\n<p>Nos comprometemos a actualizar nuestros servicios para que tambi\u00e9n puedan apoyar a la diversidad sexual y cultural, as\u00ed como a las mujeres con movilidad reducida. Tenga en cuenta que todos nuestros servicios son confidenciales y gratuitos. No se requiere ning\u00fan procedimiento legal (civil, penal, extranjer\u00eda, etc.) para acceder a nuestros servicios.<\/p>\n<div id=\"tw-container\" class=\"\" data-cp=\"1\" data-is-ver=\"false\" data-nnttsvi=\"1\" data-sm=\"1\" data-sugg-time=\"500\" data-sugg-url=\"https:\/\/clients1.google.com\/complete\/search\" data-uilc=\"fr\">\n<div>\n<div>\n<div id=\"tw-ob\" class=\"tw-src-ltr\">\n<div class=\"oSioSc\">\n<div id=\"tw-target\">\n<div id=\"kAz1tf\" class=\"g9WsWb\">\n<div id=\"tw-target-text-container\" class=\"tw-ta-container F0azHf tw-nfl\" tabindex=\"0\">\n<pre id=\"tw-target-text\" class=\"tw-data-text tw-text-large tw-ta\" dir=\"ltr\" data-placeholder=\"Traduction\"><\/pre>\n<\/div>\n<\/div>\n<\/div>\n<\/div>\n<\/div>\n<\/div>\n<\/div>\n<\/div>\n<h2 class=\"text-uppercase title-custom\">Nuestros valores<\/h2>\n<p>Los valores preconizados por la casa son un punto de referencia, un punto de anclaje en el centro de cada una de nuestras reflexiones, decisiones, acciones, pero sobre todo de nuestras intervenciones.<\/p>\n<p>Pretendemos compartirlas con las mujeres y los ni\u00f1os con los que tratamos e igualmente entre nosotros\u2026<\/p>\n<ul>\n<li><span class=\"text-secondary\">EL RESPETO<\/span> : Tener consideraci\u00f3n hacia s\u00ed mismo, hacia los dem\u00e1s y hacia el medio ambiente, tanto en nuestros gestos como en nuestras palabras.<\/li>\n<li><span class=\"text-secondary\">LA SOLIDARIDAD<\/span> : Hacer equipo: aliarse para ser m\u00e1s fuertes. La solidaridad apunta a la recuperaci\u00f3n del poder colectivo.<\/li>\n<li><span class=\"text-secondary\">LA LIBERTAD<\/span> : De actuar, sentir y pensar seg\u00fan su voluntad sin verse obstaculizados por el poder de los dem\u00e1s.<\/li>\n<li><span class=\"text-secondary\">LA IGUALDAD<\/span> : Todos los hombres y mujeres son iguales y tienen los mismos derechos y obligaciones.<\/li>\n<li><span class=\"text-secondary\">LA AUTENTICIDAD<\/span> : QQue lo que se dice y lo que se hace est\u00e9 de acuerdo con lo que se sabe, lo que se piensa y lo que se siente.<\/li>\n<\/ul>\n<h2 class=\"text-uppercase title-custom\">NUESTRA FILOSOF\u00cdA DE INTERVENCI\u00d3N: EL ENFOQUE FEMINISTA<\/h2>\n<p>Todas nuestras acciones, intervenciones, an\u00e1lisis y formas de gesti\u00f3n se inspiran en el enfoque feminista.<\/p>\n<blockquote class=\"bquote-page\"><p>La intervenci\u00f3n feminista en la violencia dom\u00e9stica se basa en un conjunto de principios que gu\u00edan nuestras intervenciones cotidianas. Consideramos que la violencia dom\u00e9stica es un problema social y no individual que se deriva directamente de las relaciones hist\u00f3ricamente desiguales entre hombres y mujeres.<\/p><\/blockquote>\n<p>En el centro de nuestra vida cotidiana, apoyamos la puesta en com\u00fan de las situaciones vividas por las mujeres, la denuncia de la violencia sufrida y la toma de la palabra. Nuestras intervenciones, adem\u00e1s de basarse en la aplicaci\u00f3n de los principios feministas, se caracterizan por la ausencia de juicios de valor, la empat\u00eda y se traducen en la elaboraci\u00f3n de relaciones igualitarias. En efecto, las trabajadoras, que apoyan a las mujeres y a los ni\u00f1os en La Maison d&#8217;Ariane, no se consideran \u00abprofesionales\u00bb sino mujeres militantes que acuden en ayuda de otras mujeres.<\/p>\n<p>El principio \u00faltimo de la intervenci\u00f3n feminista, el que se encuentra en el centro de todo lo que se hace, consiste en lo siguiente: <span class=\"text-secondary\">\u00ab las mujeres recuperan el poder sobre su vida a trav\u00e9s de la solidaridad entre las mujeres, las relaciones igualitarias y la defensa de sus derechos \u00bb.<\/span><br \/>\nPara ello, nos aferramos a nuestros 3 principios \u00ab espec\u00edficos \u00bb :<\/p>\n<ul>\n<li>Que las mujeres y los ni\u00f1os no son responsables de la violencia vivida.<\/li>\n<li>Que las mujeres tienen derecho a la autonom\u00eda, el respeto y la libertad.<\/li>\n<li>Que las mujeres tienen el potencial y las habilidades para dirigir sus vidas y tomar decisiones que beneficien a sus intereses.<\/li>\n<\/ul>\n<blockquote class=\"bquote-page\"><p>\u00a1Las mujeres son las expertas en su propia vida! Sin embargo, puede ser tranquilizador sentirse acompa\u00f1ada o sostenida.<\/p><\/blockquote>\n<p>\u00a1Cada peque\u00f1o cambio individual abre las puertas a grandes cambios sociales!<\/p>\n","protected":false},"excerpt":{"rendered":"<p>Nuestra misi\u00f3n La Maison d&#8217;Ariane tiene por misi\u00f3n acompa\u00f1ar a las mujeres y los ni\u00f1os v\u00edctimas de violencia dom\u00e9stica en la recuperaci\u00f3n del poder sobre sus vidas y abogar por la eliminaci\u00f3n de esta problem\u00e1tica social. Nos comprometemos a actualizar nuestros servicios para que tambi\u00e9n puedan apoyar a la diversidad sexual y cultural, as\u00ed como [&hellip;]<\/p>\n","protected":false},"author":2,"featured_media":0,"parent":596,"menu_order":0,"comment_status":"closed","ping_status":"closed","template":"","meta":{"_acf_changed":false,"inline_featured_image":false,"footnotes":""},"class_list":["post-449","page","type-page","status-publish","hentry"],"acf":[],"yoast_head":"<!-- This site is optimized with the Yoast SEO plugin v27.1.1 - https:\/\/yoast.com\/product\/yoast-seo-wordpress\/ -->\n<title>Misi\u00f3n y valores - La maison d&#039;ariane<\/title>\n<meta name=\"robots\" content=\"index, follow, max-snippet:-1, max-image-preview:large, max-video-preview:-1\" \/>\n<link rel=\"canonical\" href=\"https:\/\/maisondariane.ca\/es\/sobre-nosotras\/mision-y-valores\/\" \/>\n<meta property=\"og:locale\" content=\"es_ES\" \/>\n<meta property=\"og:type\" content=\"article\" \/>\n<meta property=\"og:title\" content=\"Misi\u00f3n y valores - La maison d&#039;ariane\" \/>\n<meta property=\"og:description\" content=\"Nuestra misi\u00f3n La Maison d&#8217;Ariane tiene por misi\u00f3n acompa\u00f1ar a las mujeres y los ni\u00f1os v\u00edctimas de violencia dom\u00e9stica en la recuperaci\u00f3n del poder sobre sus vidas y abogar por la eliminaci\u00f3n de esta problem\u00e1tica social. Nos comprometemos a actualizar nuestros servicios para que tambi\u00e9n puedan apoyar a la diversidad sexual y cultural, as\u00ed como [&hellip;]\" \/>\n<meta property=\"og:url\" content=\"https:\/\/maisondariane.ca\/es\/sobre-nosotras\/mision-y-valores\/\" \/>\n<meta property=\"og:site_name\" content=\"La maison d&#039;ariane\" \/>\n<meta property=\"article:modified_time\" content=\"2022-08-17T16:33:16+00:00\" \/>\n<meta name=\"twitter:card\" content=\"summary_large_image\" \/>\n<meta name=\"twitter:label1\" content=\"Tiempo de lectura\" \/>\n\t<meta name=\"twitter:data1\" content=\"3 minutos\" \/>\n<script type=\"application\/ld+json\" class=\"yoast-schema-graph\">{\"@context\":\"https:\/\/schema.org\",\"@graph\":[{\"@type\":\"WebPage\",\"@id\":\"https:\/\/maisondariane.ca\/es\/sobre-nosotras\/mision-y-valores\/\",\"url\":\"https:\/\/maisondariane.ca\/es\/sobre-nosotras\/mision-y-valores\/\",\"name\":\"Misi\u00f3n y valores - La maison d&#039;ariane\",\"isPartOf\":{\"@id\":\"https:\/\/maisondariane.ca\/#website\"},\"datePublished\":\"2021-12-17T13:34:46+00:00\",\"dateModified\":\"2022-08-17T16:33:16+00:00\",\"breadcrumb\":{\"@id\":\"https:\/\/maisondariane.ca\/es\/sobre-nosotras\/mision-y-valores\/#breadcrumb\"},\"inLanguage\":\"es\",\"potentialAction\":[{\"@type\":\"ReadAction\",\"target\":[\"https:\/\/maisondariane.ca\/es\/sobre-nosotras\/mision-y-valores\/\"]}]},{\"@type\":\"BreadcrumbList\",\"@id\":\"https:\/\/maisondariane.ca\/es\/sobre-nosotras\/mision-y-valores\/#breadcrumb\",\"itemListElement\":[{\"@type\":\"ListItem\",\"position\":1,\"name\":\"Accueil\",\"item\":\"https:\/\/maisondariane.ca\/es\/\"},{\"@type\":\"ListItem\",\"position\":2,\"name\":\"Sobre nosotras\",\"item\":\"https:\/\/maisondariane.ca\/es\/sobre-nosotras\/\"},{\"@type\":\"ListItem\",\"position\":3,\"name\":\"Misi\u00f3n y valores\"}]},{\"@type\":\"WebSite\",\"@id\":\"https:\/\/maisondariane.ca\/#website\",\"url\":\"https:\/\/maisondariane.ca\/\",\"name\":\"La maison d&#039;ariane\",\"description\":\"Just another WordPress site\",\"potentialAction\":[{\"@type\":\"SearchAction\",\"target\":{\"@type\":\"EntryPoint\",\"urlTemplate\":\"https:\/\/maisondariane.ca\/?s={search_term_string}\"},\"query-input\":{\"@type\":\"PropertyValueSpecification\",\"valueRequired\":true,\"valueName\":\"search_term_string\"}}],\"inLanguage\":\"es\"}]}<\/script>\n<!-- \/ Yoast SEO plugin. -->","yoast_head_json":{"title":"Misi\u00f3n y valores - La maison d&#039;ariane","robots":{"index":"index","follow":"follow","max-snippet":"max-snippet:-1","max-image-preview":"max-image-preview:large","max-video-preview":"max-video-preview:-1"},"canonical":"https:\/\/maisondariane.ca\/es\/sobre-nosotras\/mision-y-valores\/","og_locale":"es_ES","og_type":"article","og_title":"Misi\u00f3n y valores - La maison d&#039;ariane","og_description":"Nuestra misi\u00f3n La Maison d&#8217;Ariane tiene por misi\u00f3n acompa\u00f1ar a las mujeres y los ni\u00f1os v\u00edctimas de violencia dom\u00e9stica en la recuperaci\u00f3n del poder sobre sus vidas y abogar por la eliminaci\u00f3n de esta problem\u00e1tica social. Nos comprometemos a actualizar nuestros servicios para que tambi\u00e9n puedan apoyar a la diversidad sexual y cultural, as\u00ed como [&hellip;]","og_url":"https:\/\/maisondariane.ca\/es\/sobre-nosotras\/mision-y-valores\/","og_site_name":"La maison d&#039;ariane","article_modified_time":"2022-08-17T16:33:16+00:00","twitter_card":"summary_large_image","twitter_misc":{"Tiempo de lectura":"3 minutos"},"schema":{"@context":"https:\/\/schema.org","@graph":[{"@type":"WebPage","@id":"https:\/\/maisondariane.ca\/es\/sobre-nosotras\/mision-y-valores\/","url":"https:\/\/maisondariane.ca\/es\/sobre-nosotras\/mision-y-valores\/","name":"Misi\u00f3n y valores - La maison d&#039;ariane","isPartOf":{"@id":"https:\/\/maisondariane.ca\/#website"},"datePublished":"2021-12-17T13:34:46+00:00","dateModified":"2022-08-17T16:33:16+00:00","breadcrumb":{"@id":"https:\/\/maisondariane.ca\/es\/sobre-nosotras\/mision-y-valores\/#breadcrumb"},"inLanguage":"es","potentialAction":[{"@type":"ReadAction","target":["https:\/\/maisondariane.ca\/es\/sobre-nosotras\/mision-y-valores\/"]}]},{"@type":"BreadcrumbList","@id":"https:\/\/maisondariane.ca\/es\/sobre-nosotras\/mision-y-valores\/#breadcrumb","itemListElement":[{"@type":"ListItem","position":1,"name":"Accueil","item":"https:\/\/maisondariane.ca\/es\/"},{"@type":"ListItem","position":2,"name":"Sobre nosotras","item":"https:\/\/maisondariane.ca\/es\/sobre-nosotras\/"},{"@type":"ListItem","position":3,"name":"Misi\u00f3n y valores"}]},{"@type":"WebSite","@id":"https:\/\/maisondariane.ca\/#website","url":"https:\/\/maisondariane.ca\/","name":"La maison d&#039;ariane","description":"Just another WordPress site","potentialAction":[{"@type":"SearchAction","target":{"@type":"EntryPoint","urlTemplate":"https:\/\/maisondariane.ca\/?s={search_term_string}"},"query-input":{"@type":"PropertyValueSpecification","valueRequired":true,"valueName":"search_term_string"}}],"inLanguage":"es"}]}},"_links":{"self":[{"href":"https:\/\/maisondariane.ca\/es\/wp-json\/wp\/v2\/pages\/449","targetHints":{"allow":["GET"]}}],"collection":[{"href":"https:\/\/maisondariane.ca\/es\/wp-json\/wp\/v2\/pages"}],"about":[{"href":"https:\/\/maisondariane.ca\/es\/wp-json\/wp\/v2\/types\/page"}],"author":[{"embeddable":true,"href":"https:\/\/maisondariane.ca\/es\/wp-json\/wp\/v2\/users\/2"}],"replies":[{"embeddable":true,"href":"https:\/\/maisondariane.ca\/es\/wp-json\/wp\/v2\/comments?post=449"}],"version-history":[{"count":9,"href":"https:\/\/maisondariane.ca\/es\/wp-json\/wp\/v2\/pages\/449\/revisions"}],"predecessor-version":[{"id":1921,"href":"https:\/\/maisondariane.ca\/es\/wp-json\/wp\/v2\/pages\/449\/revisions\/1921"}],"up":[{"embeddable":true,"href":"https:\/\/maisondariane.ca\/es\/wp-json\/wp\/v2\/pages\/596"}],"wp:attachment":[{"href":"https:\/\/maisondariane.ca\/es\/wp-json\/wp\/v2\/media?parent=449"}],"curies":[{"name":"wp","href":"https:\/\/api.w.org\/{rel}","templated":true}]}}