{"id":434,"date":"2021-12-09T18:34:02","date_gmt":"2021-12-09T18:34:02","guid":{"rendered":"https:\/\/maisondariane.viweblocal.ca\/eliminar-datos-personales\/"},"modified":"2023-06-29T15:45:34","modified_gmt":"2023-06-29T19:45:34","slug":"eliminar-datos-personales","status":"publish","type":"page","link":"https:\/\/maisondariane.ca\/es\/eliminar-datos-personales\/","title":{"rendered":"Eliminar datos personales"},"content":{"rendered":"<p><strong>Si teme por su seguridad<\/strong>, por favor navegue por Internet desde un lugar p\u00fablico como bibliotecas municipales o cibercaf\u00e9s e idealmente en modo de navegaci\u00f3n privada. El modo de navegaci\u00f3n privada es m\u00e1s seguro que borrar el historial de navegaci\u00f3n.<\/p>\n<h3>NAVEGACI\u00d3N PRIVADA<\/h3>\n<p>Normalmente, cada sitio web que visita se guarda en <strong>el historial<\/strong> de su navegador. Su navegador recordar\u00e1 los sitios que visita con frecuencia, los enlaces seguidos, etc. As\u00ed que si alguien m\u00e1s usa su computador y no se siente c\u00f3modo sabiendo que esa persona puede tener acceso a su actividad, recomendamos utilizar la <strong>navegaci\u00f3n privada<\/strong> para no dejar rastros en su computador (los elementos mencionados anteriormente se borran al cerrar su ventana de navegaci\u00f3n privada).<br \/>\n<strong><a class=\"show_navigp\" href=\"javascript:void(0)\">Ver el procedimiento para activar la navegaci\u00f3n privada<\/a><\/strong><\/p>\n<div  id=\"navigp\">\n<h2>Procedimiento para activar la navegaci\u00f3n privada<\/h2>\n<p>\tAntes de activar la navegaci\u00f3n privada, piense en Borrar sus huellas (Ver procedimiento para <a class=\"link_eff\" href=\"#effacer\">Borrar los rastros de mi navegaci\u00f3n<\/a>)<\/p>\n<p>\tEstos son los atajos de teclado para abrir una ventana de navegaci\u00f3n privada, dependiendo de su navegador. Todo lo que haga permanecer\u00e1 invisible en el PC. No se guardar\u00e1 ninguna contrase\u00f1a o historial. Para salir del modo de navegaci\u00f3n privada, solo tiene que cerrar la ventana.<\/p>\n<table class=\"table_effacer\">\n<tr>\n<th>Navegador<\/th>\n<th>Versi\u00f3n Windows<\/th>\n<th>Versi\u00f3n Mac<\/th>\n<th>Smartphone\/Tableta<\/th>\n<\/tr>\n<tr>\n<th rowspan=\"2\">Chrome<\/th>\n<td>Ctrl +  Maj + N<\/td>\n<td>\u2318 + Maj + N<\/td>\n<td>Opciones>M\u00e1s>Abrir una ventana de navegaci\u00f3n privada<\/td>\n<\/tr>\n<tr>\n<td colspan=\"3\">\n\t\t\t\t<strong>Es bueno saber:<\/strong> un bot\u00f3n de \u00abnavegaci\u00f3n privada\u00bb con un icono permanece presente para indicar en qu\u00e9 navegaci\u00f3n se encuentra. Puede hacer clic en \u00e9l para salir del modo privado: \u00abCerrar las ventanas de navegaci\u00f3n privada\u00bb.<br \/>\n\t\t\t\t<img decoding=\"async\" src=\"https:\/\/maisondariane.ca\/wp-content\/uploads\/2022\/09\/chrome.jpg\" alt=\"\" style=\"width:100%;\">\n\t\t\t<\/td>\n<\/tr>\n<tr>\n<th>Internet Explorer<\/th>\n<td>Ctrl + Maj + P<\/td>\n<td>\u2318 + Maj + P<\/td>\n<td>Icono P\u00e1ginas>Bot\u00f3n Inc\u00f3gnito<\/td>\n<\/tr>\n<tr>\n<th rowspan=\"2\">Microsoft Edge<\/th>\n<td>Ctrl + Maj + N<\/td>\n<td>\u2318 + Maj + N<\/td>\n<td><\/td>\n<\/tr>\n<tr>\n<td colspan=\"3\">\n\t\t\t\t<strong>Es bueno saber:<\/strong> Microsoft Edge est\u00e1 exclusivamente en ingl\u00e9s.<br \/>\n\t\t\t\t<img decoding=\"async\" src=\"https:\/\/maisondariane.ca\/wp-content\/uploads\/2022\/09\/edge.jpg\" alt=\"\" style=\"width:100%;\">\n\t\t\t<\/td>\n<\/tr>\n<tr>\n<td rowspan=\"2\">Mozilla Firefox<\/td>\n<td>Ctrl + Maj + P<\/td>\n<td>\u2318 + Maj + P<\/td>\n<td><\/td>\n<\/tr>\n<tr>\n<td colspan=\"3\">\n\t\t\t\t<strong>Es bueno saber:<\/strong> Las ventanas de navegaci\u00f3n privada tienen una sombra morada arriba.<br \/>\n\t\t\t\t<img decoding=\"async\" src=\"https:\/\/maisondariane.ca\/wp-content\/uploads\/2022\/09\/firefox.jpg\" alt=\"\" style=\"width:100%;\">\n\t\t\t<\/td>\n<\/tr>\n<tr>\n<th rowspan=\"2\">Opera<\/th>\n<td>Ctrl + Maj + N<\/td>\n<td>\u2318 + Maj + N<\/td>\n<td><\/td>\n<\/tr>\n<tr>\n<td colspan=\"3\">\n\t\t\t\t<img decoding=\"async\" src=\"https:\/\/maisondariane.ca\/wp-content\/uploads\/2022\/09\/opera.jpg\" alt=\"\" style=\"width:100%;\">\n\t\t\t<\/td>\n<\/tr>\n<tr>\n<th rowspan=\"2\">Safari<\/th>\n<td>&#8212;&#8211;<\/td>\n<td>\u2318 + Maj + N<\/td>\n<td>Safari> Gesti\u00f3n de pesta\u00f1as>Privado<\/td>\n<\/tr>\n<tr>\n<td colspan=\"3\">\n\t\t\t\t<strong>Es bueno saber:<\/strong> Una de las formas de saber que uno est\u00e1 en la navegaci\u00f3n privada es la barra de b\u00fasqueda que se vuelve negra.<br \/>\n\t\t\t\t<img decoding=\"async\" src=\"https:\/\/maisondariane.ca\/wp-content\/uploads\/2022\/09\/safari.jpg\" alt=\"\" style=\"width:100%;\">\n\t\t\t<\/td>\n<\/tr>\n<\/table>\n<p>&nbsp;<\/p>\n<\/div>\n<h3>BORRAR EL RASTRO QUE DEJAMOS EN INTERNET<\/h3>\n<p>Si no est\u00e1 navegando en modo privado, puede protegerse <strong>borrando el historial<\/strong> de navegaci\u00f3n. Cuando usted navega por Internet, sus actividades se registran! Por lo tanto, una persona que utiliza su computador puede rastrear f\u00e1cilmente todos los sitios que ha visitado, es decir, el historial de su navegaci\u00f3n.<br \/>\n<strong><a href=\"#effacer\" class=\"show_effatr\">Ver el procedimiento para eliminar datos personales de su navegaci\u00f3n <\/a><\/strong><\/p>\n<h2 id=\"effacer\">Procedimiento para eliminar datos personales<\/h2>\n<div class=\"text_effacer\">\u00a1Cuando navega por Internet, sus actividades quedan registradas! De este modo, su agresor puede rastrear todos los sitios que ha visitado, es decir, su historial. Es posible borrar las huellas de su paso por nuestro sitio. Para ello, se trata de seguir las siguientes instrucciones seg\u00fan el navegador utilizado:<\/p>\n<p>Si teme por su seguridad, visite Internet desde un lugar p\u00fablico como bibliotecas municipales o cibercaf\u00e9s.<\/p><\/div>\n","protected":false},"excerpt":{"rendered":"<p>Si teme por su seguridad, por favor navegue por Internet desde un lugar p\u00fablico como bibliotecas municipales o cibercaf\u00e9s e idealmente en modo de navegaci\u00f3n privada. El modo de navegaci\u00f3n privada es m\u00e1s seguro que borrar el historial de navegaci\u00f3n. NAVEGACI\u00d3N PRIVADA Normalmente, cada sitio web que visita se guarda en el historial de su [&hellip;]<\/p>\n","protected":false},"author":2,"featured_media":0,"parent":0,"menu_order":0,"comment_status":"closed","ping_status":"closed","template":"template-parts\/page-effacer.php","meta":{"_acf_changed":false,"inline_featured_image":false,"footnotes":""},"class_list":["post-434","page","type-page","status-publish","hentry"],"acf":[],"yoast_head":"<!-- This site is optimized with the Yoast SEO plugin v27.1.1 - https:\/\/yoast.com\/product\/yoast-seo-wordpress\/ -->\n<title>Eliminar datos personales - La maison d&#039;ariane<\/title>\n<meta name=\"robots\" content=\"index, follow, max-snippet:-1, max-image-preview:large, max-video-preview:-1\" \/>\n<link rel=\"canonical\" href=\"https:\/\/maisondariane.ca\/es\/eliminar-datos-personales\/\" \/>\n<meta property=\"og:locale\" content=\"es_ES\" \/>\n<meta property=\"og:type\" content=\"article\" \/>\n<meta property=\"og:title\" content=\"Eliminar datos personales - La maison d&#039;ariane\" \/>\n<meta property=\"og:description\" content=\"Si teme por su seguridad, por favor navegue por Internet desde un lugar p\u00fablico como bibliotecas municipales o cibercaf\u00e9s e idealmente en modo de navegaci\u00f3n privada. El modo de navegaci\u00f3n privada es m\u00e1s seguro que borrar el historial de navegaci\u00f3n. NAVEGACI\u00d3N PRIVADA Normalmente, cada sitio web que visita se guarda en el historial de su [&hellip;]\" \/>\n<meta property=\"og:url\" content=\"https:\/\/maisondariane.ca\/es\/eliminar-datos-personales\/\" \/>\n<meta property=\"og:site_name\" content=\"La maison d&#039;ariane\" \/>\n<meta property=\"article:modified_time\" content=\"2023-06-29T19:45:34+00:00\" \/>\n<meta property=\"og:image\" content=\"https:\/\/maisondariane.ca\/wp-content\/uploads\/2022\/09\/chrome.jpg\" \/>\n<meta name=\"twitter:card\" content=\"summary_large_image\" \/>\n<meta name=\"twitter:label1\" content=\"Tiempo de lectura\" \/>\n\t<meta name=\"twitter:data1\" content=\"4 minutos\" \/>\n<script type=\"application\/ld+json\" class=\"yoast-schema-graph\">{\"@context\":\"https:\/\/schema.org\",\"@graph\":[{\"@type\":\"WebPage\",\"@id\":\"https:\/\/maisondariane.ca\/es\/eliminar-datos-personales\/\",\"url\":\"https:\/\/maisondariane.ca\/es\/eliminar-datos-personales\/\",\"name\":\"Eliminar datos personales - La maison d&#039;ariane\",\"isPartOf\":{\"@id\":\"https:\/\/maisondariane.ca\/#website\"},\"primaryImageOfPage\":{\"@id\":\"https:\/\/maisondariane.ca\/es\/eliminar-datos-personales\/#primaryimage\"},\"image\":{\"@id\":\"https:\/\/maisondariane.ca\/es\/eliminar-datos-personales\/#primaryimage\"},\"thumbnailUrl\":\"https:\/\/maisondariane.ca\/wp-content\/uploads\/2022\/09\/chrome.jpg\",\"datePublished\":\"2021-12-09T18:34:02+00:00\",\"dateModified\":\"2023-06-29T19:45:34+00:00\",\"breadcrumb\":{\"@id\":\"https:\/\/maisondariane.ca\/es\/eliminar-datos-personales\/#breadcrumb\"},\"inLanguage\":\"es\",\"potentialAction\":[{\"@type\":\"ReadAction\",\"target\":[\"https:\/\/maisondariane.ca\/es\/eliminar-datos-personales\/\"]}]},{\"@type\":\"ImageObject\",\"inLanguage\":\"es\",\"@id\":\"https:\/\/maisondariane.ca\/es\/eliminar-datos-personales\/#primaryimage\",\"url\":\"https:\/\/maisondariane.ca\/wp-content\/uploads\/2022\/09\/chrome.jpg\",\"contentUrl\":\"https:\/\/maisondariane.ca\/wp-content\/uploads\/2022\/09\/chrome.jpg\"},{\"@type\":\"BreadcrumbList\",\"@id\":\"https:\/\/maisondariane.ca\/es\/eliminar-datos-personales\/#breadcrumb\",\"itemListElement\":[{\"@type\":\"ListItem\",\"position\":1,\"name\":\"Accueil\",\"item\":\"https:\/\/maisondariane.ca\/es\/\"},{\"@type\":\"ListItem\",\"position\":2,\"name\":\"Eliminar datos personales\"}]},{\"@type\":\"WebSite\",\"@id\":\"https:\/\/maisondariane.ca\/#website\",\"url\":\"https:\/\/maisondariane.ca\/\",\"name\":\"La maison d&#039;ariane\",\"description\":\"Just another WordPress site\",\"potentialAction\":[{\"@type\":\"SearchAction\",\"target\":{\"@type\":\"EntryPoint\",\"urlTemplate\":\"https:\/\/maisondariane.ca\/?s={search_term_string}\"},\"query-input\":{\"@type\":\"PropertyValueSpecification\",\"valueRequired\":true,\"valueName\":\"search_term_string\"}}],\"inLanguage\":\"es\"}]}<\/script>\n<!-- \/ Yoast SEO plugin. -->","yoast_head_json":{"title":"Eliminar datos personales - La maison d&#039;ariane","robots":{"index":"index","follow":"follow","max-snippet":"max-snippet:-1","max-image-preview":"max-image-preview:large","max-video-preview":"max-video-preview:-1"},"canonical":"https:\/\/maisondariane.ca\/es\/eliminar-datos-personales\/","og_locale":"es_ES","og_type":"article","og_title":"Eliminar datos personales - La maison d&#039;ariane","og_description":"Si teme por su seguridad, por favor navegue por Internet desde un lugar p\u00fablico como bibliotecas municipales o cibercaf\u00e9s e idealmente en modo de navegaci\u00f3n privada. El modo de navegaci\u00f3n privada es m\u00e1s seguro que borrar el historial de navegaci\u00f3n. NAVEGACI\u00d3N PRIVADA Normalmente, cada sitio web que visita se guarda en el historial de su [&hellip;]","og_url":"https:\/\/maisondariane.ca\/es\/eliminar-datos-personales\/","og_site_name":"La maison d&#039;ariane","article_modified_time":"2023-06-29T19:45:34+00:00","og_image":[{"url":"https:\/\/maisondariane.ca\/wp-content\/uploads\/2022\/09\/chrome.jpg","type":"","width":"","height":""}],"twitter_card":"summary_large_image","twitter_misc":{"Tiempo de lectura":"4 minutos"},"schema":{"@context":"https:\/\/schema.org","@graph":[{"@type":"WebPage","@id":"https:\/\/maisondariane.ca\/es\/eliminar-datos-personales\/","url":"https:\/\/maisondariane.ca\/es\/eliminar-datos-personales\/","name":"Eliminar datos personales - La maison d&#039;ariane","isPartOf":{"@id":"https:\/\/maisondariane.ca\/#website"},"primaryImageOfPage":{"@id":"https:\/\/maisondariane.ca\/es\/eliminar-datos-personales\/#primaryimage"},"image":{"@id":"https:\/\/maisondariane.ca\/es\/eliminar-datos-personales\/#primaryimage"},"thumbnailUrl":"https:\/\/maisondariane.ca\/wp-content\/uploads\/2022\/09\/chrome.jpg","datePublished":"2021-12-09T18:34:02+00:00","dateModified":"2023-06-29T19:45:34+00:00","breadcrumb":{"@id":"https:\/\/maisondariane.ca\/es\/eliminar-datos-personales\/#breadcrumb"},"inLanguage":"es","potentialAction":[{"@type":"ReadAction","target":["https:\/\/maisondariane.ca\/es\/eliminar-datos-personales\/"]}]},{"@type":"ImageObject","inLanguage":"es","@id":"https:\/\/maisondariane.ca\/es\/eliminar-datos-personales\/#primaryimage","url":"https:\/\/maisondariane.ca\/wp-content\/uploads\/2022\/09\/chrome.jpg","contentUrl":"https:\/\/maisondariane.ca\/wp-content\/uploads\/2022\/09\/chrome.jpg"},{"@type":"BreadcrumbList","@id":"https:\/\/maisondariane.ca\/es\/eliminar-datos-personales\/#breadcrumb","itemListElement":[{"@type":"ListItem","position":1,"name":"Accueil","item":"https:\/\/maisondariane.ca\/es\/"},{"@type":"ListItem","position":2,"name":"Eliminar datos personales"}]},{"@type":"WebSite","@id":"https:\/\/maisondariane.ca\/#website","url":"https:\/\/maisondariane.ca\/","name":"La maison d&#039;ariane","description":"Just another WordPress site","potentialAction":[{"@type":"SearchAction","target":{"@type":"EntryPoint","urlTemplate":"https:\/\/maisondariane.ca\/?s={search_term_string}"},"query-input":{"@type":"PropertyValueSpecification","valueRequired":true,"valueName":"search_term_string"}}],"inLanguage":"es"}]}},"_links":{"self":[{"href":"https:\/\/maisondariane.ca\/es\/wp-json\/wp\/v2\/pages\/434","targetHints":{"allow":["GET"]}}],"collection":[{"href":"https:\/\/maisondariane.ca\/es\/wp-json\/wp\/v2\/pages"}],"about":[{"href":"https:\/\/maisondariane.ca\/es\/wp-json\/wp\/v2\/types\/page"}],"author":[{"embeddable":true,"href":"https:\/\/maisondariane.ca\/es\/wp-json\/wp\/v2\/users\/2"}],"replies":[{"embeddable":true,"href":"https:\/\/maisondariane.ca\/es\/wp-json\/wp\/v2\/comments?post=434"}],"version-history":[{"count":8,"href":"https:\/\/maisondariane.ca\/es\/wp-json\/wp\/v2\/pages\/434\/revisions"}],"predecessor-version":[{"id":5043,"href":"https:\/\/maisondariane.ca\/es\/wp-json\/wp\/v2\/pages\/434\/revisions\/5043"}],"wp:attachment":[{"href":"https:\/\/maisondariane.ca\/es\/wp-json\/wp\/v2\/media?parent=434"}],"curies":[{"name":"wp","href":"https:\/\/api.w.org\/{rel}","templated":true}]}}