{"id":2787,"date":"2023-03-22T07:51:01","date_gmt":"2023-03-22T11:51:01","guid":{"rendered":"https:\/\/maisariane.viweblocal.ca\/violencia-domestica\/quest-ce-que-la-violence-conjugale-post-separation\/"},"modified":"2023-06-16T14:27:58","modified_gmt":"2023-06-16T18:27:58","slug":"que-es-la-violencia-domestica-tras-la-separacion","status":"publish","type":"page","link":"https:\/\/maisondariane.ca\/es\/que-es-la-violencia-domestica-tras-la-separacion\/","title":{"rendered":"\u00bfQu\u00e9 es la violencia dom\u00e9stica tras la separaci\u00f3n?"},"content":{"rendered":"","protected":false},"excerpt":{"rendered":"","protected":false},"author":2,"featured_media":5060,"parent":0,"menu_order":0,"comment_status":"closed","ping_status":"closed","template":"template-parts\/page-violence-post.php","meta":{"_acf_changed":false,"inline_featured_image":false,"footnotes":""},"class_list":["post-2787","page","type-page","status-publish","has-post-thumbnail","hentry"],"acf":[],"yoast_head":"<!-- This site is optimized with the Yoast SEO plugin v27.1.1 - https:\/\/yoast.com\/product\/yoast-seo-wordpress\/ -->\n<title>\u00bfQu\u00e9 es la violencia dom\u00e9stica tras la separaci\u00f3n? - La maison d&#039;ariane<\/title>\n<meta name=\"robots\" content=\"index, follow, max-snippet:-1, max-image-preview:large, max-video-preview:-1\" \/>\n<link rel=\"canonical\" href=\"https:\/\/maisondariane.ca\/es\/violencia-domestica\/que-es-la-violencia-domestica-tras-la-separacion\/\" \/>\n<meta property=\"og:locale\" content=\"es_ES\" \/>\n<meta property=\"og:type\" content=\"article\" \/>\n<meta property=\"og:title\" content=\"\u00bfQu\u00e9 es la violencia dom\u00e9stica tras la separaci\u00f3n? - La maison d&#039;ariane\" \/>\n<meta property=\"og:url\" content=\"https:\/\/maisondariane.ca\/es\/violencia-domestica\/que-es-la-violencia-domestica-tras-la-separacion\/\" \/>\n<meta property=\"og:site_name\" content=\"La maison d&#039;ariane\" \/>\n<meta property=\"article:modified_time\" content=\"2023-06-16T18:27:58+00:00\" \/>\n<meta name=\"twitter:card\" content=\"summary_large_image\" \/>\n<script type=\"application\/ld+json\" class=\"yoast-schema-graph\">{\"@context\":\"https:\/\/schema.org\",\"@graph\":[{\"@type\":\"WebPage\",\"@id\":\"https:\/\/maisondariane.ca\/es\/violencia-domestica\/que-es-la-violencia-domestica-tras-la-separacion\/\",\"url\":\"https:\/\/maisondariane.ca\/es\/violencia-domestica\/que-es-la-violencia-domestica-tras-la-separacion\/\",\"name\":\"\u00bfQu\u00e9 es la violencia dom\u00e9stica tras la separaci\u00f3n? - La maison d&#039;ariane\",\"isPartOf\":{\"@id\":\"https:\/\/maisondariane.ca\/#website\"},\"primaryImageOfPage\":{\"@id\":\"https:\/\/maisondariane.ca\/es\/violencia-domestica\/que-es-la-violencia-domestica-tras-la-separacion\/#primaryimage\"},\"image\":{\"@id\":\"https:\/\/maisondariane.ca\/es\/violencia-domestica\/que-es-la-violencia-domestica-tras-la-separacion\/#primaryimage\"},\"thumbnailUrl\":\"https:\/\/maisondariane.ca\/wp-content\/uploads\/2023\/07\/violence-post-separation-11.svg\",\"datePublished\":\"2023-03-22T11:51:01+00:00\",\"dateModified\":\"2023-06-16T18:27:58+00:00\",\"breadcrumb\":{\"@id\":\"https:\/\/maisondariane.ca\/es\/violencia-domestica\/que-es-la-violencia-domestica-tras-la-separacion\/#breadcrumb\"},\"inLanguage\":\"es\",\"potentialAction\":[{\"@type\":\"ReadAction\",\"target\":[\"https:\/\/maisondariane.ca\/es\/violencia-domestica\/que-es-la-violencia-domestica-tras-la-separacion\/\"]}]},{\"@type\":\"ImageObject\",\"inLanguage\":\"es\",\"@id\":\"https:\/\/maisondariane.ca\/es\/violencia-domestica\/que-es-la-violencia-domestica-tras-la-separacion\/#primaryimage\",\"url\":\"https:\/\/maisondariane.ca\/wp-content\/uploads\/2023\/07\/violence-post-separation-11.svg\",\"contentUrl\":\"https:\/\/maisondariane.ca\/wp-content\/uploads\/2023\/07\/violence-post-separation-11.svg\"},{\"@type\":\"BreadcrumbList\",\"@id\":\"https:\/\/maisondariane.ca\/es\/violencia-domestica\/que-es-la-violencia-domestica-tras-la-separacion\/#breadcrumb\",\"itemListElement\":[{\"@type\":\"ListItem\",\"position\":1,\"name\":\"Accueil\",\"item\":\"https:\/\/maisondariane.ca\/es\/\"},{\"@type\":\"ListItem\",\"position\":2,\"name\":\"Violencia dom\u00e9stica\",\"item\":\"https:\/\/maisondariane.ca\/es\/violencia-domestica\/\"},{\"@type\":\"ListItem\",\"position\":3,\"name\":\"\u00bfQu\u00e9 es la violencia dom\u00e9stica tras la separaci\u00f3n?\"}]},{\"@type\":\"WebSite\",\"@id\":\"https:\/\/maisondariane.ca\/#website\",\"url\":\"https:\/\/maisondariane.ca\/\",\"name\":\"La maison d&#039;ariane\",\"description\":\"Just another WordPress site\",\"potentialAction\":[{\"@type\":\"SearchAction\",\"target\":{\"@type\":\"EntryPoint\",\"urlTemplate\":\"https:\/\/maisondariane.ca\/?s={search_term_string}\"},\"query-input\":{\"@type\":\"PropertyValueSpecification\",\"valueRequired\":true,\"valueName\":\"search_term_string\"}}],\"inLanguage\":\"es\"}]}<\/script>\n<!-- \/ Yoast SEO plugin. -->","yoast_head_json":{"title":"\u00bfQu\u00e9 es la violencia dom\u00e9stica tras la separaci\u00f3n? - La maison d&#039;ariane","robots":{"index":"index","follow":"follow","max-snippet":"max-snippet:-1","max-image-preview":"max-image-preview:large","max-video-preview":"max-video-preview:-1"},"canonical":"https:\/\/maisondariane.ca\/es\/violencia-domestica\/que-es-la-violencia-domestica-tras-la-separacion\/","og_locale":"es_ES","og_type":"article","og_title":"\u00bfQu\u00e9 es la violencia dom\u00e9stica tras la separaci\u00f3n? - La maison d&#039;ariane","og_url":"https:\/\/maisondariane.ca\/es\/violencia-domestica\/que-es-la-violencia-domestica-tras-la-separacion\/","og_site_name":"La maison d&#039;ariane","article_modified_time":"2023-06-16T18:27:58+00:00","twitter_card":"summary_large_image","schema":{"@context":"https:\/\/schema.org","@graph":[{"@type":"WebPage","@id":"https:\/\/maisondariane.ca\/es\/violencia-domestica\/que-es-la-violencia-domestica-tras-la-separacion\/","url":"https:\/\/maisondariane.ca\/es\/violencia-domestica\/que-es-la-violencia-domestica-tras-la-separacion\/","name":"\u00bfQu\u00e9 es la violencia dom\u00e9stica tras la separaci\u00f3n? - La maison d&#039;ariane","isPartOf":{"@id":"https:\/\/maisondariane.ca\/#website"},"primaryImageOfPage":{"@id":"https:\/\/maisondariane.ca\/es\/violencia-domestica\/que-es-la-violencia-domestica-tras-la-separacion\/#primaryimage"},"image":{"@id":"https:\/\/maisondariane.ca\/es\/violencia-domestica\/que-es-la-violencia-domestica-tras-la-separacion\/#primaryimage"},"thumbnailUrl":"https:\/\/maisondariane.ca\/wp-content\/uploads\/2023\/07\/violence-post-separation-11.svg","datePublished":"2023-03-22T11:51:01+00:00","dateModified":"2023-06-16T18:27:58+00:00","breadcrumb":{"@id":"https:\/\/maisondariane.ca\/es\/violencia-domestica\/que-es-la-violencia-domestica-tras-la-separacion\/#breadcrumb"},"inLanguage":"es","potentialAction":[{"@type":"ReadAction","target":["https:\/\/maisondariane.ca\/es\/violencia-domestica\/que-es-la-violencia-domestica-tras-la-separacion\/"]}]},{"@type":"ImageObject","inLanguage":"es","@id":"https:\/\/maisondariane.ca\/es\/violencia-domestica\/que-es-la-violencia-domestica-tras-la-separacion\/#primaryimage","url":"https:\/\/maisondariane.ca\/wp-content\/uploads\/2023\/07\/violence-post-separation-11.svg","contentUrl":"https:\/\/maisondariane.ca\/wp-content\/uploads\/2023\/07\/violence-post-separation-11.svg"},{"@type":"BreadcrumbList","@id":"https:\/\/maisondariane.ca\/es\/violencia-domestica\/que-es-la-violencia-domestica-tras-la-separacion\/#breadcrumb","itemListElement":[{"@type":"ListItem","position":1,"name":"Accueil","item":"https:\/\/maisondariane.ca\/es\/"},{"@type":"ListItem","position":2,"name":"Violencia dom\u00e9stica","item":"https:\/\/maisondariane.ca\/es\/violencia-domestica\/"},{"@type":"ListItem","position":3,"name":"\u00bfQu\u00e9 es la violencia dom\u00e9stica tras la separaci\u00f3n?"}]},{"@type":"WebSite","@id":"https:\/\/maisondariane.ca\/#website","url":"https:\/\/maisondariane.ca\/","name":"La maison d&#039;ariane","description":"Just another WordPress site","potentialAction":[{"@type":"SearchAction","target":{"@type":"EntryPoint","urlTemplate":"https:\/\/maisondariane.ca\/?s={search_term_string}"},"query-input":{"@type":"PropertyValueSpecification","valueRequired":true,"valueName":"search_term_string"}}],"inLanguage":"es"}]}},"_links":{"self":[{"href":"https:\/\/maisondariane.ca\/es\/wp-json\/wp\/v2\/pages\/2787","targetHints":{"allow":["GET"]}}],"collection":[{"href":"https:\/\/maisondariane.ca\/es\/wp-json\/wp\/v2\/pages"}],"about":[{"href":"https:\/\/maisondariane.ca\/es\/wp-json\/wp\/v2\/types\/page"}],"author":[{"embeddable":true,"href":"https:\/\/maisondariane.ca\/es\/wp-json\/wp\/v2\/users\/2"}],"replies":[{"embeddable":true,"href":"https:\/\/maisondariane.ca\/es\/wp-json\/wp\/v2\/comments?post=2787"}],"version-history":[{"count":6,"href":"https:\/\/maisondariane.ca\/es\/wp-json\/wp\/v2\/pages\/2787\/revisions"}],"predecessor-version":[{"id":4902,"href":"https:\/\/maisondariane.ca\/es\/wp-json\/wp\/v2\/pages\/2787\/revisions\/4902"}],"wp:featuredmedia":[{"embeddable":true,"href":"https:\/\/maisondariane.ca\/es\/wp-json\/wp\/v2\/media\/5060"}],"wp:attachment":[{"href":"https:\/\/maisondariane.ca\/es\/wp-json\/wp\/v2\/media?parent=2787"}],"curies":[{"name":"wp","href":"https:\/\/api.w.org\/{rel}","templated":true}]}}