{"id":1958,"date":"2022-08-17T15:21:46","date_gmt":"2022-08-17T19:21:46","guid":{"rendered":"https:\/\/maisondariane.ca\/socios-donantes\/subventions-lavenue-dariane-mh2\/"},"modified":"2022-08-17T15:22:31","modified_gmt":"2022-08-17T19:22:31","slug":"subvenciones-lavenue-dariane-casa-de-2a-etapa","status":"publish","type":"page","link":"https:\/\/maisondariane.ca\/es\/socios-donantes\/subvenciones-lavenue-dariane-casa-de-2a-etapa\/","title":{"rendered":"SUBVENCIONES \u2013 L\u2019AVENUE D\u2019ARIANE \u2013 CASA DE 2<sup>A<\/sup> ETAPA"},"content":{"rendered":"<p><a class=\"bb_retour\" href=\"https:\/\/maisondariane.ca\/es\/socios-donantes\/#bbloc5\">Volver<\/a><\/p>\n<div class=\"back_bpart\">\n<div class=\"bloc_part25\">\n<h3 class=\"h3_part2\">SUBVENCIONES \u2013 L\u2019AVENUE D\u2019ARIANE \u2013 CASA DE 2<sup>A<\/sup> ETAPA<\/h3>\n<table class=\"tabl_part tabl_part3\">\n<tr>\n<td>Centre int\u00e9gr\u00e9 en sant\u00e9 et services sociaux des Laurentides (CISSSL)<\/td>\n<td><img decoding=\"async\" src=\"\/wp-content\/themes\/maisondariane\/assets\/images\/logo\/logo221.png\" alt=\"\"><\/td>\n<td>Initiative pour la cr\u00e9ation rapide de logements (ICRL), par l\u2019entremise de la Soci\u00e9t\u00e9 canadienne d\u2019hy\u00f4th\u00e8ques et de logement (SCHL)<\/td>\n<td><img decoding=\"async\" src=\"\/wp-content\/themes\/maisondariane\/assets\/images\/logo\/logo225.png\" alt=\"\"><\/td>\n<\/tr>\n<tr>\n<td>Exemptions de taxes municipales<\/td>\n<td><img decoding=\"async\" src=\"\/wp-content\/themes\/maisondariane\/assets\/images\/logo\/logo227.png\" alt=\"\"><\/td>\n<td>Programme de Financement initial (SCHL)<\/td>\n<td><img decoding=\"async\" src=\"\/wp-content\/themes\/maisondariane\/assets\/images\/logo\/logo225.png\" alt=\"\"><\/td>\n<\/tr>\n<tr>\n<td>Fonds r\u00e9gions et ruralit\u00e9 (FRR)<\/td>\n<td><img decoding=\"async\" src=\"\/wp-content\/themes\/maisondariane\/assets\/images\/logo\/logo228.png\" alt=\"\"><\/td>\n<td>Soci\u00e9t\u00e9 d\u2019habitation du Qu\u00e9bec (SHQ)<\/td>\n<td><img decoding=\"async\" src=\"\/wp-content\/themes\/maisondariane\/assets\/images\/logo\/logo220.png\" alt=\"\"><\/td>\n<\/tr>\n<\/table><\/div>\n<\/div>\n","protected":false},"excerpt":{"rendered":"<p>Volver SUBVENCIONES \u2013 L\u2019AVENUE D\u2019ARIANE \u2013 CASA DE 2A ETAPA Centre int\u00e9gr\u00e9 en sant\u00e9 et services sociaux des Laurentides (CISSSL) Initiative pour la cr\u00e9ation rapide de logements (ICRL), par l\u2019entremise de la Soci\u00e9t\u00e9 canadienne d\u2019hy\u00f4th\u00e8ques et de logement (SCHL) Exemptions de taxes municipales Programme de Financement initial (SCHL) Fonds r\u00e9gions et ruralit\u00e9 (FRR) Soci\u00e9t\u00e9 d\u2019habitation [&hellip;]<\/p>\n","protected":false},"author":2,"featured_media":5584,"parent":541,"menu_order":0,"comment_status":"closed","ping_status":"closed","template":"","meta":{"_acf_changed":false,"inline_featured_image":false,"footnotes":""},"class_list":["post-1958","page","type-page","status-publish","has-post-thumbnail","hentry"],"acf":[],"yoast_head":"<!-- This site is optimized with the Yoast SEO plugin v27.1.1 - https:\/\/yoast.com\/product\/yoast-seo-wordpress\/ -->\n<title>SUBVENCIONES \u2013 L\u2019AVENUE D\u2019ARIANE \u2013 CASA DE 2A ETAPA - La maison d&#039;ariane<\/title>\n<meta name=\"robots\" content=\"index, follow, max-snippet:-1, max-image-preview:large, max-video-preview:-1\" \/>\n<link rel=\"canonical\" href=\"https:\/\/maisondariane.ca\/es\/socios-donantes\/subvenciones-lavenue-dariane-casa-de-2a-etapa\/\" \/>\n<meta property=\"og:locale\" content=\"es_ES\" \/>\n<meta property=\"og:type\" content=\"article\" \/>\n<meta property=\"og:title\" content=\"SUBVENCIONES \u2013 L\u2019AVENUE D\u2019ARIANE \u2013 CASA DE 2A ETAPA - La maison d&#039;ariane\" \/>\n<meta property=\"og:description\" content=\"Volver SUBVENCIONES \u2013 L\u2019AVENUE D\u2019ARIANE \u2013 CASA DE 2A ETAPA Centre int\u00e9gr\u00e9 en sant\u00e9 et services sociaux des Laurentides (CISSSL) Initiative pour la cr\u00e9ation rapide de logements (ICRL), par l\u2019entremise de la Soci\u00e9t\u00e9 canadienne d\u2019hy\u00f4th\u00e8ques et de logement (SCHL) Exemptions de taxes municipales Programme de Financement initial (SCHL) Fonds r\u00e9gions et ruralit\u00e9 (FRR) Soci\u00e9t\u00e9 d\u2019habitation [&hellip;]\" \/>\n<meta property=\"og:url\" content=\"https:\/\/maisondariane.ca\/es\/socios-donantes\/subvenciones-lavenue-dariane-casa-de-2a-etapa\/\" \/>\n<meta property=\"og:site_name\" content=\"La maison d&#039;ariane\" \/>\n<meta property=\"article:modified_time\" content=\"2022-08-17T19:22:31+00:00\" \/>\n<meta name=\"twitter:card\" content=\"summary_large_image\" \/>\n<script type=\"application\/ld+json\" class=\"yoast-schema-graph\">{\"@context\":\"https:\/\/schema.org\",\"@graph\":[{\"@type\":\"WebPage\",\"@id\":\"https:\/\/maisondariane.ca\/es\/socios-donantes\/subvenciones-lavenue-dariane-casa-de-2a-etapa\/\",\"url\":\"https:\/\/maisondariane.ca\/es\/socios-donantes\/subvenciones-lavenue-dariane-casa-de-2a-etapa\/\",\"name\":\"SUBVENCIONES \u2013 L\u2019AVENUE D\u2019ARIANE \u2013 CASA DE 2A ETAPA - La maison d&#039;ariane\",\"isPartOf\":{\"@id\":\"https:\/\/maisondariane.ca\/#website\"},\"primaryImageOfPage\":{\"@id\":\"https:\/\/maisondariane.ca\/es\/socios-donantes\/subvenciones-lavenue-dariane-casa-de-2a-etapa\/#primaryimage\"},\"image\":{\"@id\":\"https:\/\/maisondariane.ca\/es\/socios-donantes\/subvenciones-lavenue-dariane-casa-de-2a-etapa\/#primaryimage\"},\"thumbnailUrl\":\"https:\/\/maisondariane.ca\/wp-content\/uploads\/2023\/08\/p6.svg\",\"datePublished\":\"2022-08-17T19:21:46+00:00\",\"dateModified\":\"2022-08-17T19:22:31+00:00\",\"breadcrumb\":{\"@id\":\"https:\/\/maisondariane.ca\/es\/socios-donantes\/subvenciones-lavenue-dariane-casa-de-2a-etapa\/#breadcrumb\"},\"inLanguage\":\"es\",\"potentialAction\":[{\"@type\":\"ReadAction\",\"target\":[\"https:\/\/maisondariane.ca\/es\/socios-donantes\/subvenciones-lavenue-dariane-casa-de-2a-etapa\/\"]}]},{\"@type\":\"ImageObject\",\"inLanguage\":\"es\",\"@id\":\"https:\/\/maisondariane.ca\/es\/socios-donantes\/subvenciones-lavenue-dariane-casa-de-2a-etapa\/#primaryimage\",\"url\":\"https:\/\/maisondariane.ca\/wp-content\/uploads\/2023\/08\/p6.svg\",\"contentUrl\":\"https:\/\/maisondariane.ca\/wp-content\/uploads\/2023\/08\/p6.svg\"},{\"@type\":\"BreadcrumbList\",\"@id\":\"https:\/\/maisondariane.ca\/es\/socios-donantes\/subvenciones-lavenue-dariane-casa-de-2a-etapa\/#breadcrumb\",\"itemListElement\":[{\"@type\":\"ListItem\",\"position\":1,\"name\":\"Accueil\",\"item\":\"https:\/\/maisondariane.ca\/es\/\"},{\"@type\":\"ListItem\",\"position\":2,\"name\":\"Socios \/ Donantes\",\"item\":\"https:\/\/maisondariane.ca\/es\/socios-donantes\/\"},{\"@type\":\"ListItem\",\"position\":3,\"name\":\"SUBVENCIONES \u2013 L\u2019AVENUE D\u2019ARIANE \u2013 CASA DE 2A ETAPA\"}]},{\"@type\":\"WebSite\",\"@id\":\"https:\/\/maisondariane.ca\/#website\",\"url\":\"https:\/\/maisondariane.ca\/\",\"name\":\"La maison d&#039;ariane\",\"description\":\"Just another WordPress site\",\"potentialAction\":[{\"@type\":\"SearchAction\",\"target\":{\"@type\":\"EntryPoint\",\"urlTemplate\":\"https:\/\/maisondariane.ca\/?s={search_term_string}\"},\"query-input\":{\"@type\":\"PropertyValueSpecification\",\"valueRequired\":true,\"valueName\":\"search_term_string\"}}],\"inLanguage\":\"es\"}]}<\/script>\n<!-- \/ Yoast SEO plugin. -->","yoast_head_json":{"title":"SUBVENCIONES \u2013 L\u2019AVENUE D\u2019ARIANE \u2013 CASA DE 2A ETAPA - La maison d&#039;ariane","robots":{"index":"index","follow":"follow","max-snippet":"max-snippet:-1","max-image-preview":"max-image-preview:large","max-video-preview":"max-video-preview:-1"},"canonical":"https:\/\/maisondariane.ca\/es\/socios-donantes\/subvenciones-lavenue-dariane-casa-de-2a-etapa\/","og_locale":"es_ES","og_type":"article","og_title":"SUBVENCIONES \u2013 L\u2019AVENUE D\u2019ARIANE \u2013 CASA DE 2A ETAPA - La maison d&#039;ariane","og_description":"Volver SUBVENCIONES \u2013 L\u2019AVENUE D\u2019ARIANE \u2013 CASA DE 2A ETAPA Centre int\u00e9gr\u00e9 en sant\u00e9 et services sociaux des Laurentides (CISSSL) Initiative pour la cr\u00e9ation rapide de logements (ICRL), par l\u2019entremise de la Soci\u00e9t\u00e9 canadienne d\u2019hy\u00f4th\u00e8ques et de logement (SCHL) Exemptions de taxes municipales Programme de Financement initial (SCHL) Fonds r\u00e9gions et ruralit\u00e9 (FRR) Soci\u00e9t\u00e9 d\u2019habitation [&hellip;]","og_url":"https:\/\/maisondariane.ca\/es\/socios-donantes\/subvenciones-lavenue-dariane-casa-de-2a-etapa\/","og_site_name":"La maison d&#039;ariane","article_modified_time":"2022-08-17T19:22:31+00:00","twitter_card":"summary_large_image","schema":{"@context":"https:\/\/schema.org","@graph":[{"@type":"WebPage","@id":"https:\/\/maisondariane.ca\/es\/socios-donantes\/subvenciones-lavenue-dariane-casa-de-2a-etapa\/","url":"https:\/\/maisondariane.ca\/es\/socios-donantes\/subvenciones-lavenue-dariane-casa-de-2a-etapa\/","name":"SUBVENCIONES \u2013 L\u2019AVENUE D\u2019ARIANE \u2013 CASA DE 2A ETAPA - La maison d&#039;ariane","isPartOf":{"@id":"https:\/\/maisondariane.ca\/#website"},"primaryImageOfPage":{"@id":"https:\/\/maisondariane.ca\/es\/socios-donantes\/subvenciones-lavenue-dariane-casa-de-2a-etapa\/#primaryimage"},"image":{"@id":"https:\/\/maisondariane.ca\/es\/socios-donantes\/subvenciones-lavenue-dariane-casa-de-2a-etapa\/#primaryimage"},"thumbnailUrl":"https:\/\/maisondariane.ca\/wp-content\/uploads\/2023\/08\/p6.svg","datePublished":"2022-08-17T19:21:46+00:00","dateModified":"2022-08-17T19:22:31+00:00","breadcrumb":{"@id":"https:\/\/maisondariane.ca\/es\/socios-donantes\/subvenciones-lavenue-dariane-casa-de-2a-etapa\/#breadcrumb"},"inLanguage":"es","potentialAction":[{"@type":"ReadAction","target":["https:\/\/maisondariane.ca\/es\/socios-donantes\/subvenciones-lavenue-dariane-casa-de-2a-etapa\/"]}]},{"@type":"ImageObject","inLanguage":"es","@id":"https:\/\/maisondariane.ca\/es\/socios-donantes\/subvenciones-lavenue-dariane-casa-de-2a-etapa\/#primaryimage","url":"https:\/\/maisondariane.ca\/wp-content\/uploads\/2023\/08\/p6.svg","contentUrl":"https:\/\/maisondariane.ca\/wp-content\/uploads\/2023\/08\/p6.svg"},{"@type":"BreadcrumbList","@id":"https:\/\/maisondariane.ca\/es\/socios-donantes\/subvenciones-lavenue-dariane-casa-de-2a-etapa\/#breadcrumb","itemListElement":[{"@type":"ListItem","position":1,"name":"Accueil","item":"https:\/\/maisondariane.ca\/es\/"},{"@type":"ListItem","position":2,"name":"Socios \/ Donantes","item":"https:\/\/maisondariane.ca\/es\/socios-donantes\/"},{"@type":"ListItem","position":3,"name":"SUBVENCIONES \u2013 L\u2019AVENUE D\u2019ARIANE \u2013 CASA DE 2A ETAPA"}]},{"@type":"WebSite","@id":"https:\/\/maisondariane.ca\/#website","url":"https:\/\/maisondariane.ca\/","name":"La maison d&#039;ariane","description":"Just another WordPress site","potentialAction":[{"@type":"SearchAction","target":{"@type":"EntryPoint","urlTemplate":"https:\/\/maisondariane.ca\/?s={search_term_string}"},"query-input":{"@type":"PropertyValueSpecification","valueRequired":true,"valueName":"search_term_string"}}],"inLanguage":"es"}]}},"_links":{"self":[{"href":"https:\/\/maisondariane.ca\/es\/wp-json\/wp\/v2\/pages\/1958","targetHints":{"allow":["GET"]}}],"collection":[{"href":"https:\/\/maisondariane.ca\/es\/wp-json\/wp\/v2\/pages"}],"about":[{"href":"https:\/\/maisondariane.ca\/es\/wp-json\/wp\/v2\/types\/page"}],"author":[{"embeddable":true,"href":"https:\/\/maisondariane.ca\/es\/wp-json\/wp\/v2\/users\/2"}],"replies":[{"embeddable":true,"href":"https:\/\/maisondariane.ca\/es\/wp-json\/wp\/v2\/comments?post=1958"}],"version-history":[{"count":1,"href":"https:\/\/maisondariane.ca\/es\/wp-json\/wp\/v2\/pages\/1958\/revisions"}],"predecessor-version":[{"id":1959,"href":"https:\/\/maisondariane.ca\/es\/wp-json\/wp\/v2\/pages\/1958\/revisions\/1959"}],"up":[{"embeddable":true,"href":"https:\/\/maisondariane.ca\/es\/wp-json\/wp\/v2\/pages\/541"}],"wp:featuredmedia":[{"embeddable":true,"href":"https:\/\/maisondariane.ca\/es\/wp-json\/wp\/v2\/media\/5584"}],"wp:attachment":[{"href":"https:\/\/maisondariane.ca\/es\/wp-json\/wp\/v2\/media?parent=1958"}],"curies":[{"name":"wp","href":"https:\/\/api.w.org\/{rel}","templated":true}]}}