{"id":1952,"date":"2022-08-17T15:17:06","date_gmt":"2022-08-17T19:17:06","guid":{"rendered":"https:\/\/maisondariane.ca\/socios-donantes\/presidence-dhonneur-campagne-de-financement\/"},"modified":"2022-08-29T12:54:45","modified_gmt":"2022-08-29T16:54:45","slug":"campana-de-financiacion-presidencia-de-honor","status":"publish","type":"page","link":"https:\/\/maisondariane.ca\/es\/socios-donantes\/campana-de-financiacion-presidencia-de-honor\/","title":{"rendered":"CAMPA\u00d1A DE FINANCIACI\u00d3N \u2013 PRESIDENCIA DE HONOR"},"content":{"rendered":"<p><a class=\"bb_retour\" href=\"https:\/\/maisondariane.ca\/es\/socios-donantes\/#bbloc4\">Volver<\/a><\/p>\n<div class=\"back_bpart\">\n<div class=\"bloc_part25\">\n<h3 class=\"h3_part2\">CAMPA\u00d1A DE FINANCIACI\u00d3N \u2013 PRESIDENCIA DE HONOR<\/h3>\n<table class=\"tabl_part tabl_part2\">\n<tr>\n<th rowspan=\"3\">2021-2022<\/th>\n<td><img decoding=\"async\" src=\"\/wp-content\/themes\/maisondariane\/assets\/images\/logo\/logo200.jpg\" alt=\"\"><br \/><strong>Mme Caroline Deschamps<\/strong><\/td>\n<td><img decoding=\"async\" src=\"\/wp-content\/themes\/maisondariane\/assets\/images\/logo\/logo201.png\" alt=\"\"><br \/><strong>Mme Catherine Gigu\u00e8re<\/strong><\/td>\n<td><img decoding=\"async\" src=\"\/wp-content\/themes\/maisondariane\/assets\/images\/logo\/logo203.png\" alt=\"\"><br \/><strong>Me Jos\u00e9e Cantin<\/strong><\/td>\n<\/tr>\n<tr>\n<td><img decoding=\"async\" src=\"\/wp-content\/themes\/maisondariane\/assets\/images\/logo\/logo204.png\" alt=\"\"><br \/><strong>Me Julie Lavoie<\/strong><\/td>\n<td><img decoding=\"async\" src=\"\/wp-content\/themes\/maisondariane\/assets\/images\/logo\/logo205.png\" alt=\"\"><br \/><strong>Mme Louise Bergeron<\/strong><\/td>\n<td><img decoding=\"async\" src=\"\/wp-content\/themes\/maisondariane\/assets\/images\/logo\/logo202.png\" alt=\"\"><br \/><strong>Mme Marie-Jos\u00e9e Pich\u00e9<\/strong><\/td>\n<\/tr>\n<tr>\n<td><img decoding=\"async\" src=\"\/wp-content\/themes\/maisondariane\/assets\/images\/logo\/logo206.png\" alt=\"\"><br \/><strong>Mme Maryse Lachance<\/strong><\/td>\n<td><img decoding=\"async\" src=\"\/wp-content\/themes\/maisondariane\/assets\/images\/logo\/logo207.png\" alt=\"\"><br \/><strong>Me M\u00e9lanie Fleurant<\/strong><\/td>\n<td><img decoding=\"async\" src=\"\/wp-content\/themes\/maisondariane\/assets\/images\/logo\/logo208.png\" alt=\"\"><br \/><strong>Me M\u00e9lanie St-Onge<\/strong><\/td>\n<\/tr>\n<tr>\n<th>2020-2021<\/th>\n<td colspan=\"3\">Aucune \u2013 D\u00fb \u00e0 la pand\u00e9mie<\/td>\n<\/tr>\n<tr>\n<th>2019-2020<\/th>\n<td><img decoding=\"async\" src=\"\/wp-content\/themes\/maisondariane\/assets\/images\/logo\/logo202.png\" alt=\"\"><br \/><strong>Mme Marie-Jos\u00e9e Pich\u00e9<\/strong><\/td>\n<td><img decoding=\"async\" src=\"\/wp-content\/themes\/maisondariane\/assets\/images\/logo\/logo204.png\" alt=\"\"><br \/><strong>Me Julie Lavoie<\/strong><\/td>\n<td><\/td>\n<\/tr>\n<tr>\n<th>2018-2019<\/th>\n<td><img decoding=\"async\" src=\"\/wp-content\/themes\/maisondariane\/assets\/images\/logo\/logo203.png\" alt=\"\"><br \/><strong>Me Jos\u00e9e Cantin<\/strong><\/td>\n<td><\/td>\n<td><\/td>\n<\/tr>\n<tr>\n<th>2017-2018<\/th>\n<td><img decoding=\"async\" src=\"\/wp-content\/themes\/maisondariane\/assets\/images\/logo\/logo206.png\" alt=\"\"><br \/><strong>Mme Maryse Lachance<\/strong><\/td>\n<td><\/td>\n<td><\/td>\n<\/tr>\n<tr>\n<th>2016-2017<\/th>\n<td><img decoding=\"async\" src=\"\/wp-content\/themes\/maisondariane\/assets\/images\/logo\/logo207.png\" alt=\"\"><br \/><strong>Me M\u00e9lanie Fleurant<\/strong><\/td>\n<td><\/td>\n<td><\/td>\n<\/tr>\n<tr>\n<th>2015-2016<\/th>\n<td><strong>Me M\u00e9lanie St-Onge<\/strong><\/td>\n<td><\/td>\n<td><\/td>\n<\/tr>\n<tr>\n<th>2014-2015<\/th>\n<td><img decoding=\"async\" src=\"\/wp-content\/themes\/maisondariane\/assets\/images\/logo\/logo201.png\" alt=\"\"><br \/><strong>Mme Catherine Gigu\u00e8re<\/strong><\/td>\n<td><\/td>\n<td><\/td>\n<\/tr>\n<tr>\n<th>2013-2014<\/th>\n<td><img decoding=\"async\" src=\"\/wp-content\/themes\/maisondariane\/assets\/images\/logo\/logo200.jpg\" alt=\"\"><br \/><strong>Mme Caroline Deschamps<\/strong><\/td>\n<td><\/td>\n<td><\/td>\n<\/tr>\n<tr>\n<th>2012-2013<\/th>\n<td><img decoding=\"async\" src=\"\/wp-content\/themes\/maisondariane\/assets\/images\/logo\/logo205.png\" alt=\"\"><br \/><strong>Mme Sylvie Tremblay<\/strong><\/td>\n<td><\/td>\n<td><\/td>\n<\/tr>\n<\/table><\/div>\n<\/div>\n","protected":false},"excerpt":{"rendered":"<p>Volver CAMPA\u00d1A DE FINANCIACI\u00d3N \u2013 PRESIDENCIA DE HONOR 2021-2022 Mme Caroline Deschamps Mme Catherine Gigu\u00e8re Me Jos\u00e9e Cantin Me Julie Lavoie Mme Louise Bergeron Mme Marie-Jos\u00e9e Pich\u00e9 Mme Maryse Lachance Me M\u00e9lanie Fleurant Me M\u00e9lanie St-Onge 2020-2021 Aucune \u2013 D\u00fb \u00e0 la pand\u00e9mie 2019-2020 Mme Marie-Jos\u00e9e Pich\u00e9 Me Julie Lavoie 2018-2019 Me Jos\u00e9e Cantin 2017-2018 [&hellip;]<\/p>\n","protected":false},"author":2,"featured_media":5588,"parent":541,"menu_order":0,"comment_status":"closed","ping_status":"closed","template":"","meta":{"_acf_changed":false,"inline_featured_image":false,"footnotes":""},"class_list":["post-1952","page","type-page","status-publish","has-post-thumbnail","hentry"],"acf":[],"yoast_head":"<!-- This site is optimized with the Yoast SEO plugin v27.1.1 - https:\/\/yoast.com\/product\/yoast-seo-wordpress\/ -->\n<title>CAMPA\u00d1A DE FINANCIACI\u00d3N \u2013 PRESIDENCIA DE HONOR - La maison d&#039;ariane<\/title>\n<meta name=\"robots\" content=\"index, follow, max-snippet:-1, max-image-preview:large, max-video-preview:-1\" \/>\n<link rel=\"canonical\" href=\"https:\/\/maisondariane.ca\/es\/socios-donantes\/campana-de-financiacion-presidencia-de-honor\/\" \/>\n<meta property=\"og:locale\" content=\"es_ES\" \/>\n<meta property=\"og:type\" content=\"article\" \/>\n<meta property=\"og:title\" content=\"CAMPA\u00d1A DE FINANCIACI\u00d3N \u2013 PRESIDENCIA DE HONOR - La maison d&#039;ariane\" \/>\n<meta property=\"og:description\" content=\"Volver CAMPA\u00d1A DE FINANCIACI\u00d3N \u2013 PRESIDENCIA DE HONOR 2021-2022 Mme Caroline Deschamps Mme Catherine Gigu\u00e8re Me Jos\u00e9e Cantin Me Julie Lavoie Mme Louise Bergeron Mme Marie-Jos\u00e9e Pich\u00e9 Mme Maryse Lachance Me M\u00e9lanie Fleurant Me M\u00e9lanie St-Onge 2020-2021 Aucune \u2013 D\u00fb \u00e0 la pand\u00e9mie 2019-2020 Mme Marie-Jos\u00e9e Pich\u00e9 Me Julie Lavoie 2018-2019 Me Jos\u00e9e Cantin 2017-2018 [&hellip;]\" \/>\n<meta property=\"og:url\" content=\"https:\/\/maisondariane.ca\/es\/socios-donantes\/campana-de-financiacion-presidencia-de-honor\/\" \/>\n<meta property=\"og:site_name\" content=\"La maison d&#039;ariane\" \/>\n<meta property=\"article:modified_time\" content=\"2022-08-29T16:54:45+00:00\" \/>\n<meta name=\"twitter:card\" content=\"summary_large_image\" \/>\n<script type=\"application\/ld+json\" class=\"yoast-schema-graph\">{\"@context\":\"https:\/\/schema.org\",\"@graph\":[{\"@type\":\"WebPage\",\"@id\":\"https:\/\/maisondariane.ca\/es\/socios-donantes\/campana-de-financiacion-presidencia-de-honor\/\",\"url\":\"https:\/\/maisondariane.ca\/es\/socios-donantes\/campana-de-financiacion-presidencia-de-honor\/\",\"name\":\"CAMPA\u00d1A DE FINANCIACI\u00d3N \u2013 PRESIDENCIA DE HONOR - La maison d&#039;ariane\",\"isPartOf\":{\"@id\":\"https:\/\/maisondariane.ca\/#website\"},\"primaryImageOfPage\":{\"@id\":\"https:\/\/maisondariane.ca\/es\/socios-donantes\/campana-de-financiacion-presidencia-de-honor\/#primaryimage\"},\"image\":{\"@id\":\"https:\/\/maisondariane.ca\/es\/socios-donantes\/campana-de-financiacion-presidencia-de-honor\/#primaryimage\"},\"thumbnailUrl\":\"https:\/\/maisondariane.ca\/wp-content\/uploads\/2023\/08\/p5.svg\",\"datePublished\":\"2022-08-17T19:17:06+00:00\",\"dateModified\":\"2022-08-29T16:54:45+00:00\",\"breadcrumb\":{\"@id\":\"https:\/\/maisondariane.ca\/es\/socios-donantes\/campana-de-financiacion-presidencia-de-honor\/#breadcrumb\"},\"inLanguage\":\"es\",\"potentialAction\":[{\"@type\":\"ReadAction\",\"target\":[\"https:\/\/maisondariane.ca\/es\/socios-donantes\/campana-de-financiacion-presidencia-de-honor\/\"]}]},{\"@type\":\"ImageObject\",\"inLanguage\":\"es\",\"@id\":\"https:\/\/maisondariane.ca\/es\/socios-donantes\/campana-de-financiacion-presidencia-de-honor\/#primaryimage\",\"url\":\"https:\/\/maisondariane.ca\/wp-content\/uploads\/2023\/08\/p5.svg\",\"contentUrl\":\"https:\/\/maisondariane.ca\/wp-content\/uploads\/2023\/08\/p5.svg\"},{\"@type\":\"BreadcrumbList\",\"@id\":\"https:\/\/maisondariane.ca\/es\/socios-donantes\/campana-de-financiacion-presidencia-de-honor\/#breadcrumb\",\"itemListElement\":[{\"@type\":\"ListItem\",\"position\":1,\"name\":\"Accueil\",\"item\":\"https:\/\/maisondariane.ca\/es\/\"},{\"@type\":\"ListItem\",\"position\":2,\"name\":\"Socios \/ Donantes\",\"item\":\"https:\/\/maisondariane.ca\/es\/socios-donantes\/\"},{\"@type\":\"ListItem\",\"position\":3,\"name\":\"CAMPA\u00d1A DE FINANCIACI\u00d3N \u2013 PRESIDENCIA DE HONOR\"}]},{\"@type\":\"WebSite\",\"@id\":\"https:\/\/maisondariane.ca\/#website\",\"url\":\"https:\/\/maisondariane.ca\/\",\"name\":\"La maison d&#039;ariane\",\"description\":\"Just another WordPress site\",\"potentialAction\":[{\"@type\":\"SearchAction\",\"target\":{\"@type\":\"EntryPoint\",\"urlTemplate\":\"https:\/\/maisondariane.ca\/?s={search_term_string}\"},\"query-input\":{\"@type\":\"PropertyValueSpecification\",\"valueRequired\":true,\"valueName\":\"search_term_string\"}}],\"inLanguage\":\"es\"}]}<\/script>\n<!-- \/ Yoast SEO plugin. -->","yoast_head_json":{"title":"CAMPA\u00d1A DE FINANCIACI\u00d3N \u2013 PRESIDENCIA DE HONOR - La maison d&#039;ariane","robots":{"index":"index","follow":"follow","max-snippet":"max-snippet:-1","max-image-preview":"max-image-preview:large","max-video-preview":"max-video-preview:-1"},"canonical":"https:\/\/maisondariane.ca\/es\/socios-donantes\/campana-de-financiacion-presidencia-de-honor\/","og_locale":"es_ES","og_type":"article","og_title":"CAMPA\u00d1A DE FINANCIACI\u00d3N \u2013 PRESIDENCIA DE HONOR - La maison d&#039;ariane","og_description":"Volver CAMPA\u00d1A DE FINANCIACI\u00d3N \u2013 PRESIDENCIA DE HONOR 2021-2022 Mme Caroline Deschamps Mme Catherine Gigu\u00e8re Me Jos\u00e9e Cantin Me Julie Lavoie Mme Louise Bergeron Mme Marie-Jos\u00e9e Pich\u00e9 Mme Maryse Lachance Me M\u00e9lanie Fleurant Me M\u00e9lanie St-Onge 2020-2021 Aucune \u2013 D\u00fb \u00e0 la pand\u00e9mie 2019-2020 Mme Marie-Jos\u00e9e Pich\u00e9 Me Julie Lavoie 2018-2019 Me Jos\u00e9e Cantin 2017-2018 [&hellip;]","og_url":"https:\/\/maisondariane.ca\/es\/socios-donantes\/campana-de-financiacion-presidencia-de-honor\/","og_site_name":"La maison d&#039;ariane","article_modified_time":"2022-08-29T16:54:45+00:00","twitter_card":"summary_large_image","schema":{"@context":"https:\/\/schema.org","@graph":[{"@type":"WebPage","@id":"https:\/\/maisondariane.ca\/es\/socios-donantes\/campana-de-financiacion-presidencia-de-honor\/","url":"https:\/\/maisondariane.ca\/es\/socios-donantes\/campana-de-financiacion-presidencia-de-honor\/","name":"CAMPA\u00d1A DE FINANCIACI\u00d3N \u2013 PRESIDENCIA DE HONOR - La maison d&#039;ariane","isPartOf":{"@id":"https:\/\/maisondariane.ca\/#website"},"primaryImageOfPage":{"@id":"https:\/\/maisondariane.ca\/es\/socios-donantes\/campana-de-financiacion-presidencia-de-honor\/#primaryimage"},"image":{"@id":"https:\/\/maisondariane.ca\/es\/socios-donantes\/campana-de-financiacion-presidencia-de-honor\/#primaryimage"},"thumbnailUrl":"https:\/\/maisondariane.ca\/wp-content\/uploads\/2023\/08\/p5.svg","datePublished":"2022-08-17T19:17:06+00:00","dateModified":"2022-08-29T16:54:45+00:00","breadcrumb":{"@id":"https:\/\/maisondariane.ca\/es\/socios-donantes\/campana-de-financiacion-presidencia-de-honor\/#breadcrumb"},"inLanguage":"es","potentialAction":[{"@type":"ReadAction","target":["https:\/\/maisondariane.ca\/es\/socios-donantes\/campana-de-financiacion-presidencia-de-honor\/"]}]},{"@type":"ImageObject","inLanguage":"es","@id":"https:\/\/maisondariane.ca\/es\/socios-donantes\/campana-de-financiacion-presidencia-de-honor\/#primaryimage","url":"https:\/\/maisondariane.ca\/wp-content\/uploads\/2023\/08\/p5.svg","contentUrl":"https:\/\/maisondariane.ca\/wp-content\/uploads\/2023\/08\/p5.svg"},{"@type":"BreadcrumbList","@id":"https:\/\/maisondariane.ca\/es\/socios-donantes\/campana-de-financiacion-presidencia-de-honor\/#breadcrumb","itemListElement":[{"@type":"ListItem","position":1,"name":"Accueil","item":"https:\/\/maisondariane.ca\/es\/"},{"@type":"ListItem","position":2,"name":"Socios \/ Donantes","item":"https:\/\/maisondariane.ca\/es\/socios-donantes\/"},{"@type":"ListItem","position":3,"name":"CAMPA\u00d1A DE FINANCIACI\u00d3N \u2013 PRESIDENCIA DE HONOR"}]},{"@type":"WebSite","@id":"https:\/\/maisondariane.ca\/#website","url":"https:\/\/maisondariane.ca\/","name":"La maison d&#039;ariane","description":"Just another WordPress site","potentialAction":[{"@type":"SearchAction","target":{"@type":"EntryPoint","urlTemplate":"https:\/\/maisondariane.ca\/?s={search_term_string}"},"query-input":{"@type":"PropertyValueSpecification","valueRequired":true,"valueName":"search_term_string"}}],"inLanguage":"es"}]}},"_links":{"self":[{"href":"https:\/\/maisondariane.ca\/es\/wp-json\/wp\/v2\/pages\/1952","targetHints":{"allow":["GET"]}}],"collection":[{"href":"https:\/\/maisondariane.ca\/es\/wp-json\/wp\/v2\/pages"}],"about":[{"href":"https:\/\/maisondariane.ca\/es\/wp-json\/wp\/v2\/types\/page"}],"author":[{"embeddable":true,"href":"https:\/\/maisondariane.ca\/es\/wp-json\/wp\/v2\/users\/2"}],"replies":[{"embeddable":true,"href":"https:\/\/maisondariane.ca\/es\/wp-json\/wp\/v2\/comments?post=1952"}],"version-history":[{"count":2,"href":"https:\/\/maisondariane.ca\/es\/wp-json\/wp\/v2\/pages\/1952\/revisions"}],"predecessor-version":[{"id":1968,"href":"https:\/\/maisondariane.ca\/es\/wp-json\/wp\/v2\/pages\/1952\/revisions\/1968"}],"up":[{"embeddable":true,"href":"https:\/\/maisondariane.ca\/es\/wp-json\/wp\/v2\/pages\/541"}],"wp:featuredmedia":[{"embeddable":true,"href":"https:\/\/maisondariane.ca\/es\/wp-json\/wp\/v2\/media\/5588"}],"wp:attachment":[{"href":"https:\/\/maisondariane.ca\/es\/wp-json\/wp\/v2\/media?parent=1952"}],"curies":[{"name":"wp","href":"https:\/\/api.w.org\/{rel}","templated":true}]}}