{"id":1938,"date":"2022-08-17T15:00:52","date_gmt":"2022-08-17T19:00:52","guid":{"rendered":"https:\/\/maisondariane.ca\/socios-donantes\/donantes-500-a-4-999-la-maison-dariane-casa-de-1a-etapa\/"},"modified":"2022-08-17T15:00:52","modified_gmt":"2022-08-17T19:00:52","slug":"donantes-500-a-4-999-la-maison-dariane-casa-de-1a-etapa","status":"publish","type":"page","link":"https:\/\/maisondariane.ca\/es\/socios-donantes\/donantes-500-a-4-999-la-maison-dariane-casa-de-1a-etapa\/","title":{"rendered":"DONANTES (500 $ A 4 999 $) \u2013 LA MAISON D\u2019ARIANE \u2013 CASA DE 1<sup>A<\/sup> ETAPA"},"content":{"rendered":"<p><a class=\"bb_retour\" href=\"https:\/\/maisondariane.ca\/es\/socios-donantes\/#bbloc2\">Volver<\/a><\/p>\n<div class=\"back_bpart\">\n<div class=\"bloc_part25\">\n<h3 class=\"h3_part2\">DONANTES (500 $ A 4 999 $) \u2013 LA MAISON D\u2019ARIANE \u2013 CASA DE 1<sup>A<\/sup> ETAPA<\/h3>\n<table class=\"tabl_part\">\n<tr class=\"fixestr\">\n<th>2022-2023<\/th>\n<th>2021-2022<\/th>\n<th>2020-2021<\/th>\n<\/tr>\n<tr class=\"fixestr2\">\n<td>Association du<br \/><img decoding=\"async\" src=\"\/wp-content\/themes\/maisondariane\/assets\/images\/logo\/logo10.png\" alt=\"\"><\/td>\n<td>Association G\u00e9n\u00e9rale \u00c9tudiante du C\u00c9GEP de Saint-J\u00e9r\u00f4me<br \/><img decoding=\"async\" src=\"\/wp-content\/themes\/maisondariane\/assets\/images\/logo\/logo11.png\" alt=\"\"><\/td>\n<td><img decoding=\"async\" src=\"\/wp-content\/themes\/maisondariane\/assets\/images\/logo\/logo12.png\" alt=\"\"><\/td>\n<\/tr>\n<tr>\n<td><img decoding=\"async\" src=\"\/wp-content\/themes\/maisondariane\/assets\/images\/logo\/logo12.png\" alt=\"\"><\/td>\n<td><\/td>\n<td><\/td>\n<\/tr>\n<tr>\n<td><\/td>\n<td><img decoding=\"async\" src=\"\/wp-content\/themes\/maisondariane\/assets\/images\/logo\/logo13.png\" alt=\"\"><\/td>\n<td><img decoding=\"async\" src=\"\/wp-content\/themes\/maisondariane\/assets\/images\/logo\/logo14.png\" alt=\"\"><\/td>\n<\/tr>\n<tr>\n<td><\/td>\n<td><strong>BELL CANADA<br \/>EMPLOYEES\u2019 CHARITY TRUST<\/strong><\/td>\n<td><strong>IMPLICATION PERSONNELLE:<\/strong><br \/>Bizzotto, Carol (M.)<\/td>\n<\/tr>\n<tr>\n<td><strong>IMPLICATION PERSONNELLE:<\/strong><br \/>Chalifour, Micheline (Mme) et Roger (M.)<\/td>\n<td><img decoding=\"async\" src=\"\/wp-content\/themes\/maisondariane\/assets\/images\/logo\/logo15.png\" alt=\"\"><\/td>\n<td><img decoding=\"async\" src=\"\/wp-content\/themes\/maisondariane\/assets\/images\/logo\/logo4.jpg\" alt=\"\"><\/td>\n<\/tr>\n<tr>\n<td><\/td>\n<td><img decoding=\"async\" src=\"\/wp-content\/themes\/maisondariane\/assets\/images\/logo\/logo16.jpg\" alt=\"\"><\/td>\n<td>Carrefour du Nord<br \/><img decoding=\"async\" src=\"\/wp-content\/themes\/maisondariane\/assets\/images\/logo\/logo17.png\" alt=\"\"><\/td>\n<\/tr>\n<tr>\n<td><\/td>\n<td><img decoding=\"async\" src=\"\/wp-content\/themes\/maisondariane\/assets\/images\/logo\/logo18.png\" alt=\"\"><\/td>\n<td><img decoding=\"async\" src=\"\/wp-content\/themes\/maisondariane\/assets\/images\/logo\/logo19.png\" alt=\"\"><\/td>\n<\/tr>\n<tr>\n<td><\/td>\n<td><strong>IMPLICATION PERSONNELLE:<\/strong><br \/>Chalifour, Micheline (Mme) et Roger (M.)<br \/>Coupal, Claude (M.)<\/td>\n<td><strong>IMPLICATION PERSONNELLE:<\/strong><br \/>Chassin, Youri (D\u00e9put\u00e9 de St-J\u00e9r\u00f4me)<br \/>Lalande, Nadine (Mme)<\/td>\n<\/tr>\n<tr>\n<td><img decoding=\"async\" src=\"\/wp-content\/themes\/maisondariane\/assets\/images\/logo\/logo20.png\" alt=\"\"><\/td>\n<td><img decoding=\"async\" src=\"\/wp-content\/themes\/maisondariane\/assets\/images\/logo\/logo20.png\" alt=\"\"><\/td>\n<td><img decoding=\"async\" src=\"\/wp-content\/themes\/maisondariane\/assets\/images\/logo\/logo20.png\" alt=\"\"><\/td>\n<\/tr>\n<tr>\n<td><\/td>\n<td><strong>IMPLICATION PERSONNELLE:<\/strong><br \/>Flibotte, Andr\u00e9 (M.) et Ghislaine (Mme)<\/td>\n<td><img decoding=\"async\" src=\"\/wp-content\/themes\/maisondariane\/assets\/images\/logo\/logo21.png\" alt=\"\"><\/td>\n<\/tr>\n<tr>\n<td><\/td>\n<td><\/td>\n<td><strong>IMPLICATION PERSONNELLE:<\/strong><br \/>Fecteau, Marie-Claude (Mme)<br \/>Forand, Nathaniel (M.)<\/td>\n<\/tr>\n<tr>\n<td><\/td>\n<td><\/td>\n<td><strong>IMPLICATION PERSONNELLE:<\/strong><br \/>Hamel, Andr\u00e9 (M.)<\/td>\n<\/tr>\n<tr>\n<td><\/td>\n<td><\/td>\n<td><img decoding=\"async\" src=\"\/wp-content\/themes\/maisondariane\/assets\/images\/logo\/logo23.png\" alt=\"\"><br \/><img decoding=\"async\" src=\"\/wp-content\/themes\/maisondariane\/assets\/images\/logo\/logo24.png\" alt=\"\"><\/td>\n<\/tr>\n<tr>\n<td><\/td>\n<td><\/td>\n<td><img decoding=\"async\" src=\"\/wp-content\/themes\/maisondariane\/assets\/images\/logo\/logo22.png\" alt=\"\"><\/td>\n<\/tr>\n<tr>\n<td><\/td>\n<td><\/td>\n<td><strong>IMPLICATION PERSONNELLE:<\/strong><br \/>Lalande, Nadine (Mme)<\/td>\n<\/tr>\n<tr>\n<td><\/td>\n<td>MUNICIPALIT\u00c9 DE<br \/><img decoding=\"async\" src=\"\/wp-content\/themes\/maisondariane\/assets\/images\/logo\/logo25.png\" alt=\"\"><\/td>\n<td><\/td>\n<\/tr>\n<tr>\n<td><\/td>\n<td><strong>IMPLICATION PERSONNELLE:<\/strong><br \/>Manseau, Sylvie (Mme)<\/td>\n<td><\/td>\n<\/tr>\n<tr>\n<td><\/td>\n<td><strong>IMPLICATION PERSONNELLE:<\/strong><br \/>Pepin, Diane (Mme) <\/td>\n<td><img decoding=\"async\" src=\"\/wp-content\/themes\/maisondariane\/assets\/images\/logo\/logo26.png\" alt=\"\"><\/td>\n<\/tr>\n<tr>\n<td><\/td>\n<td>Pharmacien-propri\u00e9taire: Julien Desroches, Josey-Michel Milius<br \/><img decoding=\"async\" src=\"\/wp-content\/themes\/maisondariane\/assets\/images\/logo\/logo3.png\" alt=\"\"><\/td>\n<td>Pharmacien-propri\u00e9taire: Julien Desroches, Josey-Michel Milius<br \/><img decoding=\"async\" src=\"\/wp-content\/themes\/maisondariane\/assets\/images\/logo\/logo3.png\" alt=\"\"><\/td>\n<\/tr>\n<tr>\n<td><\/td>\n<td><\/td>\n<td><strong>IMPLICATION PERSONNELLE:<\/strong><br \/>Pich\u00e9, Dominique (Mme) <\/td>\n<\/tr>\n<tr>\n<td>Succession de Yolande Paradis<\/td>\n<td><img decoding=\"async\" src=\"\/wp-content\/themes\/maisondariane\/assets\/images\/logo\/logo27.png\" alt=\"\"><\/td>\n<td><img decoding=\"async\" src=\"\/wp-content\/themes\/maisondariane\/assets\/images\/logo\/logo28.png\" alt=\"\"><\/td>\n<\/tr>\n<tr>\n<td><\/td>\n<td><img decoding=\"async\" src=\"\/wp-content\/themes\/maisondariane\/assets\/images\/logo\/logo29.png\" alt=\"\"><\/td>\n<td>Succession Claude Beaulieu<\/td>\n<\/tr>\n<tr>\n<td><strong>IMPLICATION PERSONNELLE:<\/strong><br \/>Tanguay, Lise (Mme) et Fran\u00e7ois (M.)<\/td>\n<td><\/td>\n<td><\/td>\n<\/tr>\n<tr>\n<td><\/td>\n<td><\/td>\n<td><img decoding=\"async\" src=\"\/wp-content\/themes\/maisondariane\/assets\/images\/logo\/logo30.png\" alt=\"\"><\/td>\n<\/tr>\n<tr>\n<td><\/td>\n<td><img decoding=\"async\" src=\"\/wp-content\/themes\/maisondariane\/assets\/images\/logo\/logo31.png\" alt=\"\"><\/td>\n<td><img decoding=\"async\" src=\"\/wp-content\/themes\/maisondariane\/assets\/images\/logo\/logo32.png\" alt=\"\"><br \/>CARREFOUR DU NORD<\/td>\n<\/tr>\n<\/table><\/div>\n<\/div>\n","protected":false},"excerpt":{"rendered":"<p>Volver DONANTES (500 $ A 4 999 $) \u2013 LA MAISON D\u2019ARIANE \u2013 CASA DE 1A ETAPA 2022-2023 2021-2022 2020-2021 Association du Association G\u00e9n\u00e9rale \u00c9tudiante du C\u00c9GEP de Saint-J\u00e9r\u00f4me BELL CANADAEMPLOYEES\u2019 CHARITY TRUST IMPLICATION PERSONNELLE:Bizzotto, Carol (M.) IMPLICATION PERSONNELLE:Chalifour, Micheline (Mme) et Roger (M.) Carrefour du Nord IMPLICATION PERSONNELLE:Chalifour, Micheline (Mme) et Roger (M.)Coupal, Claude [&hellip;]<\/p>\n","protected":false},"author":2,"featured_media":5596,"parent":541,"menu_order":0,"comment_status":"closed","ping_status":"closed","template":"","meta":{"_acf_changed":false,"inline_featured_image":false,"footnotes":""},"class_list":["post-1938","page","type-page","status-publish","has-post-thumbnail","hentry"],"acf":[],"yoast_head":"<!-- This site is optimized with the Yoast SEO plugin v27.1.1 - https:\/\/yoast.com\/product\/yoast-seo-wordpress\/ -->\n<title>DONANTES (500 $ A 4 999 $) \u2013 LA MAISON D\u2019ARIANE \u2013 CASA DE 1A ETAPA - La maison d&#039;ariane<\/title>\n<meta name=\"robots\" content=\"index, follow, max-snippet:-1, max-image-preview:large, max-video-preview:-1\" \/>\n<link rel=\"canonical\" href=\"https:\/\/maisondariane.ca\/es\/socios-donantes\/donantes-500-a-4-999-la-maison-dariane-casa-de-1a-etapa\/\" \/>\n<meta property=\"og:locale\" content=\"es_ES\" \/>\n<meta property=\"og:type\" content=\"article\" \/>\n<meta property=\"og:title\" content=\"DONANTES (500 $ A 4 999 $) \u2013 LA MAISON D\u2019ARIANE \u2013 CASA DE 1A ETAPA - La maison d&#039;ariane\" \/>\n<meta property=\"og:description\" content=\"Volver DONANTES (500 $ A 4 999 $) \u2013 LA MAISON D\u2019ARIANE \u2013 CASA DE 1A ETAPA 2022-2023 2021-2022 2020-2021 Association du Association G\u00e9n\u00e9rale \u00c9tudiante du C\u00c9GEP de Saint-J\u00e9r\u00f4me BELL CANADAEMPLOYEES\u2019 CHARITY TRUST IMPLICATION PERSONNELLE:Bizzotto, Carol (M.) IMPLICATION PERSONNELLE:Chalifour, Micheline (Mme) et Roger (M.) Carrefour du Nord IMPLICATION PERSONNELLE:Chalifour, Micheline (Mme) et Roger (M.)Coupal, Claude [&hellip;]\" \/>\n<meta property=\"og:url\" content=\"https:\/\/maisondariane.ca\/es\/socios-donantes\/donantes-500-a-4-999-la-maison-dariane-casa-de-1a-etapa\/\" \/>\n<meta property=\"og:site_name\" content=\"La maison d&#039;ariane\" \/>\n<meta name=\"twitter:card\" content=\"summary_large_image\" \/>\n<meta name=\"twitter:label1\" content=\"Tiempo de lectura\" \/>\n\t<meta name=\"twitter:data1\" content=\"1 minuto\" \/>\n<script type=\"application\/ld+json\" class=\"yoast-schema-graph\">{\"@context\":\"https:\/\/schema.org\",\"@graph\":[{\"@type\":\"WebPage\",\"@id\":\"https:\/\/maisondariane.ca\/es\/socios-donantes\/donantes-500-a-4-999-la-maison-dariane-casa-de-1a-etapa\/\",\"url\":\"https:\/\/maisondariane.ca\/es\/socios-donantes\/donantes-500-a-4-999-la-maison-dariane-casa-de-1a-etapa\/\",\"name\":\"DONANTES (500 $ A 4 999 $) \u2013 LA MAISON D\u2019ARIANE \u2013 CASA DE 1A ETAPA - La maison d&#039;ariane\",\"isPartOf\":{\"@id\":\"https:\/\/maisondariane.ca\/#website\"},\"primaryImageOfPage\":{\"@id\":\"https:\/\/maisondariane.ca\/es\/socios-donantes\/donantes-500-a-4-999-la-maison-dariane-casa-de-1a-etapa\/#primaryimage\"},\"image\":{\"@id\":\"https:\/\/maisondariane.ca\/es\/socios-donantes\/donantes-500-a-4-999-la-maison-dariane-casa-de-1a-etapa\/#primaryimage\"},\"thumbnailUrl\":\"https:\/\/maisondariane.ca\/wp-content\/uploads\/2023\/08\/p3.svg\",\"datePublished\":\"2022-08-17T19:00:52+00:00\",\"breadcrumb\":{\"@id\":\"https:\/\/maisondariane.ca\/es\/socios-donantes\/donantes-500-a-4-999-la-maison-dariane-casa-de-1a-etapa\/#breadcrumb\"},\"inLanguage\":\"es\",\"potentialAction\":[{\"@type\":\"ReadAction\",\"target\":[\"https:\/\/maisondariane.ca\/es\/socios-donantes\/donantes-500-a-4-999-la-maison-dariane-casa-de-1a-etapa\/\"]}]},{\"@type\":\"ImageObject\",\"inLanguage\":\"es\",\"@id\":\"https:\/\/maisondariane.ca\/es\/socios-donantes\/donantes-500-a-4-999-la-maison-dariane-casa-de-1a-etapa\/#primaryimage\",\"url\":\"https:\/\/maisondariane.ca\/wp-content\/uploads\/2023\/08\/p3.svg\",\"contentUrl\":\"https:\/\/maisondariane.ca\/wp-content\/uploads\/2023\/08\/p3.svg\"},{\"@type\":\"BreadcrumbList\",\"@id\":\"https:\/\/maisondariane.ca\/es\/socios-donantes\/donantes-500-a-4-999-la-maison-dariane-casa-de-1a-etapa\/#breadcrumb\",\"itemListElement\":[{\"@type\":\"ListItem\",\"position\":1,\"name\":\"Accueil\",\"item\":\"https:\/\/maisondariane.ca\/es\/\"},{\"@type\":\"ListItem\",\"position\":2,\"name\":\"Socios \/ Donantes\",\"item\":\"https:\/\/maisondariane.ca\/es\/socios-donantes\/\"},{\"@type\":\"ListItem\",\"position\":3,\"name\":\"DONANTES (500 $ A 4 999 $) \u2013 LA MAISON D\u2019ARIANE \u2013 CASA DE 1A ETAPA\"}]},{\"@type\":\"WebSite\",\"@id\":\"https:\/\/maisondariane.ca\/#website\",\"url\":\"https:\/\/maisondariane.ca\/\",\"name\":\"La maison d&#039;ariane\",\"description\":\"Just another WordPress site\",\"potentialAction\":[{\"@type\":\"SearchAction\",\"target\":{\"@type\":\"EntryPoint\",\"urlTemplate\":\"https:\/\/maisondariane.ca\/?s={search_term_string}\"},\"query-input\":{\"@type\":\"PropertyValueSpecification\",\"valueRequired\":true,\"valueName\":\"search_term_string\"}}],\"inLanguage\":\"es\"}]}<\/script>\n<!-- \/ Yoast SEO plugin. -->","yoast_head_json":{"title":"DONANTES (500 $ A 4 999 $) \u2013 LA MAISON D\u2019ARIANE \u2013 CASA DE 1A ETAPA - La maison d&#039;ariane","robots":{"index":"index","follow":"follow","max-snippet":"max-snippet:-1","max-image-preview":"max-image-preview:large","max-video-preview":"max-video-preview:-1"},"canonical":"https:\/\/maisondariane.ca\/es\/socios-donantes\/donantes-500-a-4-999-la-maison-dariane-casa-de-1a-etapa\/","og_locale":"es_ES","og_type":"article","og_title":"DONANTES (500 $ A 4 999 $) \u2013 LA MAISON D\u2019ARIANE \u2013 CASA DE 1A ETAPA - La maison d&#039;ariane","og_description":"Volver DONANTES (500 $ A 4 999 $) \u2013 LA MAISON D\u2019ARIANE \u2013 CASA DE 1A ETAPA 2022-2023 2021-2022 2020-2021 Association du Association G\u00e9n\u00e9rale \u00c9tudiante du C\u00c9GEP de Saint-J\u00e9r\u00f4me BELL CANADAEMPLOYEES\u2019 CHARITY TRUST IMPLICATION PERSONNELLE:Bizzotto, Carol (M.) IMPLICATION PERSONNELLE:Chalifour, Micheline (Mme) et Roger (M.) Carrefour du Nord IMPLICATION PERSONNELLE:Chalifour, Micheline (Mme) et Roger (M.)Coupal, Claude [&hellip;]","og_url":"https:\/\/maisondariane.ca\/es\/socios-donantes\/donantes-500-a-4-999-la-maison-dariane-casa-de-1a-etapa\/","og_site_name":"La maison d&#039;ariane","twitter_card":"summary_large_image","twitter_misc":{"Tiempo de lectura":"1 minuto"},"schema":{"@context":"https:\/\/schema.org","@graph":[{"@type":"WebPage","@id":"https:\/\/maisondariane.ca\/es\/socios-donantes\/donantes-500-a-4-999-la-maison-dariane-casa-de-1a-etapa\/","url":"https:\/\/maisondariane.ca\/es\/socios-donantes\/donantes-500-a-4-999-la-maison-dariane-casa-de-1a-etapa\/","name":"DONANTES (500 $ A 4 999 $) \u2013 LA MAISON D\u2019ARIANE \u2013 CASA DE 1A ETAPA - La maison d&#039;ariane","isPartOf":{"@id":"https:\/\/maisondariane.ca\/#website"},"primaryImageOfPage":{"@id":"https:\/\/maisondariane.ca\/es\/socios-donantes\/donantes-500-a-4-999-la-maison-dariane-casa-de-1a-etapa\/#primaryimage"},"image":{"@id":"https:\/\/maisondariane.ca\/es\/socios-donantes\/donantes-500-a-4-999-la-maison-dariane-casa-de-1a-etapa\/#primaryimage"},"thumbnailUrl":"https:\/\/maisondariane.ca\/wp-content\/uploads\/2023\/08\/p3.svg","datePublished":"2022-08-17T19:00:52+00:00","breadcrumb":{"@id":"https:\/\/maisondariane.ca\/es\/socios-donantes\/donantes-500-a-4-999-la-maison-dariane-casa-de-1a-etapa\/#breadcrumb"},"inLanguage":"es","potentialAction":[{"@type":"ReadAction","target":["https:\/\/maisondariane.ca\/es\/socios-donantes\/donantes-500-a-4-999-la-maison-dariane-casa-de-1a-etapa\/"]}]},{"@type":"ImageObject","inLanguage":"es","@id":"https:\/\/maisondariane.ca\/es\/socios-donantes\/donantes-500-a-4-999-la-maison-dariane-casa-de-1a-etapa\/#primaryimage","url":"https:\/\/maisondariane.ca\/wp-content\/uploads\/2023\/08\/p3.svg","contentUrl":"https:\/\/maisondariane.ca\/wp-content\/uploads\/2023\/08\/p3.svg"},{"@type":"BreadcrumbList","@id":"https:\/\/maisondariane.ca\/es\/socios-donantes\/donantes-500-a-4-999-la-maison-dariane-casa-de-1a-etapa\/#breadcrumb","itemListElement":[{"@type":"ListItem","position":1,"name":"Accueil","item":"https:\/\/maisondariane.ca\/es\/"},{"@type":"ListItem","position":2,"name":"Socios \/ Donantes","item":"https:\/\/maisondariane.ca\/es\/socios-donantes\/"},{"@type":"ListItem","position":3,"name":"DONANTES (500 $ A 4 999 $) \u2013 LA MAISON D\u2019ARIANE \u2013 CASA DE 1A ETAPA"}]},{"@type":"WebSite","@id":"https:\/\/maisondariane.ca\/#website","url":"https:\/\/maisondariane.ca\/","name":"La maison d&#039;ariane","description":"Just another WordPress site","potentialAction":[{"@type":"SearchAction","target":{"@type":"EntryPoint","urlTemplate":"https:\/\/maisondariane.ca\/?s={search_term_string}"},"query-input":{"@type":"PropertyValueSpecification","valueRequired":true,"valueName":"search_term_string"}}],"inLanguage":"es"}]}},"_links":{"self":[{"href":"https:\/\/maisondariane.ca\/es\/wp-json\/wp\/v2\/pages\/1938","targetHints":{"allow":["GET"]}}],"collection":[{"href":"https:\/\/maisondariane.ca\/es\/wp-json\/wp\/v2\/pages"}],"about":[{"href":"https:\/\/maisondariane.ca\/es\/wp-json\/wp\/v2\/types\/page"}],"author":[{"embeddable":true,"href":"https:\/\/maisondariane.ca\/es\/wp-json\/wp\/v2\/users\/2"}],"replies":[{"embeddable":true,"href":"https:\/\/maisondariane.ca\/es\/wp-json\/wp\/v2\/comments?post=1938"}],"version-history":[{"count":0,"href":"https:\/\/maisondariane.ca\/es\/wp-json\/wp\/v2\/pages\/1938\/revisions"}],"up":[{"embeddable":true,"href":"https:\/\/maisondariane.ca\/es\/wp-json\/wp\/v2\/pages\/541"}],"wp:featuredmedia":[{"embeddable":true,"href":"https:\/\/maisondariane.ca\/es\/wp-json\/wp\/v2\/media\/5596"}],"wp:attachment":[{"href":"https:\/\/maisondariane.ca\/es\/wp-json\/wp\/v2\/media?parent=1938"}],"curies":[{"name":"wp","href":"https:\/\/api.w.org\/{rel}","templated":true}]}}