{"id":1936,"date":"2022-08-17T14:56:24","date_gmt":"2022-08-17T18:56:24","guid":{"rendered":"https:\/\/maisondariane.ca\/socios-donantes\/donateurs-et-donatrices-500-a-4-999-lavenue-dariane-mh2\/"},"modified":"2022-08-17T15:09:21","modified_gmt":"2022-08-17T19:09:21","slug":"donantes-500-a-4-999-lavenue-dariane-casa-de-2a-etapa","status":"publish","type":"page","link":"https:\/\/maisondariane.ca\/es\/socios-donantes\/donantes-500-a-4-999-lavenue-dariane-casa-de-2a-etapa\/","title":{"rendered":"DONANTES (500 $ A 4 999 $) \u2013 L\u2019AVENUE D\u2019ARIANE \u2013 CASA DE 2<sup>A<\/sup> ETAPA"},"content":{"rendered":"<p><a class=\"bb_retour\" href=\"https:\/\/maisondariane.ca\/es\/socios-donantes\/#bbloc2\">Volver<\/a><\/p>\n<div class=\"back_bpart\">\n<div class=\"bloc_part25\">\n<h3 class=\"h3_part2\">DONANTES (500 $ A 4 999 $) \u2013 L\u2019AVENUE D\u2019ARIANE \u2013 CASA DE 2<sup>A<\/sup> ETAPA<\/h3>\n<table class=\"tabl_part\">\n<tr class=\"fixestr\">\n<th>2022-2023<\/th>\n<th>2021-2022<\/th>\n<th>s\/o<\/th>\n<\/tr>\n<tr class=\"fixestr2\">\n<td><img decoding=\"async\" src=\"\/wp-content\/themes\/maisondariane\/assets\/images\/logo\/logo33.png\" alt=\"\"><\/td>\n<td><img decoding=\"async\" src=\"\/wp-content\/themes\/maisondariane\/assets\/images\/logo\/logo34.png\" alt=\"\"><\/td>\n<td><\/td>\n<\/tr>\n<tr>\n<td><img decoding=\"async\" src=\"\/wp-content\/themes\/maisondariane\/assets\/images\/logo\/logo35.png\" alt=\"\"><\/td>\n<td><img decoding=\"async\" src=\"\/wp-content\/themes\/maisondariane\/assets\/images\/logo\/logo36.png\" alt=\"\"><\/td>\n<td><\/td>\n<\/tr>\n<tr>\n<td><\/td>\n<td><img decoding=\"async\" src=\"\/wp-content\/themes\/maisondariane\/assets\/images\/logo\/logo37.png\" alt=\"\"><\/td>\n<td><\/td>\n<\/tr>\n<tr>\n<td><\/td>\n<td><img decoding=\"async\" src=\"\/wp-content\/themes\/maisondariane\/assets\/images\/logo\/logo38.png\" alt=\"\"><\/td>\n<td><\/td>\n<\/tr>\n<tr>\n<td><\/td>\n<td><strong>IMPLICATION PERSONNELLE:<\/strong><br \/>Auclair, Claudette (Mme)<\/td>\n<td><\/td>\n<\/tr>\n<tr>\n<td><img decoding=\"async\" src=\"\/wp-content\/themes\/maisondariane\/assets\/images\/logo\/logo39.png\" alt=\"\"><\/td>\n<td><img decoding=\"async\" src=\"\/wp-content\/themes\/maisondariane\/assets\/images\/logo\/logo40.png\" alt=\"\"><\/td>\n<td><\/td>\n<\/tr>\n<tr>\n<td><img decoding=\"async\" src=\"\/wp-content\/themes\/maisondariane\/assets\/images\/logo\/logo41.png\" alt=\"\"><\/td>\n<td><img decoding=\"async\" src=\"\/wp-content\/themes\/maisondariane\/assets\/images\/logo\/logo42.png\" alt=\"\"><\/td>\n<td><\/td>\n<\/tr>\n<tr>\n<td><\/td>\n<td><img decoding=\"async\" src=\"\/wp-content\/themes\/maisondariane\/assets\/images\/logo\/logo43.png\" alt=\"\"><\/td>\n<td><\/td>\n<\/tr>\n<tr>\n<td><\/td>\n<td><strong>IMPLICATION PERSONNELLE:<\/strong><br \/>Brossard, H\u00e9l\u00e8ne (Mme)<\/td>\n<td><\/td>\n<\/tr>\n<tr>\n<td><img decoding=\"async\" src=\"\/wp-content\/themes\/maisondariane\/assets\/images\/logo\/logo44.jpg\" alt=\"\"><\/td>\n<td><img decoding=\"async\" src=\"\/wp-content\/themes\/maisondariane\/assets\/images\/logo\/logo45.png\" alt=\"\"><\/td>\n<td><\/td>\n<\/tr>\n<tr>\n<td><img decoding=\"async\" src=\"\/wp-content\/themes\/maisondariane\/assets\/images\/logo\/logo45.png\" alt=\"\"><\/td>\n<td><img decoding=\"async\" src=\"\/wp-content\/themes\/maisondariane\/assets\/images\/logo\/logo46.jpg\" alt=\"\"><\/td>\n<td><\/td>\n<\/tr>\n<tr>\n<td><img decoding=\"async\" src=\"\/wp-content\/themes\/maisondariane\/assets\/images\/logo\/logo47.png\" alt=\"\"><\/td>\n<td><img decoding=\"async\" src=\"\/wp-content\/themes\/maisondariane\/assets\/images\/logo\/logo48.png\" alt=\"\"><\/td>\n<td><\/td>\n<\/tr>\n<tr>\n<td><strong>IMPLICATION PERSONNELLE:<\/strong><br \/>Caron, Fran\u00e7ois (M.)<br \/>Casavant, Monique (Mme)<\/td>\n<td><img decoding=\"async\" src=\"\/wp-content\/themes\/maisondariane\/assets\/images\/logo\/logo49.png\" alt=\"\"><\/td>\n<td><\/td>\n<\/tr>\n<tr>\n<td><\/td>\n<td><img decoding=\"async\" src=\"\/wp-content\/themes\/maisondariane\/assets\/images\/logo\/logo50.png\" alt=\"\"><\/td>\n<td><\/td>\n<\/tr>\n<tr>\n<td><\/td>\n<td><img decoding=\"async\" src=\"\/wp-content\/themes\/maisondariane\/assets\/images\/logo\/logo51.png\" alt=\"\"><\/td>\n<td><\/td>\n<\/tr>\n<tr>\n<td><\/td>\n<td><img decoding=\"async\" src=\"\/wp-content\/themes\/maisondariane\/assets\/images\/logo\/logo52.jpg\" alt=\"\"><\/td>\n<td><\/td>\n<\/tr>\n<tr>\n<td><\/td>\n<td><img decoding=\"async\" src=\"\/wp-content\/themes\/maisondariane\/assets\/images\/logo\/logo53.png\" alt=\"\"><\/td>\n<td><\/td>\n<\/tr>\n<tr>\n<td><\/td>\n<td><strong>IMPLICATION PERSONNELLE:<\/strong><br \/>Caron, Fran\u00e7ois (M.)<br \/>Chartrand, Sylvie (Mme)<\/td>\n<td><\/td>\n<\/tr>\n<tr>\n<td><img decoding=\"async\" src=\"\/wp-content\/themes\/maisondariane\/assets\/images\/logo\/logo54.jpg\" alt=\"\"><\/td>\n<td><img decoding=\"async\" src=\"\/wp-content\/themes\/maisondariane\/assets\/images\/logo\/logo55.png\" alt=\"\"><\/td>\n<td><\/td>\n<\/tr>\n<tr>\n<td><img decoding=\"async\" src=\"\/wp-content\/themes\/maisondariane\/assets\/images\/logo\/logo56.png\" alt=\"\"><\/td>\n<td><img decoding=\"async\" src=\"\/wp-content\/themes\/maisondariane\/assets\/images\/logo\/logo57.png\" alt=\"\"><\/td>\n<td><\/td>\n<\/tr>\n<tr>\n<td><img decoding=\"async\" src=\"\/wp-content\/themes\/maisondariane\/assets\/images\/logo\/logo58.jpg\" alt=\"\"><\/td>\n<td><img decoding=\"async\" src=\"\/wp-content\/themes\/maisondariane\/assets\/images\/logo\/logo59.png\" alt=\"\"><\/td>\n<td><\/td>\n<\/tr>\n<tr>\n<td><strong>EDOUARD BEAUCHESNE (1985) inc.<\/strong><br \/><img decoding=\"async\" src=\"\/wp-content\/themes\/maisondariane\/assets\/images\/logo\/logo60.png\" alt=\"\"><\/td>\n<td><img decoding=\"async\" src=\"\/wp-content\/themes\/maisondariane\/assets\/images\/logo\/logo61.png\" alt=\"\"><\/td>\n<td><\/td>\n<\/tr>\n<tr>\n<td><\/td>\n<td><img decoding=\"async\" src=\"\/wp-content\/themes\/maisondariane\/assets\/images\/logo\/logo62.png\" alt=\"\"><\/td>\n<td><\/td>\n<\/tr>\n<tr>\n<td><strong>IMPLICATION PERSONNELLE:<\/strong><br \/>Filion, Charlotte (Mme)<br \/>Filion, Clairette (Mme)<br \/>Fortin, Rh\u00e9al (D\u00e9put\u00e9 de la Rivi\u00e8re-du-Nord)<br \/>Fortin, Suzanne (Me)<\/td>\n<td><img decoding=\"async\" src=\"\/wp-content\/themes\/maisondariane\/assets\/images\/logo\/logo63.png\" alt=\"\"><\/td>\n<td><\/td>\n<\/tr>\n<tr>\n<td><\/td>\n<td><strong>IMPLICATION PERSONNELLE:<\/strong><br \/>Filion, Charlotte (Mme)<br \/>Filion, Christine (Mme)<br \/>Filion, Clairette (Mme)<\/td>\n<td><\/td>\n<\/tr>\n<tr>\n<td><img decoding=\"async\" src=\"\/wp-content\/themes\/maisondariane\/assets\/images\/logo\/logo64.png\" alt=\"\"><\/td>\n<td><img decoding=\"async\" src=\"\/wp-content\/themes\/maisondariane\/assets\/images\/logo\/logo65.png\" alt=\"\"><\/td>\n<td><strong>Gestion Casavant inc.<\/strong><\/td>\n<\/tr>\n<tr>\n<td><img decoding=\"async\" src=\"\/wp-content\/themes\/maisondariane\/assets\/images\/logo\/logo66.png\" alt=\"\"><\/td>\n<td><img decoding=\"async\" src=\"\/wp-content\/themes\/maisondariane\/assets\/images\/logo\/logo67.jpg\" alt=\"\"><\/td>\n<td><\/td>\n<\/tr>\n<tr>\n<td><img decoding=\"async\" src=\"\/wp-content\/themes\/maisondariane\/assets\/images\/logo\/logo68.png\" alt=\"\"><img decoding=\"async\" src=\"\/wp-content\/themes\/maisondariane\/assets\/images\/logo\/logo69.png\" alt=\"\"><\/td>\n<td><img decoding=\"async\" src=\"\/wp-content\/themes\/maisondariane\/assets\/images\/logo\/logo64.png\" alt=\"\"><\/td>\n<td><\/td>\n<\/tr>\n<tr>\n<td><img decoding=\"async\" src=\"\/wp-content\/themes\/maisondariane\/assets\/images\/logo\/logo71.png\" alt=\"\"><\/td>\n<td><img decoding=\"async\" src=\"\/wp-content\/themes\/maisondariane\/assets\/images\/logo\/logo72.png\" alt=\"\"><\/td>\n<td><\/td>\n<\/tr>\n<tr>\n<td><\/td>\n<td><img decoding=\"async\" src=\"\/wp-content\/themes\/maisondariane\/assets\/images\/logo\/logo73.png\" alt=\"\"><\/td>\n<td><\/td>\n<\/tr>\n<tr>\n<td><\/td>\n<td><img decoding=\"async\" src=\"\/wp-content\/themes\/maisondariane\/assets\/images\/logo\/logo69.png\" alt=\"\"><\/td>\n<td><\/td>\n<\/tr>\n<tr>\n<td><\/td>\n<td>GROUPE ROCHON SPORTS<br \/><img decoding=\"async\" src=\"\/wp-content\/themes\/maisondariane\/assets\/images\/logo\/logo71.png\" alt=\"\"><\/td>\n<td><\/td>\n<\/tr>\n<tr>\n<td><\/td>\n<td><strong>IMPLICATION PERSONNELLE:<\/strong><br \/>Gallant, Louise (Mme)<br \/>Gascon, Jos\u00e9e (Mme)<\/td>\n<td><\/td>\n<\/tr>\n<tr>\n<td><\/td>\n<td><img decoding=\"async\" src=\"\/wp-content\/themes\/maisondariane\/assets\/images\/logo\/logo74.jpg\" alt=\"\"><\/td>\n<td><\/td>\n<\/tr>\n<tr>\n<td><img decoding=\"async\" src=\"\/wp-content\/themes\/maisondariane\/assets\/images\/logo\/logo75.png\" alt=\"\"><\/td>\n<td><img decoding=\"async\" src=\"\/wp-content\/themes\/maisondariane\/assets\/images\/logo\/logo76.png\" alt=\"\"><\/td>\n<td><\/td>\n<\/tr>\n<tr>\n<td><\/td>\n<td><img decoding=\"async\" src=\"\/wp-content\/themes\/maisondariane\/assets\/images\/logo\/logo77.png\" alt=\"\"><\/td>\n<td><\/td>\n<\/tr>\n<tr>\n<td><img decoding=\"async\" src=\"\/wp-content\/themes\/maisondariane\/assets\/images\/logo\/logo78.jpg\" alt=\"\"><\/td>\n<td>LES IMPORTATIONS LUGANO INC.<br \/><img decoding=\"async\" src=\"\/wp-content\/themes\/maisondariane\/assets\/images\/logo\/logo79.png\" alt=\"\"><\/td>\n<td><\/td>\n<\/tr>\n<tr>\n<td><\/td>\n<td><strong>Les industries J. Hamelin inc.<\/strong><\/td>\n<td><\/td>\n<\/tr>\n<tr>\n<td><\/td>\n<td><img decoding=\"async\" src=\"\/wp-content\/themes\/maisondariane\/assets\/images\/logo\/logo80.png\" alt=\"\"><\/td>\n<td><\/td>\n<\/tr>\n<tr>\n<td><\/td>\n<td><strong>IMPLICATION PERSONNELLE:<\/strong><br \/>Labelle, Karine (Mme)<br \/>Lalibert\u00e9, Guylaine (Mme)<\/td>\n<td><\/td>\n<\/tr>\n<tr>\n<td><img decoding=\"async\" src=\"\/wp-content\/themes\/maisondariane\/assets\/images\/logo\/logo81.png\" alt=\"\"><\/td>\n<td><img decoding=\"async\" src=\"\/wp-content\/themes\/maisondariane\/assets\/images\/logo\/logo81.png\" alt=\"\"><\/td>\n<td><\/td>\n<\/tr>\n<tr>\n<td><\/td>\n<td><img decoding=\"async\" src=\"\/wp-content\/themes\/maisondariane\/assets\/images\/logo\/logo82.png\" alt=\"\"><\/td>\n<td><\/td>\n<\/tr>\n<tr>\n<td><\/td>\n<td><img decoding=\"async\" src=\"\/wp-content\/themes\/maisondariane\/assets\/images\/logo\/logo83.png\" alt=\"\"><img decoding=\"async\" src=\"\/wp-content\/themes\/maisondariane\/assets\/images\/logo\/logo84.png\" alt=\"\"><\/td>\n<td><\/td>\n<\/tr>\n<tr>\n<td><\/td>\n<td><img decoding=\"async\" src=\"\/wp-content\/themes\/maisondariane\/assets\/images\/logo\/logo85.png\" alt=\"\"><\/td>\n<td><\/td>\n<\/tr>\n<tr>\n<td><\/td>\n<td><img decoding=\"async\" src=\"\/wp-content\/themes\/maisondariane\/assets\/images\/logo\/logo86.png\" alt=\"\"><\/td>\n<td><\/td>\n<\/tr>\n<tr>\n<td><\/td>\n<td><img decoding=\"async\" src=\"\/wp-content\/themes\/maisondariane\/assets\/images\/logo\/logo87.png\" alt=\"\"><\/td>\n<td><\/td>\n<\/tr>\n<tr>\n<td><\/td>\n<td><strong>IMPLICATION PERSONNELLE:<\/strong><br \/>Minville, Gina (Mme)<\/td>\n<td><\/td>\n<\/tr>\n<tr>\n<td><img decoding=\"async\" src=\"\/wp-content\/themes\/maisondariane\/assets\/images\/logo\/logo88.png\" alt=\"\"><\/td>\n<td><img decoding=\"async\" src=\"\/wp-content\/themes\/maisondariane\/assets\/images\/logo\/logo89.png\" alt=\"\"><\/td>\n<td><\/td>\n<\/tr>\n<tr>\n<td><\/td>\n<td><img decoding=\"async\" src=\"\/wp-content\/themes\/maisondariane\/assets\/images\/logo\/logo90.png\" alt=\"\"><\/td>\n<td><\/td>\n<\/tr>\n<tr>\n<td>Centre dentaire \u00d4 Dentiste <br \/><img decoding=\"async\" src=\"\/wp-content\/themes\/maisondariane\/assets\/images\/logo\/logo91.png\" alt=\"\"><\/td>\n<td><img decoding=\"async\" src=\"\/wp-content\/themes\/maisondariane\/assets\/images\/logo\/logo92.png\" alt=\"\"><\/td>\n<td><\/td>\n<\/tr>\n<tr>\n<td><img decoding=\"async\" src=\"\/wp-content\/themes\/maisondariane\/assets\/images\/logo\/logo93.jpg\" alt=\"\"><\/td>\n<td><img decoding=\"async\" src=\"\/wp-content\/themes\/maisondariane\/assets\/images\/logo\/logo94.png\" alt=\"\"><\/td>\n<td><\/td>\n<\/tr>\n<tr>\n<td><strong>IMPLICATION PERSONNELLE:<\/strong><br \/>Paquette, Serge (M.)<br \/>Pich\u00e9, Catherine (Mme)<br \/>Pich\u00e9 Paquette, Chantal (Mme)<br \/>Pr\u00e9vost Auclair, Jeannette (Mme)<\/td>\n<td><img decoding=\"async\" src=\"\/wp-content\/themes\/maisondariane\/assets\/images\/logo\/logo95.png\" alt=\"\"><\/td>\n<td><\/td>\n<\/tr>\n<tr>\n<td><\/td>\n<td><img decoding=\"async\" src=\"\/wp-content\/themes\/maisondariane\/assets\/images\/logo\/logo96.png\" alt=\"\"><\/td>\n<td><\/td>\n<\/tr>\n<tr>\n<td><img decoding=\"async\" src=\"\/wp-content\/themes\/maisondariane\/assets\/images\/logo\/logo97.png\" alt=\"\"><\/td>\n<td><img decoding=\"async\" src=\"\/wp-content\/themes\/maisondariane\/assets\/images\/logo\/logo98.png\" alt=\"\"><\/td>\n<td><\/td>\n<\/tr>\n<tr>\n<td><strong>IMPLICATION PERSONNELLE:<\/strong><br \/>Rock, Johanne (Mme)<\/td>\n<td><\/td>\n<td><\/td>\n<\/tr>\n<tr>\n<td><img decoding=\"async\" src=\"\/wp-content\/themes\/maisondariane\/assets\/images\/logo\/logo99.png\" alt=\"\"><\/td>\n<td><img decoding=\"async\" src=\"\/wp-content\/themes\/maisondariane\/assets\/images\/logo\/logo100.png\" alt=\"\"><\/td>\n<td><\/td>\n<\/tr>\n<tr>\n<td><img decoding=\"async\" src=\"\/wp-content\/themes\/maisondariane\/assets\/images\/logo\/logo101.jpg\" alt=\"\"><\/td>\n<td><strong>IMPLICATION PERSONNELLE:<\/strong><br \/>St-Gelais, Denise (Mme)<\/td>\n<td><\/td>\n<\/tr>\n<tr>\n<td><img decoding=\"async\" src=\"\/wp-content\/themes\/maisondariane\/assets\/images\/logo\/logo102.png\" alt=\"\"><\/td>\n<td><img decoding=\"async\" src=\"\/wp-content\/themes\/maisondariane\/assets\/images\/logo\/logo103.png\" alt=\"\"><\/td>\n<td><\/td>\n<\/tr>\n<tr>\n<td><img decoding=\"async\" src=\"\/wp-content\/themes\/maisondariane\/assets\/images\/logo\/logo104.png\" alt=\"\"><\/td>\n<td><img decoding=\"async\" src=\"\/wp-content\/themes\/maisondariane\/assets\/images\/logo\/logo105.png\" alt=\"\"><\/td>\n<td><\/td>\n<\/tr>\n<tr>\n<td><\/td>\n<td><img decoding=\"async\" src=\"\/wp-content\/themes\/maisondariane\/assets\/images\/logo\/logo106.png\" alt=\"\"><\/td>\n<td><\/td>\n<\/tr>\n<tr>\n<td><\/td>\n<td><img decoding=\"async\" src=\"\/wp-content\/themes\/maisondariane\/assets\/images\/logo\/logo107.png\" alt=\"\"><\/td>\n<td><\/td>\n<\/tr>\n<tr>\n<td><\/td>\n<td><img decoding=\"async\" src=\"\/wp-content\/themes\/maisondariane\/assets\/images\/logo\/logo108.png\" alt=\"\"><\/td>\n<td><\/td>\n<\/tr>\n<tr>\n<td><\/td>\n<td><strong>IMPLICATION PERSONNELLE:<\/strong><br \/>Tremblay, Sylvie (Mme)<\/td>\n<td><\/td>\n<\/tr>\n<tr>\n<td><img decoding=\"async\" src=\"\/wp-content\/themes\/maisondariane\/assets\/images\/logo\/logo109.png\" alt=\"\"><\/td>\n<td><img decoding=\"async\" src=\"\/wp-content\/themes\/maisondariane\/assets\/images\/logo\/logo109.png\" alt=\"\"><\/td>\n<td><\/td>\n<\/tr>\n<tr>\n<td><img decoding=\"async\" src=\"\/wp-content\/themes\/maisondariane\/assets\/images\/logo\/logo110.png\" alt=\"\"><\/td>\n<td><\/td>\n<td><\/td>\n<\/tr>\n<\/table><\/div>\n<\/div>\n","protected":false},"excerpt":{"rendered":"<p>Volver DONANTES (500 $ A 4 999 $) \u2013 L\u2019AVENUE D\u2019ARIANE \u2013 CASA DE 2A ETAPA 2022-2023 2021-2022 s\/o IMPLICATION PERSONNELLE:Auclair, Claudette (Mme) IMPLICATION PERSONNELLE:Brossard, H\u00e9l\u00e8ne (Mme) IMPLICATION PERSONNELLE:Caron, Fran\u00e7ois (M.)Casavant, Monique (Mme) IMPLICATION PERSONNELLE:Caron, Fran\u00e7ois (M.)Chartrand, Sylvie (Mme) EDOUARD BEAUCHESNE (1985) inc. IMPLICATION PERSONNELLE:Filion, Charlotte (Mme)Filion, Clairette (Mme)Fortin, Rh\u00e9al (D\u00e9put\u00e9 de la Rivi\u00e8re-du-Nord)Fortin, Suzanne [&hellip;]<\/p>\n","protected":false},"author":2,"featured_media":5596,"parent":541,"menu_order":0,"comment_status":"closed","ping_status":"closed","template":"","meta":{"_acf_changed":false,"inline_featured_image":false,"footnotes":""},"class_list":["post-1936","page","type-page","status-publish","has-post-thumbnail","hentry"],"acf":[],"yoast_head":"<!-- This site is optimized with the Yoast SEO plugin v27.1.1 - https:\/\/yoast.com\/product\/yoast-seo-wordpress\/ -->\n<title>DONANTES (500 $ A 4 999 $) \u2013 L\u2019AVENUE D\u2019ARIANE \u2013 CASA DE 2A ETAPA - La maison d&#039;ariane<\/title>\n<meta name=\"robots\" content=\"index, follow, max-snippet:-1, max-image-preview:large, max-video-preview:-1\" \/>\n<link rel=\"canonical\" href=\"https:\/\/maisondariane.ca\/es\/socios-donantes\/donantes-500-a-4-999-lavenue-dariane-casa-de-2a-etapa\/\" \/>\n<meta property=\"og:locale\" content=\"es_ES\" \/>\n<meta property=\"og:type\" content=\"article\" \/>\n<meta property=\"og:title\" content=\"DONANTES (500 $ A 4 999 $) \u2013 L\u2019AVENUE D\u2019ARIANE \u2013 CASA DE 2A ETAPA - La maison d&#039;ariane\" \/>\n<meta property=\"og:description\" content=\"Volver DONANTES (500 $ A 4 999 $) \u2013 L\u2019AVENUE D\u2019ARIANE \u2013 CASA DE 2A ETAPA 2022-2023 2021-2022 s\/o IMPLICATION PERSONNELLE:Auclair, Claudette (Mme) IMPLICATION PERSONNELLE:Brossard, H\u00e9l\u00e8ne (Mme) IMPLICATION PERSONNELLE:Caron, Fran\u00e7ois (M.)Casavant, Monique (Mme) IMPLICATION PERSONNELLE:Caron, Fran\u00e7ois (M.)Chartrand, Sylvie (Mme) EDOUARD BEAUCHESNE (1985) inc. IMPLICATION PERSONNELLE:Filion, Charlotte (Mme)Filion, Clairette (Mme)Fortin, Rh\u00e9al (D\u00e9put\u00e9 de la Rivi\u00e8re-du-Nord)Fortin, Suzanne [&hellip;]\" \/>\n<meta property=\"og:url\" content=\"https:\/\/maisondariane.ca\/es\/socios-donantes\/donantes-500-a-4-999-lavenue-dariane-casa-de-2a-etapa\/\" \/>\n<meta property=\"og:site_name\" content=\"La maison d&#039;ariane\" \/>\n<meta property=\"article:modified_time\" content=\"2022-08-17T19:09:21+00:00\" \/>\n<meta name=\"twitter:card\" content=\"summary_large_image\" \/>\n<meta name=\"twitter:label1\" content=\"Tiempo de lectura\" \/>\n\t<meta name=\"twitter:data1\" content=\"1 minuto\" \/>\n<script type=\"application\/ld+json\" class=\"yoast-schema-graph\">{\"@context\":\"https:\/\/schema.org\",\"@graph\":[{\"@type\":\"WebPage\",\"@id\":\"https:\/\/maisondariane.ca\/es\/socios-donantes\/donantes-500-a-4-999-lavenue-dariane-casa-de-2a-etapa\/\",\"url\":\"https:\/\/maisondariane.ca\/es\/socios-donantes\/donantes-500-a-4-999-lavenue-dariane-casa-de-2a-etapa\/\",\"name\":\"DONANTES (500 $ A 4 999 $) \u2013 L\u2019AVENUE D\u2019ARIANE \u2013 CASA DE 2A ETAPA - La maison d&#039;ariane\",\"isPartOf\":{\"@id\":\"https:\/\/maisondariane.ca\/#website\"},\"primaryImageOfPage\":{\"@id\":\"https:\/\/maisondariane.ca\/es\/socios-donantes\/donantes-500-a-4-999-lavenue-dariane-casa-de-2a-etapa\/#primaryimage\"},\"image\":{\"@id\":\"https:\/\/maisondariane.ca\/es\/socios-donantes\/donantes-500-a-4-999-lavenue-dariane-casa-de-2a-etapa\/#primaryimage\"},\"thumbnailUrl\":\"https:\/\/maisondariane.ca\/wp-content\/uploads\/2023\/08\/p3.svg\",\"datePublished\":\"2022-08-17T18:56:24+00:00\",\"dateModified\":\"2022-08-17T19:09:21+00:00\",\"breadcrumb\":{\"@id\":\"https:\/\/maisondariane.ca\/es\/socios-donantes\/donantes-500-a-4-999-lavenue-dariane-casa-de-2a-etapa\/#breadcrumb\"},\"inLanguage\":\"es\",\"potentialAction\":[{\"@type\":\"ReadAction\",\"target\":[\"https:\/\/maisondariane.ca\/es\/socios-donantes\/donantes-500-a-4-999-lavenue-dariane-casa-de-2a-etapa\/\"]}]},{\"@type\":\"ImageObject\",\"inLanguage\":\"es\",\"@id\":\"https:\/\/maisondariane.ca\/es\/socios-donantes\/donantes-500-a-4-999-lavenue-dariane-casa-de-2a-etapa\/#primaryimage\",\"url\":\"https:\/\/maisondariane.ca\/wp-content\/uploads\/2023\/08\/p3.svg\",\"contentUrl\":\"https:\/\/maisondariane.ca\/wp-content\/uploads\/2023\/08\/p3.svg\"},{\"@type\":\"BreadcrumbList\",\"@id\":\"https:\/\/maisondariane.ca\/es\/socios-donantes\/donantes-500-a-4-999-lavenue-dariane-casa-de-2a-etapa\/#breadcrumb\",\"itemListElement\":[{\"@type\":\"ListItem\",\"position\":1,\"name\":\"Accueil\",\"item\":\"https:\/\/maisondariane.ca\/es\/\"},{\"@type\":\"ListItem\",\"position\":2,\"name\":\"Socios \/ Donantes\",\"item\":\"https:\/\/maisondariane.ca\/es\/socios-donantes\/\"},{\"@type\":\"ListItem\",\"position\":3,\"name\":\"DONANTES (500 $ A 4 999 $) \u2013 L\u2019AVENUE D\u2019ARIANE \u2013 CASA DE 2A ETAPA\"}]},{\"@type\":\"WebSite\",\"@id\":\"https:\/\/maisondariane.ca\/#website\",\"url\":\"https:\/\/maisondariane.ca\/\",\"name\":\"La maison d&#039;ariane\",\"description\":\"Just another WordPress site\",\"potentialAction\":[{\"@type\":\"SearchAction\",\"target\":{\"@type\":\"EntryPoint\",\"urlTemplate\":\"https:\/\/maisondariane.ca\/?s={search_term_string}\"},\"query-input\":{\"@type\":\"PropertyValueSpecification\",\"valueRequired\":true,\"valueName\":\"search_term_string\"}}],\"inLanguage\":\"es\"}]}<\/script>\n<!-- \/ Yoast SEO plugin. -->","yoast_head_json":{"title":"DONANTES (500 $ A 4 999 $) \u2013 L\u2019AVENUE D\u2019ARIANE \u2013 CASA DE 2A ETAPA - La maison d&#039;ariane","robots":{"index":"index","follow":"follow","max-snippet":"max-snippet:-1","max-image-preview":"max-image-preview:large","max-video-preview":"max-video-preview:-1"},"canonical":"https:\/\/maisondariane.ca\/es\/socios-donantes\/donantes-500-a-4-999-lavenue-dariane-casa-de-2a-etapa\/","og_locale":"es_ES","og_type":"article","og_title":"DONANTES (500 $ A 4 999 $) \u2013 L\u2019AVENUE D\u2019ARIANE \u2013 CASA DE 2A ETAPA - La maison d&#039;ariane","og_description":"Volver DONANTES (500 $ A 4 999 $) \u2013 L\u2019AVENUE D\u2019ARIANE \u2013 CASA DE 2A ETAPA 2022-2023 2021-2022 s\/o IMPLICATION PERSONNELLE:Auclair, Claudette (Mme) IMPLICATION PERSONNELLE:Brossard, H\u00e9l\u00e8ne (Mme) IMPLICATION PERSONNELLE:Caron, Fran\u00e7ois (M.)Casavant, Monique (Mme) IMPLICATION PERSONNELLE:Caron, Fran\u00e7ois (M.)Chartrand, Sylvie (Mme) EDOUARD BEAUCHESNE (1985) inc. IMPLICATION PERSONNELLE:Filion, Charlotte (Mme)Filion, Clairette (Mme)Fortin, Rh\u00e9al (D\u00e9put\u00e9 de la Rivi\u00e8re-du-Nord)Fortin, Suzanne [&hellip;]","og_url":"https:\/\/maisondariane.ca\/es\/socios-donantes\/donantes-500-a-4-999-lavenue-dariane-casa-de-2a-etapa\/","og_site_name":"La maison d&#039;ariane","article_modified_time":"2022-08-17T19:09:21+00:00","twitter_card":"summary_large_image","twitter_misc":{"Tiempo de lectura":"1 minuto"},"schema":{"@context":"https:\/\/schema.org","@graph":[{"@type":"WebPage","@id":"https:\/\/maisondariane.ca\/es\/socios-donantes\/donantes-500-a-4-999-lavenue-dariane-casa-de-2a-etapa\/","url":"https:\/\/maisondariane.ca\/es\/socios-donantes\/donantes-500-a-4-999-lavenue-dariane-casa-de-2a-etapa\/","name":"DONANTES (500 $ A 4 999 $) \u2013 L\u2019AVENUE D\u2019ARIANE \u2013 CASA DE 2A ETAPA - La maison d&#039;ariane","isPartOf":{"@id":"https:\/\/maisondariane.ca\/#website"},"primaryImageOfPage":{"@id":"https:\/\/maisondariane.ca\/es\/socios-donantes\/donantes-500-a-4-999-lavenue-dariane-casa-de-2a-etapa\/#primaryimage"},"image":{"@id":"https:\/\/maisondariane.ca\/es\/socios-donantes\/donantes-500-a-4-999-lavenue-dariane-casa-de-2a-etapa\/#primaryimage"},"thumbnailUrl":"https:\/\/maisondariane.ca\/wp-content\/uploads\/2023\/08\/p3.svg","datePublished":"2022-08-17T18:56:24+00:00","dateModified":"2022-08-17T19:09:21+00:00","breadcrumb":{"@id":"https:\/\/maisondariane.ca\/es\/socios-donantes\/donantes-500-a-4-999-lavenue-dariane-casa-de-2a-etapa\/#breadcrumb"},"inLanguage":"es","potentialAction":[{"@type":"ReadAction","target":["https:\/\/maisondariane.ca\/es\/socios-donantes\/donantes-500-a-4-999-lavenue-dariane-casa-de-2a-etapa\/"]}]},{"@type":"ImageObject","inLanguage":"es","@id":"https:\/\/maisondariane.ca\/es\/socios-donantes\/donantes-500-a-4-999-lavenue-dariane-casa-de-2a-etapa\/#primaryimage","url":"https:\/\/maisondariane.ca\/wp-content\/uploads\/2023\/08\/p3.svg","contentUrl":"https:\/\/maisondariane.ca\/wp-content\/uploads\/2023\/08\/p3.svg"},{"@type":"BreadcrumbList","@id":"https:\/\/maisondariane.ca\/es\/socios-donantes\/donantes-500-a-4-999-lavenue-dariane-casa-de-2a-etapa\/#breadcrumb","itemListElement":[{"@type":"ListItem","position":1,"name":"Accueil","item":"https:\/\/maisondariane.ca\/es\/"},{"@type":"ListItem","position":2,"name":"Socios \/ Donantes","item":"https:\/\/maisondariane.ca\/es\/socios-donantes\/"},{"@type":"ListItem","position":3,"name":"DONANTES (500 $ A 4 999 $) \u2013 L\u2019AVENUE D\u2019ARIANE \u2013 CASA DE 2A ETAPA"}]},{"@type":"WebSite","@id":"https:\/\/maisondariane.ca\/#website","url":"https:\/\/maisondariane.ca\/","name":"La maison d&#039;ariane","description":"Just another WordPress site","potentialAction":[{"@type":"SearchAction","target":{"@type":"EntryPoint","urlTemplate":"https:\/\/maisondariane.ca\/?s={search_term_string}"},"query-input":{"@type":"PropertyValueSpecification","valueRequired":true,"valueName":"search_term_string"}}],"inLanguage":"es"}]}},"_links":{"self":[{"href":"https:\/\/maisondariane.ca\/es\/wp-json\/wp\/v2\/pages\/1936","targetHints":{"allow":["GET"]}}],"collection":[{"href":"https:\/\/maisondariane.ca\/es\/wp-json\/wp\/v2\/pages"}],"about":[{"href":"https:\/\/maisondariane.ca\/es\/wp-json\/wp\/v2\/types\/page"}],"author":[{"embeddable":true,"href":"https:\/\/maisondariane.ca\/es\/wp-json\/wp\/v2\/users\/2"}],"replies":[{"embeddable":true,"href":"https:\/\/maisondariane.ca\/es\/wp-json\/wp\/v2\/comments?post=1936"}],"version-history":[{"count":4,"href":"https:\/\/maisondariane.ca\/es\/wp-json\/wp\/v2\/pages\/1936\/revisions"}],"predecessor-version":[{"id":1944,"href":"https:\/\/maisondariane.ca\/es\/wp-json\/wp\/v2\/pages\/1936\/revisions\/1944"}],"up":[{"embeddable":true,"href":"https:\/\/maisondariane.ca\/es\/wp-json\/wp\/v2\/pages\/541"}],"wp:featuredmedia":[{"embeddable":true,"href":"https:\/\/maisondariane.ca\/es\/wp-json\/wp\/v2\/media\/5596"}],"wp:attachment":[{"href":"https:\/\/maisondariane.ca\/es\/wp-json\/wp\/v2\/media?parent=1936"}],"curies":[{"name":"wp","href":"https:\/\/api.w.org\/{rel}","templated":true}]}}