{"id":1226,"date":"2022-04-28T14:18:40","date_gmt":"2022-04-28T18:18:40","guid":{"rendered":"https:\/\/maisondariane.viweblocal.ca\/lavenue-dariane\/"},"modified":"2022-12-06T13:35:56","modified_gmt":"2022-12-06T18:35:56","slug":"lavenue-dariane","status":"publish","type":"page","link":"https:\/\/maisondariane.ca\/es\/lavenue-dariane\/","title":{"rendered":"L\u2019Avenue d\u2019Ariane, <span>casa de segunda etapa<\/span>"},"content":{"rendered":"<div class=\"row py-5\">\n<div class=\"col-md-7\">\n<p>El contexto posterior a la separaci\u00f3n se define por el momento en que una mujer v\u00edctima de violencia dom\u00e9stica decide poner fin a una relaci\u00f3n violenta. En este escenario, la ruptura no es, por desgracia, sin\u00f3nimo de seguridad. En efecto, la violencia puede intensificarse, lo que aumenta el riesgo de lesiones graves y de feminicidio e infanticidio. Por otra parte, en el contexto de la violencia posterior a la separaci\u00f3n, se encuentran las siguientes formas de violencia<sup>1<\/sup> :<\/p>\n<ul>\n<li>Estrategia violenta o no violenta para recuperar a la v\u00edctima<\/li>\n<li>Acoso<\/li>\n<li>Violencia a trav\u00e9s de procedimientos judiciales<\/li>\n<li>Violencia econ\u00f3mica y empobrecimiento voluntario<\/li>\n<li>Control a trav\u00e9s de la funci\u00f3n parental<\/li>\n<li>Escalada de violencia f\u00edsica<\/li>\n<\/ul>\n<\/div>\n<div class=\"col-md-5 py-2\"><img decoding=\"async\" src=\"\/wp-content\/uploads\/2022\/04\/detresse.jpg\" alt=\"\" width=\"100%\" \/><\/div>\n<div class=\"col-12 py-5\">\n<hr \/>\n<\/div>\n<div class=\"col-md-5 py-2\"><img decoding=\"async\" src=\"\/wp-content\/uploads\/2022\/04\/maison.jpg\" alt=\"\" width=\"100%\" \/><\/div>\n<div class=\"col-md-7\">\n<p>A pesar de la adaptaci\u00f3n de las estrategias de violencia por parte de la expareja durante la separaci\u00f3n, es importante que las mujeres no pongan en duda su decisi\u00f3n de poner fin a su relaci\u00f3n. Por lo tanto, es esencial proporcionarles un lugar seguro para que tengan la oportunidad de recuperar su poder. Para ello, L&#8217;Avenue d&#8217;Ariane, una casa de segunda etapa especializada en violencia conyugal tras la separaci\u00f3n, tiene por misi\u00f3n<sup>2<\/sup> :<\/p>\n<ul>\n<li>Acoger en alojamientos seguros a las mujeres con o sin hijos que hayan decidido abandonar a su c\u00f3nyuge violento y que vivan violencia conyugal tras la separaci\u00f3n;<\/li>\n<li>Ofrecer una gama de servicios especializados en violencia conyugal tras la separaci\u00f3n para apoyar a las mujeres en sus gestiones m\u00e9dicas y psicol\u00f3gicas, jur\u00eddicas y judiciales, econ\u00f3micas y de financiaci\u00f3n, todo ello con un objetivo de empoderamiento;<\/li>\n<li>Proponer a las mujeres y a los ni\u00f1os actividades que favorezcan la reconstrucci\u00f3n de la autoestima y la recuperaci\u00f3n de su pleno potencial.<\/li>\n<\/ul>\n<\/div>\n<div class=\"col-12 py-5\">\n<hr \/>\n<\/div>\n<div class=\"col-md-7\">\nCon el fin de alcanzar estos objetivos<sup>2<\/sup>, a partir de marzo de 2024, L&#8217;Avenue d&#8217;Ariane ofrecer\u00e1 los siguientes servicios:<\/p>\n<ul>\n<li>Intervenci\u00f3n individual para la mujer (formal e informal);<\/li>\n<li>Intervenci\u00f3n individual para cada ni\u00f1o (formal e informal);<\/li>\n<li>Talleres de grupo para mujeres y ni\u00f1os;<\/li>\n<li>Alojamiento seguro y asequible;<\/li>\n<li>Vivienda adecuada a la situaci\u00f3n de la mujer (situaci\u00f3n de discapacidad de la mujer o de su hijo);<\/li>\n<li>Traducci\u00f3n e interpretaci\u00f3n;<\/li>\n<li>Salidas de grupo, de educaci\u00f3n popular, cultural o de ocio;<\/li>\n<li>Acompa\u00f1amiento en los tr\u00e1mites para la mujer y los hijos fuera del hogar (tribunales, abogados, salud (ex\u00e1menes m\u00e9dicos, aborto, etc.), escuela, inmigraci\u00f3n, acceso a los derechos sociales, etc.);<\/li>\n<li>Concertaci\u00f3n espec\u00edfica con los dem\u00e1s interlocutores del expediente (CIUSSS, abogado civil, abogado criminal, inmigraci\u00f3n, DPJ, servicios penitenciarios, polic\u00eda, etc.);<\/li>\n<li>Concertaci\u00f3n general y activismo con los dem\u00e1s grupos de mujeres para la defensa de los derechos de las mujeres y de los ni\u00f1os.<\/li>\n<\/ul>\n<\/div>\n<div class=\"col-md-5 py-2\"><img decoding=\"async\" src=\"\/wp-content\/uploads\/2022\/04\/espoir.jpg\" alt=\"\" width=\"100%\" \/><\/div>\n<\/div>\n<p>\n[1] <a href=\"https:\/\/sosviolenceconjugale.ca\/fr\/outils\/sos-infos\/6-formes-de-violence-conjugale-post-separation\">https:\/\/sosviolenceconjugale.ca\/fr\/outils\/sos-infos\/6-formes-de-violence-conjugale-post-separation<\/a><br \/>\n[2] Alliance des maisons de deuxi\u00e8me \u00e9tape \u2013 Le panier de services en MH2 \u2013 Recommandations des bonnes pratiques ainsi que des th\u00e8mes \u00e0 aborder au cours d\u2019un s\u00e9jour dans une maison d\u2019h\u00e9bergement de 2e \u00e9tape membre de l\u2019Alliance \u2013 Mai 2019<\/p>\n","protected":false},"excerpt":{"rendered":"<p>El contexto posterior a la separaci\u00f3n se define por el momento en que una mujer v\u00edctima de violencia dom\u00e9stica decide poner fin a una relaci\u00f3n violenta. En este escenario, la ruptura no es, por desgracia, sin\u00f3nimo de seguridad. En efecto, la violencia puede intensificarse, lo que aumenta el riesgo de lesiones graves y de feminicidio [&hellip;]<\/p>\n","protected":false},"author":2,"featured_media":0,"parent":0,"menu_order":0,"comment_status":"closed","ping_status":"closed","template":"","meta":{"_acf_changed":false,"inline_featured_image":false,"footnotes":""},"class_list":["post-1226","page","type-page","status-publish","hentry"],"acf":[],"yoast_head":"<!-- This site is optimized with the Yoast SEO plugin v27.4 - https:\/\/yoast.com\/product\/yoast-seo-wordpress\/ -->\n<title>L\u2019Avenue d\u2019Ariane, casa de segunda etapa - La maison d&#039;ariane<\/title>\n<meta name=\"robots\" content=\"index, follow, max-snippet:-1, max-image-preview:large, max-video-preview:-1\" \/>\n<link rel=\"canonical\" href=\"https:\/\/maisondariane.ca\/es\/lavenue-dariane\/\" \/>\n<meta property=\"og:locale\" content=\"es_ES\" \/>\n<meta property=\"og:type\" content=\"article\" \/>\n<meta property=\"og:title\" content=\"L\u2019Avenue d\u2019Ariane, casa de segunda etapa - La maison d&#039;ariane\" \/>\n<meta property=\"og:description\" content=\"El contexto posterior a la separaci\u00f3n se define por el momento en que una mujer v\u00edctima de violencia dom\u00e9stica decide poner fin a una relaci\u00f3n violenta. En este escenario, la ruptura no es, por desgracia, sin\u00f3nimo de seguridad. En efecto, la violencia puede intensificarse, lo que aumenta el riesgo de lesiones graves y de feminicidio [&hellip;]\" \/>\n<meta property=\"og:url\" content=\"https:\/\/maisondariane.ca\/es\/lavenue-dariane\/\" \/>\n<meta property=\"og:site_name\" content=\"La maison d&#039;ariane\" \/>\n<meta property=\"article:modified_time\" content=\"2022-12-06T18:35:56+00:00\" \/>\n<meta name=\"twitter:card\" content=\"summary_large_image\" \/>\n<meta name=\"twitter:label1\" content=\"Tiempo de lectura\" \/>\n\t<meta name=\"twitter:data1\" content=\"3 minutos\" \/>\n<script type=\"application\/ld+json\" class=\"yoast-schema-graph\">{\"@context\":\"https:\\\/\\\/schema.org\",\"@graph\":[{\"@type\":\"WebPage\",\"@id\":\"https:\\\/\\\/maisondariane.ca\\\/es\\\/lavenue-dariane\\\/\",\"url\":\"https:\\\/\\\/maisondariane.ca\\\/es\\\/lavenue-dariane\\\/\",\"name\":\"L\u2019Avenue d\u2019Ariane, casa de segunda etapa - La maison d&#039;ariane\",\"isPartOf\":{\"@id\":\"https:\\\/\\\/maisondariane.ca\\\/#website\"},\"datePublished\":\"2022-04-28T18:18:40+00:00\",\"dateModified\":\"2022-12-06T18:35:56+00:00\",\"breadcrumb\":{\"@id\":\"https:\\\/\\\/maisondariane.ca\\\/es\\\/lavenue-dariane\\\/#breadcrumb\"},\"inLanguage\":\"es\",\"potentialAction\":[{\"@type\":\"ReadAction\",\"target\":[\"https:\\\/\\\/maisondariane.ca\\\/es\\\/lavenue-dariane\\\/\"]}]},{\"@type\":\"BreadcrumbList\",\"@id\":\"https:\\\/\\\/maisondariane.ca\\\/es\\\/lavenue-dariane\\\/#breadcrumb\",\"itemListElement\":[{\"@type\":\"ListItem\",\"position\":1,\"name\":\"Accueil\",\"item\":\"https:\\\/\\\/maisondariane.ca\\\/es\\\/\"},{\"@type\":\"ListItem\",\"position\":2,\"name\":\"L\u2019Avenue d\u2019Ariane, casa de segunda etapa\"}]},{\"@type\":\"WebSite\",\"@id\":\"https:\\\/\\\/maisondariane.ca\\\/#website\",\"url\":\"https:\\\/\\\/maisondariane.ca\\\/\",\"name\":\"La maison d&#039;ariane\",\"description\":\"Just another WordPress site\",\"potentialAction\":[{\"@type\":\"SearchAction\",\"target\":{\"@type\":\"EntryPoint\",\"urlTemplate\":\"https:\\\/\\\/maisondariane.ca\\\/?s={search_term_string}\"},\"query-input\":{\"@type\":\"PropertyValueSpecification\",\"valueRequired\":true,\"valueName\":\"search_term_string\"}}],\"inLanguage\":\"es\"}]}<\/script>\n<!-- \/ Yoast SEO plugin. -->","yoast_head_json":{"title":"L\u2019Avenue d\u2019Ariane, casa de segunda etapa - La maison d&#039;ariane","robots":{"index":"index","follow":"follow","max-snippet":"max-snippet:-1","max-image-preview":"max-image-preview:large","max-video-preview":"max-video-preview:-1"},"canonical":"https:\/\/maisondariane.ca\/es\/lavenue-dariane\/","og_locale":"es_ES","og_type":"article","og_title":"L\u2019Avenue d\u2019Ariane, casa de segunda etapa - La maison d&#039;ariane","og_description":"El contexto posterior a la separaci\u00f3n se define por el momento en que una mujer v\u00edctima de violencia dom\u00e9stica decide poner fin a una relaci\u00f3n violenta. En este escenario, la ruptura no es, por desgracia, sin\u00f3nimo de seguridad. En efecto, la violencia puede intensificarse, lo que aumenta el riesgo de lesiones graves y de feminicidio [&hellip;]","og_url":"https:\/\/maisondariane.ca\/es\/lavenue-dariane\/","og_site_name":"La maison d&#039;ariane","article_modified_time":"2022-12-06T18:35:56+00:00","twitter_card":"summary_large_image","twitter_misc":{"Tiempo de lectura":"3 minutos"},"schema":{"@context":"https:\/\/schema.org","@graph":[{"@type":"WebPage","@id":"https:\/\/maisondariane.ca\/es\/lavenue-dariane\/","url":"https:\/\/maisondariane.ca\/es\/lavenue-dariane\/","name":"L\u2019Avenue d\u2019Ariane, casa de segunda etapa - La maison d&#039;ariane","isPartOf":{"@id":"https:\/\/maisondariane.ca\/#website"},"datePublished":"2022-04-28T18:18:40+00:00","dateModified":"2022-12-06T18:35:56+00:00","breadcrumb":{"@id":"https:\/\/maisondariane.ca\/es\/lavenue-dariane\/#breadcrumb"},"inLanguage":"es","potentialAction":[{"@type":"ReadAction","target":["https:\/\/maisondariane.ca\/es\/lavenue-dariane\/"]}]},{"@type":"BreadcrumbList","@id":"https:\/\/maisondariane.ca\/es\/lavenue-dariane\/#breadcrumb","itemListElement":[{"@type":"ListItem","position":1,"name":"Accueil","item":"https:\/\/maisondariane.ca\/es\/"},{"@type":"ListItem","position":2,"name":"L\u2019Avenue d\u2019Ariane, casa de segunda etapa"}]},{"@type":"WebSite","@id":"https:\/\/maisondariane.ca\/#website","url":"https:\/\/maisondariane.ca\/","name":"La maison d&#039;ariane","description":"Just another WordPress site","potentialAction":[{"@type":"SearchAction","target":{"@type":"EntryPoint","urlTemplate":"https:\/\/maisondariane.ca\/?s={search_term_string}"},"query-input":{"@type":"PropertyValueSpecification","valueRequired":true,"valueName":"search_term_string"}}],"inLanguage":"es"}]}},"_links":{"self":[{"href":"https:\/\/maisondariane.ca\/es\/wp-json\/wp\/v2\/pages\/1226","targetHints":{"allow":["GET"]}}],"collection":[{"href":"https:\/\/maisondariane.ca\/es\/wp-json\/wp\/v2\/pages"}],"about":[{"href":"https:\/\/maisondariane.ca\/es\/wp-json\/wp\/v2\/types\/page"}],"author":[{"embeddable":true,"href":"https:\/\/maisondariane.ca\/es\/wp-json\/wp\/v2\/users\/2"}],"replies":[{"embeddable":true,"href":"https:\/\/maisondariane.ca\/es\/wp-json\/wp\/v2\/comments?post=1226"}],"version-history":[{"count":5,"href":"https:\/\/maisondariane.ca\/es\/wp-json\/wp\/v2\/pages\/1226\/revisions"}],"predecessor-version":[{"id":2422,"href":"https:\/\/maisondariane.ca\/es\/wp-json\/wp\/v2\/pages\/1226\/revisions\/2422"}],"wp:attachment":[{"href":"https:\/\/maisondariane.ca\/es\/wp-json\/wp\/v2\/media?parent=1226"}],"curies":[{"name":"wp","href":"https:\/\/api.w.org\/{rel}","templated":true}]}}