{"id":1026,"date":"2022-02-24T10:53:18","date_gmt":"2022-02-24T15:53:18","guid":{"rendered":"https:\/\/maisondariane.viweblocal.ca\/?page_id=1026"},"modified":"2024-03-19T13:27:26","modified_gmt":"2024-03-19T17:27:26","slug":"hacer-una-donacion","status":"publish","type":"page","link":"https:\/\/maisondariane.ca\/es\/hacer-una-donacion\/","title":{"rendered":"Hacer una donaci\u00f3n"},"content":{"rendered":"<div class=\"fluid-in-container bg-red py-4\">\n<div class=\"container\">\n<div class=\"row row-cols justify-content-center align-items-center\">\n<div class=\"col text-white\">\n\u00bfDesea apoyar la misi\u00f3n de La Maison d\u2019Ariane?<br \/>\n\u00a1Elija el m\u00e9todo que m\u00e1s le convenga!\n<\/div>\n<div class=\"col text-white text-center border-start border-white text-uppercase\">cheque<\/div>\n<div class=\"col text-white text-center border-start border-white text-uppercase\">transferencia Interac<\/div>\n<div class=\"col text-white text-center border-start border-white text-uppercase\"><a href=\"#enligne\" class=\" text-white\">En l\u00ednea<\/a><\/div>\n<\/div>\n<\/div>\n<\/div>\n<div class=\"bloc_support2 mt-5\">\n<div class=\"row align-items-center\">\n<div class=\"col-md-9\">\n<div class=\"row\">\n<div class=\"bloc_supp col-12\">\n<h4 class=\"text-secondary position-relative text-uppercase\"><span class=\"circle-number position-absolute\">1<\/span> En cheque<\/h4>\n<p class=\"\"> A la orden de La Maison d\u2019Ariane, teniendo cuidado de adjuntar el nombre completo y la direcci\u00f3n de la persona a quien se emitir\u00e1 y har\u00e1 llegar el recibo para fines fiscales, y enviarlo a:<\/p>\n<p><span class=\"\">La Maison d&#8217;Ariane, C.P. 35 Succursale Centre-ville, St-J\u00e9r\u00f4me (QC) J7Z 5T7<\/span><\/p>\n<\/div>\n<div class=\"bloc_supp col-12\">\n<h4 class=\" text-secondary position-relative text-uppercase\" style=\"text-align: left;\"><span class=\"circle-number position-absolute\">2<\/span> En transferencia Interac<\/h4>\n<p>Enviar su transferencia a la direcci\u00f3n electr\u00f3nica: <a href=\"mailto:arianecoordo@maisondariane.ca\" class=\"text-black text-decoration-none\">arianecoordo@maisondariane.ca<\/a><\/p>\n<p class=\"\">\n Aseg\u00farese de proporcionarnos la respuesta de seguridad Interac, as\u00ed como sus datos de contacto (Nombre, direcci\u00f3n, n\u00fameros de tel\u00e9fono) en un correo electr\u00f3nico separado.\n<\/p>\n<p style=\"text-align: left;\">Se le entregar\u00e1 un recibo para fines fiscales por cualquier donaci\u00f3n de 20$ o m\u00e1s.<\/p>\n<\/div>\n<div id=\"enligne\" class=\"bloc_supp col-12\">\n<h4 class=\" text-secondary position-relative text-uppercase\"><span class=\"circle-number position-absolute\">3<\/span> EN L\u00cdNEA (\u00daNICA, MENSUAL, ANUAL, EN MEMORIA)<\/h4>\n<div class=\"row align-items-center\">\n<div class=\"col-12\">Done en l\u00ednea a trav\u00e9s una de las siguientes plataformas seguras de donaci\u00f3n.<br \/>\nLa donaci\u00f3n puede ser \u00fanica, mensual., anual o en homenaje a une persona fallecida.<\/div>\n<\/div>\n<div class=\"row\">\n<div class=\"col-md-3 pt-4\">\n        <img decoding=\"async\" class=\"w-100\" src=\"\/wp-content\/uploads\/2023\/09\/zeffy.png\" alt=\"\" \/><\/p>\n<div class=\"t_zef\">Zeffy: plataforma de recaudaci\u00f3n de fondos <strong class=\"text_mauve\">100% gratuita<\/strong>. Las tarifas de transacci\u00f3n, las tarifas de tarjetas de cr\u00e9dito y las tarifas de la plataforma est\u00e1n cubiertas por Zeffy, que se financia con contribuciones voluntarias de donantes.<\/div>\n<\/p><\/div>\n<div class=\"col-md-9\">\n<div class=\"row\">\n<div class=\"col-md-6\">\n                <a href=\"https:\/\/www.zeffy.com\/fr-CA\/donation-form\/89ad4408-c530-475c-8085-7e94a9663531\" target=\"_blank\" class=\"py-2 px-4 mt-4 bg-purple text-white border-0 b_mh1 b_mh w-100\" rel=\"noopener\">ZEFFY &#8211; Haz una DONACI\u00d3N<br \/>para los servicios de<br \/>La Maison d\u2019Ariane<\/a>\n            <\/div>\n<div class=\"col-md-6\">\n                <a href=\"https:\/\/www.zeffy.com\/fr-CA\/donation-form\/404651ca-e3e3-4e2f-b56b-a426769a22a6\" target=\"_blank\" class=\"py-2 px-4 mt-4 bg-default text-white border-0 b_mh2 b_mh w-100\" rel=\"noopener\">ZEFFY &#8211; Haz una DONACI\u00d3N<br \/>para los servicios de<br \/>L\u2019Avenue d\u2019Ariane<\/a>\n            <\/div>\n<\/p><\/div>\n<\/p><\/div>\n<div class=\"col-md-3 pt-4\">\n        <img decoding=\"async\" class=\"w-100\" src=\"\/wp-content\/uploads\/2024\/02\/canada-helps.png\" alt=\"\" \/><\/p>\n<div class=\"t_zef\">CanadaHelps: Se aplicar\u00e1n <strong class=\"text_mauve\">tarifas de transacci\u00f3n del 3%<\/strong> por donaci\u00f3n.<\/div>\n<\/p><\/div>\n<div class=\"col-md-9\">\n<div class=\"row\">\n<div class=\"col-md-6\">\n                <a href=\"https:\/\/www.canadahelps.org\/fr\/dn\/9127\" target=\"_blank\" class=\"py-2 px-4 mt-4 bg-purple text-white border-0 b_mh1 b_mh w-100\" rel=\"noopener\">CANADON &#8211; Haz una DONACI\u00d3N<br \/>para los servicios de<br \/>La Maison d\u2019Ariane<br \/><span>Elegir<\/span> <span class=\"text_red\">Maison d&#8217;aide et d&#8217;h\u00e9bergement d&#8217;urgence<\/span><\/a>\n            <\/div>\n<div class=\"col-md-6\">\n                <a href=\"https:\/\/www.canadahelps.org\/fr\/dn\/9127\" target=\"_blank\" class=\"py-2 px-4 mt-4 bg-default text-white border-0 b_mh2 b_mh w-100\" rel=\"noopener\">CANADON &#8211; Haz una DONACI\u00d3N<br \/>para los servicios de<br \/>L\u2019Avenue d\u2019Ariane<br \/><span>Elegir<\/span> <span class=\"text_mauve\">Maison 2e \u00e9tape \/ Construction<\/span><\/a>\n            <\/div>\n<\/p><\/div>\n<\/p><\/div>\n<div class=\"col-md-9 offset-md-3\">\n<div class=\"row\">\n<div class=\"col-md-6\">\n<div>\n                    <strong>*La Maison d\u2019Ariane:<\/strong><br \/>\n                    Refugio temporal Seguro para mujeres y sus hijos.\n                <\/div>\n<\/p><\/div>\n<div class=\"col-md-6\">\n<div>\n            <strong>*L\u2019Avenue d\u2019Ariane:<\/strong><br \/>\n            Alojamiento seguro para estancia media a larga.\n                <\/div>\n<\/p><\/div>\n<\/p><\/div>\n<\/p><\/div>\n<\/div>\n<p>&nbsp;<br \/>\n&nbsp;\n<\/p><\/div>\n<\/div>\n<\/div>\n<div class=\"col-md-3\">\n<img decoding=\"async\" src=\"\/wp-content\/uploads\/2023\/05\/heart-fonce.png\" alt=\"\" class=\"alignnone size-medium wp-image-2805 w-100\" \/>\n<\/div>\n<\/div>\n<div class=\"fluid-in-container bg-red py-4\">\n<div class=\"container\">\n<div class=\"row\">\n<div class=\"col-12 col-md-10\">\n<p class=\"text-white\">Las donaciones en forma de prendas de vestir, peque\u00f1os art\u00edculos para el hogar, textiles (ej.: ropa de cama) pueden ser entregados en las cajas de donaciones de la l\u2019Entraide diab\u00e9tique du Qu\u00e9bec, en el IGA Robert Tellier en el 1085, boulevard Roland Godard, Saint-J\u00e9r\u00f4me (QC) J7Y 4C4.<\/p>\n<\/div>\n<div class=\"col-12 col-md-2 pt-4\">\n           <a href=\"https:\/\/entraidediabetique.org\/articles-acceptes\/\" target=\"_blank\" class=\"bg-default text-white py-2 px-4 border-0 ms-2 btn-effect donate-header f13-resp reduce-space\" style=\"white-space:nowrap\" rel=\"noopener\">M\u00e1s informaci\u00f3n<\/a>\n<\/div>\n<\/div>\n<\/div>\n<\/div>\n","protected":false},"excerpt":{"rendered":"<p>\u00bfDesea apoyar la misi\u00f3n de La Maison d\u2019Ariane? \u00a1Elija el m\u00e9todo que m\u00e1s le convenga! cheque transferencia Interac En l\u00ednea 1 En cheque A la orden de La Maison d\u2019Ariane, teniendo cuidado de adjuntar el nombre completo y la direcci\u00f3n de la persona a quien se emitir\u00e1 y har\u00e1 llegar el recibo para fines fiscales, [&hellip;]<\/p>\n","protected":false},"author":2,"featured_media":3873,"parent":0,"menu_order":0,"comment_status":"closed","ping_status":"closed","template":"","meta":{"_acf_changed":false,"inline_featured_image":false,"footnotes":""},"class_list":["post-1026","page","type-page","status-publish","has-post-thumbnail","hentry"],"acf":[],"yoast_head":"<!-- This site is optimized with the Yoast SEO plugin v27.1.1 - https:\/\/yoast.com\/product\/yoast-seo-wordpress\/ -->\n<title>Hacer una donaci\u00f3n - La maison d&#039;ariane<\/title>\n<meta name=\"robots\" content=\"index, follow, max-snippet:-1, max-image-preview:large, max-video-preview:-1\" \/>\n<link rel=\"canonical\" href=\"https:\/\/maisondariane.ca\/es\/hacer-una-donacion\/\" \/>\n<meta property=\"og:locale\" content=\"es_ES\" \/>\n<meta property=\"og:type\" content=\"article\" \/>\n<meta property=\"og:title\" content=\"Hacer una donaci\u00f3n - La maison d&#039;ariane\" \/>\n<meta property=\"og:description\" content=\"\u00bfDesea apoyar la misi\u00f3n de La Maison d\u2019Ariane? \u00a1Elija el m\u00e9todo que m\u00e1s le convenga! cheque transferencia Interac En l\u00ednea 1 En cheque A la orden de La Maison d\u2019Ariane, teniendo cuidado de adjuntar el nombre completo y la direcci\u00f3n de la persona a quien se emitir\u00e1 y har\u00e1 llegar el recibo para fines fiscales, [&hellip;]\" \/>\n<meta property=\"og:url\" content=\"https:\/\/maisondariane.ca\/es\/hacer-una-donacion\/\" \/>\n<meta property=\"og:site_name\" content=\"La maison d&#039;ariane\" \/>\n<meta property=\"article:modified_time\" content=\"2024-03-19T17:27:26+00:00\" \/>\n<meta name=\"twitter:card\" content=\"summary_large_image\" \/>\n<meta name=\"twitter:label1\" content=\"Tiempo de lectura\" \/>\n\t<meta name=\"twitter:data1\" content=\"3 minutos\" \/>\n<script type=\"application\/ld+json\" class=\"yoast-schema-graph\">{\"@context\":\"https:\/\/schema.org\",\"@graph\":[{\"@type\":\"WebPage\",\"@id\":\"https:\/\/maisondariane.ca\/es\/hacer-una-donacion\/\",\"url\":\"https:\/\/maisondariane.ca\/es\/hacer-una-donacion\/\",\"name\":\"Hacer una donaci\u00f3n - La maison d&#039;ariane\",\"isPartOf\":{\"@id\":\"https:\/\/maisondariane.ca\/#website\"},\"primaryImageOfPage\":{\"@id\":\"https:\/\/maisondariane.ca\/es\/hacer-una-donacion\/#primaryimage\"},\"image\":{\"@id\":\"https:\/\/maisondariane.ca\/es\/hacer-una-donacion\/#primaryimage\"},\"thumbnailUrl\":\"https:\/\/maisondariane.ca\/wp-content\/uploads\/2023\/05\/page-DON-1980-\u00d7-500-px.svg\",\"datePublished\":\"2022-02-24T15:53:18+00:00\",\"dateModified\":\"2024-03-19T17:27:26+00:00\",\"breadcrumb\":{\"@id\":\"https:\/\/maisondariane.ca\/es\/hacer-una-donacion\/#breadcrumb\"},\"inLanguage\":\"es\",\"potentialAction\":[{\"@type\":\"ReadAction\",\"target\":[\"https:\/\/maisondariane.ca\/es\/hacer-una-donacion\/\"]}]},{\"@type\":\"ImageObject\",\"inLanguage\":\"es\",\"@id\":\"https:\/\/maisondariane.ca\/es\/hacer-una-donacion\/#primaryimage\",\"url\":\"https:\/\/maisondariane.ca\/wp-content\/uploads\/2023\/05\/page-DON-1980-\u00d7-500-px.svg\",\"contentUrl\":\"https:\/\/maisondariane.ca\/wp-content\/uploads\/2023\/05\/page-DON-1980-\u00d7-500-px.svg\"},{\"@type\":\"BreadcrumbList\",\"@id\":\"https:\/\/maisondariane.ca\/es\/hacer-una-donacion\/#breadcrumb\",\"itemListElement\":[{\"@type\":\"ListItem\",\"position\":1,\"name\":\"Accueil\",\"item\":\"https:\/\/maisondariane.ca\/es\/\"},{\"@type\":\"ListItem\",\"position\":2,\"name\":\"Hacer una donaci\u00f3n\"}]},{\"@type\":\"WebSite\",\"@id\":\"https:\/\/maisondariane.ca\/#website\",\"url\":\"https:\/\/maisondariane.ca\/\",\"name\":\"La maison d&#039;ariane\",\"description\":\"Just another WordPress site\",\"potentialAction\":[{\"@type\":\"SearchAction\",\"target\":{\"@type\":\"EntryPoint\",\"urlTemplate\":\"https:\/\/maisondariane.ca\/?s={search_term_string}\"},\"query-input\":{\"@type\":\"PropertyValueSpecification\",\"valueRequired\":true,\"valueName\":\"search_term_string\"}}],\"inLanguage\":\"es\"}]}<\/script>\n<!-- \/ Yoast SEO plugin. -->","yoast_head_json":{"title":"Hacer una donaci\u00f3n - La maison d&#039;ariane","robots":{"index":"index","follow":"follow","max-snippet":"max-snippet:-1","max-image-preview":"max-image-preview:large","max-video-preview":"max-video-preview:-1"},"canonical":"https:\/\/maisondariane.ca\/es\/hacer-una-donacion\/","og_locale":"es_ES","og_type":"article","og_title":"Hacer una donaci\u00f3n - La maison d&#039;ariane","og_description":"\u00bfDesea apoyar la misi\u00f3n de La Maison d\u2019Ariane? \u00a1Elija el m\u00e9todo que m\u00e1s le convenga! cheque transferencia Interac En l\u00ednea 1 En cheque A la orden de La Maison d\u2019Ariane, teniendo cuidado de adjuntar el nombre completo y la direcci\u00f3n de la persona a quien se emitir\u00e1 y har\u00e1 llegar el recibo para fines fiscales, [&hellip;]","og_url":"https:\/\/maisondariane.ca\/es\/hacer-una-donacion\/","og_site_name":"La maison d&#039;ariane","article_modified_time":"2024-03-19T17:27:26+00:00","twitter_card":"summary_large_image","twitter_misc":{"Tiempo de lectura":"3 minutos"},"schema":{"@context":"https:\/\/schema.org","@graph":[{"@type":"WebPage","@id":"https:\/\/maisondariane.ca\/es\/hacer-una-donacion\/","url":"https:\/\/maisondariane.ca\/es\/hacer-una-donacion\/","name":"Hacer una donaci\u00f3n - La maison d&#039;ariane","isPartOf":{"@id":"https:\/\/maisondariane.ca\/#website"},"primaryImageOfPage":{"@id":"https:\/\/maisondariane.ca\/es\/hacer-una-donacion\/#primaryimage"},"image":{"@id":"https:\/\/maisondariane.ca\/es\/hacer-una-donacion\/#primaryimage"},"thumbnailUrl":"https:\/\/maisondariane.ca\/wp-content\/uploads\/2023\/05\/page-DON-1980-\u00d7-500-px.svg","datePublished":"2022-02-24T15:53:18+00:00","dateModified":"2024-03-19T17:27:26+00:00","breadcrumb":{"@id":"https:\/\/maisondariane.ca\/es\/hacer-una-donacion\/#breadcrumb"},"inLanguage":"es","potentialAction":[{"@type":"ReadAction","target":["https:\/\/maisondariane.ca\/es\/hacer-una-donacion\/"]}]},{"@type":"ImageObject","inLanguage":"es","@id":"https:\/\/maisondariane.ca\/es\/hacer-una-donacion\/#primaryimage","url":"https:\/\/maisondariane.ca\/wp-content\/uploads\/2023\/05\/page-DON-1980-\u00d7-500-px.svg","contentUrl":"https:\/\/maisondariane.ca\/wp-content\/uploads\/2023\/05\/page-DON-1980-\u00d7-500-px.svg"},{"@type":"BreadcrumbList","@id":"https:\/\/maisondariane.ca\/es\/hacer-una-donacion\/#breadcrumb","itemListElement":[{"@type":"ListItem","position":1,"name":"Accueil","item":"https:\/\/maisondariane.ca\/es\/"},{"@type":"ListItem","position":2,"name":"Hacer una donaci\u00f3n"}]},{"@type":"WebSite","@id":"https:\/\/maisondariane.ca\/#website","url":"https:\/\/maisondariane.ca\/","name":"La maison d&#039;ariane","description":"Just another WordPress site","potentialAction":[{"@type":"SearchAction","target":{"@type":"EntryPoint","urlTemplate":"https:\/\/maisondariane.ca\/?s={search_term_string}"},"query-input":{"@type":"PropertyValueSpecification","valueRequired":true,"valueName":"search_term_string"}}],"inLanguage":"es"}]}},"_links":{"self":[{"href":"https:\/\/maisondariane.ca\/es\/wp-json\/wp\/v2\/pages\/1026","targetHints":{"allow":["GET"]}}],"collection":[{"href":"https:\/\/maisondariane.ca\/es\/wp-json\/wp\/v2\/pages"}],"about":[{"href":"https:\/\/maisondariane.ca\/es\/wp-json\/wp\/v2\/types\/page"}],"author":[{"embeddable":true,"href":"https:\/\/maisondariane.ca\/es\/wp-json\/wp\/v2\/users\/2"}],"replies":[{"embeddable":true,"href":"https:\/\/maisondariane.ca\/es\/wp-json\/wp\/v2\/comments?post=1026"}],"version-history":[{"count":19,"href":"https:\/\/maisondariane.ca\/es\/wp-json\/wp\/v2\/pages\/1026\/revisions"}],"predecessor-version":[{"id":6032,"href":"https:\/\/maisondariane.ca\/es\/wp-json\/wp\/v2\/pages\/1026\/revisions\/6032"}],"wp:featuredmedia":[{"embeddable":true,"href":"https:\/\/maisondariane.ca\/es\/wp-json\/wp\/v2\/media\/3873"}],"wp:attachment":[{"href":"https:\/\/maisondariane.ca\/es\/wp-json\/wp\/v2\/media?parent=1026"}],"curies":[{"name":"wp","href":"https:\/\/api.w.org\/{rel}","templated":true}]}}