{"id":98,"date":"2021-12-06T08:04:11","date_gmt":"2021-12-06T08:04:11","guid":{"rendered":"https:\/\/maisondariane.viweblocal.ca\/historical\/"},"modified":"2022-02-24T10:15:11","modified_gmt":"2022-02-24T15:15:11","slug":"history","status":"publish","type":"page","link":"https:\/\/maisondariane.ca\/en\/about\/history\/","title":{"rendered":"History"},"content":{"rendered":"<h3 class=\"small-title\">Initial impulse<\/h3>\n<p>A group of eight socially conscious women decided to open a women\u2019s shelter in Saint-J\u00e9r\u00f4me after noticing there were few resources for women in the community. They wanted to create a space where victims of domestic violence could get help and support without having to move away from their families, jobs, or children\u2019s school just to be safe.<\/p>\n<p>They worked for nearly three years to make this a reality, with efforts ramping up in the fall of 1984 and winter 1985 and culminating in the letters of incorporation (Charter) on January 29, 1985. The founding pioneers formed a temporary board of directors, comprising: Lise Bastien, Marcelle Bastien, Shirley Ann Leclerc, C\u00e9line Nadon, Gyslaine Paquin, Suzanne Varin, Christiane Forget and Marie Campbell Boucher.<\/p>\n<h3 class=\"small-title\">Rationale for the name<\/h3>\n<p>According to an article published in the newspaper Journal \u00c9cho du Nord on January 30, 1985, Greek mythological figure Ariadne (Ariane, in French) gave Theseus a ball of thread which he used to escape the labyrinth after slaying the Minotaur. Inspired by this legendary fresco, La Maison d\u2019Ariane tries to be that thread that will help each woman escape from her own labyrinth of problems.<br \/>\nMarie Campbell Boucher explained that after meeting with a number of social groups, including the Association f\u00e9minine d\u2019\u00e9ducation et d\u2019action sociale (AFEAS), Richebelles, the Arthur Buies local community service centre (CLSC), and the MPP for Pr\u00e9vost county, Robert Dean, the group collected 1,000 signatures for its petition to open the shelter.<\/p>\n<h3 class=\"small-title\">Birth of a haven, not just a home<\/h3>\n<p>After receiving a one-time grant from the Canada Works program on February 4, 1985, Danielle Fafard, Chantal Saint-Georges and Denise Brouillard joined the founding pioneers.<br \/>\nThey were starting from scratch and had plans to address a vast array of needs, including housing resources, a drop-in daycare, a documentation centre and women\u2019s centre, resources for victims of sexual assault, and even a non-violence program at elementary, secondary, and CEGEP schools. It was a huge undertaking.<\/p>\n<p>In conjunction with the temporary board, consultations were held in Saint-J\u00e9r\u00f4me, Sainte-Sophie, Saint-Colomban and Pr\u00e9vost in April 1985. The objective of the consultations was to hear from women and organizations in the community on what women who are victims of domestic violence need. The consultation made it clear that there was a need for a shelter. The community answered the call and threw its support behind the project.<\/p>\n<p>As soon as the shelter\u2019s workers came on board, contact was made with the Regroupement des maisons d\u2019h\u00e9bergement pour femmes victimes de violence conjugale et leurs enfants, which provides access to expertise, analysis and training, such as sessions on children and domestic violence.<\/p>\n<p>The team was driven by a common concern: to promote an empowerment approach. Women who are victims of violence need to feel physically and psychologically safe, to break their isolation, and to feel they are heard and supported through relationships that encourage autonomy, solidarity and mutual aid both at and after leaving the shelter.<\/p>\n<p>All the women involved felt that having the right training and tools was essential, before the shelter even opened. They needed a solid foundation from which to provide services to women and children.<br \/>\nTraining was provided to volunteers by the Social Work Department at CEGEP Saint-J\u00e9r\u00f4me on topics such as helping relationships, active listening, and more. The contribution of volunteers was undoubtedly vital to the establishment of La Maison d\u2019Ariane.<br \/>\nA grant application submitted to the Minist\u00e8re de la Sant\u00e9 et des Services sociaux du Qu\u00e9bec (MSSS) was approved in July 1985, and the project received a $55,000 grant.<\/p>\n<p>On August 12 of that same year, the shelter welcomed its first residents into a three-bedroom home that could accommodate three women and their children. Open 24 hours a day, 7 days a week, the women at La Maison d\u2019Ariane had access to counselling, support, information, referral and assistance services. A program was also established to provide recreational activities for the children staying at the shelter.<\/p>\n<p>In 1986, further training was provided specifically for intervention services, taking the conscious feminist approach to mental health. This training was also provided by the Regroupement and the CECEP and included self-defence classes.<br \/>\nThe members of the Board of Directors and the team continued to reflect on the philosophy and values of La Maison d\u2019Ariane. They put their thoughts to paper and produced a working document on the organization\u2019s philosophy on December 2, 1986.<br \/>\nThis was all made possible thanks to the dedication of the board members, employees, and countless volunteers. They believed in the project and pooled their efforts, working tirelessly to ensure that La Maison d\u2019Ariane could exist and offer quality services despite not having the financial means.<\/p>\n<h2 class=\"text-uppercase title-custom\">LA MAISON D\u2019ARIANE, A COLLECTIVE STORY<\/h2>\n<h3 class=\"small-title\">Bibliography<\/h3>\n<ul>\n<li>Letters Patent, LA MAISON D\u2019ARIANE, Inspecteur g\u00e9n\u00e9ral des institutions financi\u00e8res, Gouvernement du Qu\u00e9bec, January 29, 1985<\/li>\n<li>Document de travail sur la philosophie de la Maison d\u2019Ariane, Maison d\u2019Ariane, Lise Forcier, Vice President, and Denise Brouillard, Coordinator, December 2, 1986<\/li>\n<li>Working document to purchase the home (TBC)<\/li>\n<li>Minutes of the first years of operation of La Maison d\u2019Ariane<\/li>\n<\/ul>\n<h3 class=\"small-title\">Retrospective<\/h3>\n<p>Key dates in La Maison D\u2019Ariane\u2019s history<\/p>\n<table class=\"table\">\n<tbody>\n<tr>\n<th colspan=\"2\">1985<\/th>\n<\/tr>\n<tr>\n<td>January 29<\/td>\n<td>Incorporation of La Maison d\u2019Ariane<\/td>\n<\/tr>\n<tr>\n<td>February 4<\/td>\n<td>First day of work for the three employees, Canada Works project, salary of $250\/week<\/td>\n<\/tr>\n<tr>\n<td>April<\/td>\n<td>Public consultation<\/td>\n<\/tr>\n<tr>\n<td>June 11<\/td>\n<td>Board of Directors meeting<\/td>\n<\/tr>\n<tr>\n<td>July 1<\/td>\n<td>Plan for the dwelling that would become La Maison d\u2019Ariane<\/td>\n<\/tr>\n<tr>\n<td>July 4<\/td>\n<td>First annual MSSS grant of $55,000<\/td>\n<\/tr>\n<tr>\n<td>August 12<\/td>\n<td>Shelter opens<\/td>\n<\/tr>\n<tr>\n<td rowspan=\"3\">September<\/td>\n<td>Fundraising campaign. Target: $20,00<\/td>\n<\/tr>\n<tr>\n<td>Joins Regroupement Provincial des maisons d\u2019h\u00e9bergement<\/td>\n<\/tr>\n<tr>\n<td>Salary: $6.25\/hour<\/td>\n<\/tr>\n<tr>\n<td>October<\/td>\n<td>Board of Directors discusses purchasing a house<\/td>\n<\/tr>\n<tr>\n<td rowspan=\"3\">November<\/td>\n<td>Logo design<\/td>\n<\/tr>\n<tr>\n<td>Group insurance<\/td>\n<\/tr>\n<tr>\n<td>Member of ROC (regroupement des organismes communautaire)<\/td>\n<\/tr>\n<tr>\n<td>Late December :<\/td>\n<td>La Maison d\u2019Ariane had taken in 28 women and 23 children since opening, in 3 available rooms<\/td>\n<\/tr>\n<tr>\n<th colspan=\"2\">1986<\/th>\n<\/tr>\n<tr>\n<td>January<\/td>\n<td>Fundraising campaign. Target: $10,000<\/td>\n<\/tr>\n<tr>\n<td>April<\/td>\n<td>Risk of shutting down. Only enough money left for 3 months. Application for $15,000 line of credit<\/td>\n<\/tr>\n<tr>\n<td>May<\/td>\n<td>Annual General Assembly<\/td>\n<\/tr>\n<tr>\n<td rowspan=\"4\">July<\/td>\n<td>SQ golf tournament: $800<\/td>\n<\/tr>\n<tr>\n<td>5 community agencies join forces to secure their own funding :<\/p>\n<ul>\n<li>Antre-Jeunes, Maison des Jeunes, Centre de la famille, Concertavie and Maison d\u2019Ariane<\/li>\n<li>Joint campaign target: $25,000<\/li>\n<\/ul>\n<\/td>\n<\/tr>\n<tr>\n<td>3 committees created: Intervention, Organization and Fundraising<\/td>\n<\/tr>\n<tr>\n<td>Change to the Charter from \u201cwomen in difficulty\u201d to \u201cwomen who are victims of domestic violence, and their children\u201d<\/td>\n<\/tr>\n<tr>\n<td rowspan=\"2\">August<\/td>\n<td>MSSS grant: $55,000 for 1986-1987 and a per diem of $10,000 for women who are victims of violence<\/td>\n<\/tr>\n<tr>\n<td>Labour Committee: working conditions<\/td>\n<\/tr>\n<\/tbody>\n<\/table>\n","protected":false},"excerpt":{"rendered":"<p>Initial impulse A group of eight socially conscious women decided to open a women\u2019s shelter in Saint-J\u00e9r\u00f4me after noticing there were few resources for women in the community. They wanted to create a space where victims of domestic violence could get help and support without having to move away from their families, jobs, or children\u2019s [&hellip;]<\/p>\n","protected":false},"author":2,"featured_media":0,"parent":566,"menu_order":0,"comment_status":"closed","ping_status":"closed","template":"template-parts\/page-history.php","meta":{"_acf_changed":false,"inline_featured_image":false,"footnotes":""},"class_list":["post-98","page","type-page","status-publish","hentry"],"acf":[],"yoast_head":"<!-- This site is optimized with the Yoast SEO plugin v27.4 - https:\/\/yoast.com\/product\/yoast-seo-wordpress\/ -->\n<title>History - La maison d&#039;ariane<\/title>\n<meta name=\"robots\" content=\"index, follow, max-snippet:-1, max-image-preview:large, max-video-preview:-1\" \/>\n<link rel=\"canonical\" href=\"https:\/\/maisondariane.ca\/en\/about\/history\/\" \/>\n<meta property=\"og:locale\" content=\"en_US\" \/>\n<meta property=\"og:type\" content=\"article\" \/>\n<meta property=\"og:title\" content=\"History - La maison d&#039;ariane\" \/>\n<meta property=\"og:description\" content=\"Initial impulse A group of eight socially conscious women decided to open a women\u2019s shelter in Saint-J\u00e9r\u00f4me after noticing there were few resources for women in the community. They wanted to create a space where victims of domestic violence could get help and support without having to move away from their families, jobs, or children\u2019s [&hellip;]\" \/>\n<meta property=\"og:url\" content=\"https:\/\/maisondariane.ca\/en\/about\/history\/\" \/>\n<meta property=\"og:site_name\" content=\"La maison d&#039;ariane\" \/>\n<meta property=\"article:modified_time\" content=\"2022-02-24T15:15:11+00:00\" \/>\n<meta name=\"twitter:card\" content=\"summary_large_image\" \/>\n<meta name=\"twitter:label1\" content=\"Est. reading time\" \/>\n\t<meta name=\"twitter:data1\" content=\"5 minutes\" \/>\n<script type=\"application\/ld+json\" class=\"yoast-schema-graph\">{\"@context\":\"https:\\\/\\\/schema.org\",\"@graph\":[{\"@type\":\"WebPage\",\"@id\":\"https:\\\/\\\/maisondariane.ca\\\/en\\\/about\\\/history\\\/\",\"url\":\"https:\\\/\\\/maisondariane.ca\\\/en\\\/about\\\/history\\\/\",\"name\":\"History - La maison d&#039;ariane\",\"isPartOf\":{\"@id\":\"https:\\\/\\\/maisondariane.ca\\\/#website\"},\"datePublished\":\"2021-12-06T08:04:11+00:00\",\"dateModified\":\"2022-02-24T15:15:11+00:00\",\"breadcrumb\":{\"@id\":\"https:\\\/\\\/maisondariane.ca\\\/en\\\/about\\\/history\\\/#breadcrumb\"},\"inLanguage\":\"en-US\",\"potentialAction\":[{\"@type\":\"ReadAction\",\"target\":[\"https:\\\/\\\/maisondariane.ca\\\/en\\\/about\\\/history\\\/\"]}]},{\"@type\":\"BreadcrumbList\",\"@id\":\"https:\\\/\\\/maisondariane.ca\\\/en\\\/about\\\/history\\\/#breadcrumb\",\"itemListElement\":[{\"@type\":\"ListItem\",\"position\":1,\"name\":\"Accueil\",\"item\":\"https:\\\/\\\/maisondariane.ca\\\/en\\\/\"},{\"@type\":\"ListItem\",\"position\":2,\"name\":\"About\",\"item\":\"https:\\\/\\\/maisondariane.ca\\\/en\\\/about\\\/\"},{\"@type\":\"ListItem\",\"position\":3,\"name\":\"History\"}]},{\"@type\":\"WebSite\",\"@id\":\"https:\\\/\\\/maisondariane.ca\\\/#website\",\"url\":\"https:\\\/\\\/maisondariane.ca\\\/\",\"name\":\"La maison d&#039;ariane\",\"description\":\"Just another WordPress site\",\"potentialAction\":[{\"@type\":\"SearchAction\",\"target\":{\"@type\":\"EntryPoint\",\"urlTemplate\":\"https:\\\/\\\/maisondariane.ca\\\/?s={search_term_string}\"},\"query-input\":{\"@type\":\"PropertyValueSpecification\",\"valueRequired\":true,\"valueName\":\"search_term_string\"}}],\"inLanguage\":\"en-US\"}]}<\/script>\n<!-- \/ Yoast SEO plugin. -->","yoast_head_json":{"title":"History - La maison d&#039;ariane","robots":{"index":"index","follow":"follow","max-snippet":"max-snippet:-1","max-image-preview":"max-image-preview:large","max-video-preview":"max-video-preview:-1"},"canonical":"https:\/\/maisondariane.ca\/en\/about\/history\/","og_locale":"en_US","og_type":"article","og_title":"History - La maison d&#039;ariane","og_description":"Initial impulse A group of eight socially conscious women decided to open a women\u2019s shelter in Saint-J\u00e9r\u00f4me after noticing there were few resources for women in the community. They wanted to create a space where victims of domestic violence could get help and support without having to move away from their families, jobs, or children\u2019s [&hellip;]","og_url":"https:\/\/maisondariane.ca\/en\/about\/history\/","og_site_name":"La maison d&#039;ariane","article_modified_time":"2022-02-24T15:15:11+00:00","twitter_card":"summary_large_image","twitter_misc":{"Est. reading time":"5 minutes"},"schema":{"@context":"https:\/\/schema.org","@graph":[{"@type":"WebPage","@id":"https:\/\/maisondariane.ca\/en\/about\/history\/","url":"https:\/\/maisondariane.ca\/en\/about\/history\/","name":"History - La maison d&#039;ariane","isPartOf":{"@id":"https:\/\/maisondariane.ca\/#website"},"datePublished":"2021-12-06T08:04:11+00:00","dateModified":"2022-02-24T15:15:11+00:00","breadcrumb":{"@id":"https:\/\/maisondariane.ca\/en\/about\/history\/#breadcrumb"},"inLanguage":"en-US","potentialAction":[{"@type":"ReadAction","target":["https:\/\/maisondariane.ca\/en\/about\/history\/"]}]},{"@type":"BreadcrumbList","@id":"https:\/\/maisondariane.ca\/en\/about\/history\/#breadcrumb","itemListElement":[{"@type":"ListItem","position":1,"name":"Accueil","item":"https:\/\/maisondariane.ca\/en\/"},{"@type":"ListItem","position":2,"name":"About","item":"https:\/\/maisondariane.ca\/en\/about\/"},{"@type":"ListItem","position":3,"name":"History"}]},{"@type":"WebSite","@id":"https:\/\/maisondariane.ca\/#website","url":"https:\/\/maisondariane.ca\/","name":"La maison d&#039;ariane","description":"Just another WordPress site","potentialAction":[{"@type":"SearchAction","target":{"@type":"EntryPoint","urlTemplate":"https:\/\/maisondariane.ca\/?s={search_term_string}"},"query-input":{"@type":"PropertyValueSpecification","valueRequired":true,"valueName":"search_term_string"}}],"inLanguage":"en-US"}]}},"_links":{"self":[{"href":"https:\/\/maisondariane.ca\/en\/wp-json\/wp\/v2\/pages\/98","targetHints":{"allow":["GET"]}}],"collection":[{"href":"https:\/\/maisondariane.ca\/en\/wp-json\/wp\/v2\/pages"}],"about":[{"href":"https:\/\/maisondariane.ca\/en\/wp-json\/wp\/v2\/types\/page"}],"author":[{"embeddable":true,"href":"https:\/\/maisondariane.ca\/en\/wp-json\/wp\/v2\/users\/2"}],"replies":[{"embeddable":true,"href":"https:\/\/maisondariane.ca\/en\/wp-json\/wp\/v2\/comments?post=98"}],"version-history":[{"count":4,"href":"https:\/\/maisondariane.ca\/en\/wp-json\/wp\/v2\/pages\/98\/revisions"}],"predecessor-version":[{"id":1009,"href":"https:\/\/maisondariane.ca\/en\/wp-json\/wp\/v2\/pages\/98\/revisions\/1009"}],"up":[{"embeddable":true,"href":"https:\/\/maisondariane.ca\/en\/wp-json\/wp\/v2\/pages\/566"}],"wp:attachment":[{"href":"https:\/\/maisondariane.ca\/en\/wp-json\/wp\/v2\/media?parent=98"}],"curies":[{"name":"wp","href":"https:\/\/api.w.org\/{rel}","templated":true}]}}