{"id":624,"date":"2022-01-27T14:23:05","date_gmt":"2022-01-27T14:23:05","guid":{"rendered":"https:\/\/maisondariane.viweblocal.ca\/make-a-donation\/"},"modified":"2024-03-19T13:26:43","modified_gmt":"2024-03-19T17:26:43","slug":"make-a-donation","status":"publish","type":"page","link":"https:\/\/maisondariane.ca\/en\/make-a-donation\/","title":{"rendered":"Make a donation"},"content":{"rendered":"<div class=\"fluid-in-container bg-red py-4\">\n<div class=\"container\">\n<div class=\"row row-cols justify-content-center align-items-center\">\n<div class=\"col text-white\">\nLooking to support the mission of La Maison d\u2019Ariane?<br \/>\nChoose the most convenient method for you.\n<\/div>\n<div class=\"col text-white text-center border-start border-white\">Cheque<\/div>\n<div class=\"col text-white text-center border-start border-white text-uppercase\"> Interac etransfer<\/div>\n<div class=\"col text-white text-center border-start border-white text-uppercase\"><a href=\"#enligne\" class=\" text-white\">Online<\/a><\/div>\n<\/div>\n<\/div>\n<\/div>\n<div class=\"bloc_support2 mt-5\">\n<div class=\"row align-items-center\">\n<div class=\"col-md-9\">\n<div class=\"row\">\n<div class=\"bloc_supp col-12\">\n<h4 class=\"text-secondary position-relative text-uppercase\"><span class=\"circle-number position-absolute\">1<\/span> By cheque<\/h4>\n<p>Made out to La Maison d\u2019Ariane, making sure to include the full name and address of the person to whom the tax receipt should be issued, and mailing to:<\/p>\n<p><span>La Maison d&#8217;Ariane, C.P. 35 Succursale Centre-ville, St-J\u00e9r\u00f4me (QC) J7Z 5T7<\/span><\/p>\n<\/div>\n<div class=\"bloc_supp col-12\">\n<h4 class=\" text-secondary position-relative text-uppercase\" style=\"text-align: left;\"><span class=\"circle-number position-absolute\">2<\/span> By Interac etransfer<\/h4>\n<p>Send an etransfer to: <a href=\"mailto:arianecoordo@maisondariane.ca\" class=\"text-black text-decoration-none\">arianecoordo@maisondariane.ca<\/a><\/p>\n<p>\nMake sure to send the answer to the security question and your contact information (full name, address, telephone number) in a separate email.\n<\/p>\n<p style=\"text-align: left;\">Tax receipts will be issued for donations of $20 and over.<\/p>\n<\/div>\n<div id=\"enligne\" class=\"bloc_supp col-12\">\n<h4 class=\" text-secondary position-relative text-uppercase\"><span class=\"circle-number position-absolute\">3<\/span> ONLINE (ONE-TIME, MONTHLY, ANNUAL, IN MEMORIAM)<\/h4>\n<div class=\"row align-items-center\">\n<div class=\"col-12\">Donate online using one of the following secure donation platforms.<br \/>\nYour donation can be one-time, monthly, annual or in memory of someone who has passed.<\/div>\n<\/div>\n<div class=\"row\">\n<div class=\"col-md-3 pt-4\">\n        <img decoding=\"async\" class=\"w-100\" src=\"\/wp-content\/uploads\/2023\/09\/zeffy.png\" alt=\"\" \/><\/p>\n<div class=\"t_zef\">Zeffy: <strong class=\"text_mauve\">100% free fundraising platform<\/strong>. Transaction fees, credit card fees and platform fees are covered by Zeffy which is funded by voluntary contributions from donors<\/div>\n<\/p><\/div>\n<div class=\"col-md-9\">\n<div class=\"row\">\n<div class=\"col-md-6\">\n                <a href=\"https:\/\/www.zeffy.com\/en-CA\/donation-form\/89ad4408-c530-475c-8085-7e94a9663531\" target=\"_blank\" class=\"py-2 px-4 mt-4 bg-purple text-white border-0 b_mh1 b_mh w-100\" rel=\"noopener\">ZEFFY &#8211; Make a DONATION<br \/> to La Maison d\u2019Ariane<br \/>services<\/a>\n            <\/div>\n<div class=\"col-md-6\">\n                <a href=\"https:\/\/www.zeffy.com\/en-CA\/donation-form\/404651ca-e3e3-4e2f-b56b-a426769a22a6\" target=\"_blank\" class=\"py-2 px-4 mt-4 bg-default text-white border-0 b_mh2 b_mh w-100\" rel=\"noopener\">ZEFFY &#8211; Make a DONATION<br \/>to L\u2019Avenue d\u2019Ariane<br \/>services<\/a>\n            <\/div>\n<\/p><\/div>\n<\/p><\/div>\n<div class=\"col-md-3 pt-4\">\n        <img decoding=\"async\" class=\"w-100\" src=\"\/wp-content\/uploads\/2024\/02\/canada-helps.png\" alt=\"\" \/><\/p>\n<div class=\"t_zef\">CanadaHelps: <strong class=\"text_mauve\">Transaction fees of 3%<\/strong> per donation will apply.<\/div>\n<\/p><\/div>\n<div class=\"col-md-9\">\n<div class=\"row\">\n<div class=\"col-md-6\">\n                <a href=\"https:\/\/www.canadahelps.org\/en\/dn\/9127\" target=\"_blank\" class=\"py-2 px-4 mt-4 bg-purple text-white border-0 b_mh1 b_mh w-100\" rel=\"noopener\">CANADON &#8211; Make a DONATION<br \/> to La Maison d\u2019Ariane<br \/>services<br \/><span>Select<\/span> <span class=\"text_red\">Maison d&#8217;aide et d&#8217;h\u00e9bergement d&#8217;urgence<\/span><\/a>\n            <\/div>\n<div class=\"col-md-6\">\n                <a href=\"https:\/\/www.canadahelps.org\/en\/dn\/9127\" target=\"_blank\" class=\"py-2 px-4 mt-4 bg-default text-white border-0 b_mh2 b_mh w-100\" rel=\"noopener\">CANADON &#8211; Make a DONATION<br \/>to L\u2019Avenue d\u2019Ariane<br \/>services<br \/><span>Select<\/span> <span class=\"text_mauve\">Maison 2e \u00e9tape \/ Construction<\/span><\/a>\n            <\/div>\n<\/p><\/div>\n<\/p><\/div>\n<div class=\"col-md-9 offset-md-3\">\n<div class=\"row\">\n<div class=\"col-md-6\">\n<div>\n                    <strong>*La Maison d\u2019Ariane:<\/strong><br \/>\n                    Safe temporary shelter for women.\n                <\/div>\n<\/p><\/div>\n<div class=\"col-md-6\">\n<div>\n            <strong>*L\u2019Avenue d\u2019Ariane:<\/strong><br \/>\n            Safe, medium- to long-term accommodation.\n                <\/div>\n<\/p><\/div>\n<\/p><\/div>\n<\/p><\/div>\n<\/div>\n<p>&nbsp;<br \/>\n&nbsp;\n<\/p><\/div>\n<\/div>\n<\/div>\n<div class=\"col-md-3\">\n<img decoding=\"async\" src=\"\/wp-content\/uploads\/2023\/05\/heart-fonce.png\" alt=\"\" class=\"alignnone size-medium wp-image-2805 w-100\" \/>\n<\/div>\n<\/div>\n<div class=\"fluid-in-container bg-red py-4\">\n<div class=\"container\">\n<div class=\"row\">\n<div class=\"col-12 col-md-10\">\n<p class=\"text-white\">Donations of clothing, small household items, and textiles (e.g., bedsheets) can be dropped off at the Entraide diab\u00e9tique du Qu\u00e9bec donation boxes at the IGA Robert Tellier at 1085, boulevard Roland-Godard, Saint-J\u00e9r\u00f4me, QC, J7Y 4C4.<\/p>\n<\/div>\n<div class=\"col-12 col-md-2 pt-4\">\n           <a href=\"https:\/\/entraidediabetique.org\/en\/items-accepted\/\" target=\"_blank\" class=\"bg-default text-white py-2 px-4 border-0 ms-2 btn-effect donate-header f13-resp reduce-space\" style=\"white-space:nowrap\" rel=\"noopener\">For more information<\/a>\n<\/div>\n<\/div>\n<\/div>\n<\/div>\n","protected":false},"excerpt":{"rendered":"<p>Looking to support the mission of La Maison d\u2019Ariane? Choose the most convenient method for you. Cheque Interac etransfer Online 1 By cheque Made out to La Maison d\u2019Ariane, making sure to include the full name and address of the person to whom the tax receipt should be issued, and mailing to: La Maison d&#8217;Ariane, [&hellip;]<\/p>\n","protected":false},"author":2,"featured_media":3872,"parent":0,"menu_order":0,"comment_status":"closed","ping_status":"closed","template":"","meta":{"_acf_changed":false,"inline_featured_image":false,"footnotes":""},"class_list":["post-624","page","type-page","status-publish","has-post-thumbnail","hentry"],"acf":[],"yoast_head":"<!-- This site is optimized with the Yoast SEO plugin v27.1.1 - https:\/\/yoast.com\/product\/yoast-seo-wordpress\/ -->\n<title>Make a donation - La maison d&#039;ariane<\/title>\n<meta name=\"robots\" content=\"index, follow, max-snippet:-1, max-image-preview:large, max-video-preview:-1\" \/>\n<link rel=\"canonical\" href=\"https:\/\/maisondariane.ca\/en\/make-a-donation\/\" \/>\n<meta property=\"og:locale\" content=\"en_US\" \/>\n<meta property=\"og:type\" content=\"article\" \/>\n<meta property=\"og:title\" content=\"Make a donation - La maison d&#039;ariane\" \/>\n<meta property=\"og:description\" content=\"Looking to support the mission of La Maison d\u2019Ariane? Choose the most convenient method for you. Cheque Interac etransfer Online 1 By cheque Made out to La Maison d\u2019Ariane, making sure to include the full name and address of the person to whom the tax receipt should be issued, and mailing to: La Maison d&#8217;Ariane, [&hellip;]\" \/>\n<meta property=\"og:url\" content=\"https:\/\/maisondariane.ca\/en\/make-a-donation\/\" \/>\n<meta property=\"og:site_name\" content=\"La maison d&#039;ariane\" \/>\n<meta property=\"article:modified_time\" content=\"2024-03-19T17:26:43+00:00\" \/>\n<meta name=\"twitter:card\" content=\"summary_large_image\" \/>\n<meta name=\"twitter:label1\" content=\"Est. reading time\" \/>\n\t<meta name=\"twitter:data1\" content=\"3 minutes\" \/>\n<script type=\"application\/ld+json\" class=\"yoast-schema-graph\">{\"@context\":\"https:\/\/schema.org\",\"@graph\":[{\"@type\":\"WebPage\",\"@id\":\"https:\/\/maisondariane.ca\/en\/make-a-donation\/\",\"url\":\"https:\/\/maisondariane.ca\/en\/make-a-donation\/\",\"name\":\"Make a donation - La maison d&#039;ariane\",\"isPartOf\":{\"@id\":\"https:\/\/maisondariane.ca\/#website\"},\"primaryImageOfPage\":{\"@id\":\"https:\/\/maisondariane.ca\/en\/make-a-donation\/#primaryimage\"},\"image\":{\"@id\":\"https:\/\/maisondariane.ca\/en\/make-a-donation\/#primaryimage\"},\"thumbnailUrl\":\"https:\/\/maisondariane.ca\/wp-content\/uploads\/2023\/05\/page-DON-1980-\u00d7-500-px.svg\",\"datePublished\":\"2022-01-27T14:23:05+00:00\",\"dateModified\":\"2024-03-19T17:26:43+00:00\",\"breadcrumb\":{\"@id\":\"https:\/\/maisondariane.ca\/en\/make-a-donation\/#breadcrumb\"},\"inLanguage\":\"en-US\",\"potentialAction\":[{\"@type\":\"ReadAction\",\"target\":[\"https:\/\/maisondariane.ca\/en\/make-a-donation\/\"]}]},{\"@type\":\"ImageObject\",\"inLanguage\":\"en-US\",\"@id\":\"https:\/\/maisondariane.ca\/en\/make-a-donation\/#primaryimage\",\"url\":\"https:\/\/maisondariane.ca\/wp-content\/uploads\/2023\/05\/page-DON-1980-\u00d7-500-px.svg\",\"contentUrl\":\"https:\/\/maisondariane.ca\/wp-content\/uploads\/2023\/05\/page-DON-1980-\u00d7-500-px.svg\"},{\"@type\":\"BreadcrumbList\",\"@id\":\"https:\/\/maisondariane.ca\/en\/make-a-donation\/#breadcrumb\",\"itemListElement\":[{\"@type\":\"ListItem\",\"position\":1,\"name\":\"Accueil\",\"item\":\"https:\/\/maisondariane.ca\/en\/\"},{\"@type\":\"ListItem\",\"position\":2,\"name\":\"Make a donation\"}]},{\"@type\":\"WebSite\",\"@id\":\"https:\/\/maisondariane.ca\/#website\",\"url\":\"https:\/\/maisondariane.ca\/\",\"name\":\"La maison d&#039;ariane\",\"description\":\"Just another WordPress site\",\"potentialAction\":[{\"@type\":\"SearchAction\",\"target\":{\"@type\":\"EntryPoint\",\"urlTemplate\":\"https:\/\/maisondariane.ca\/?s={search_term_string}\"},\"query-input\":{\"@type\":\"PropertyValueSpecification\",\"valueRequired\":true,\"valueName\":\"search_term_string\"}}],\"inLanguage\":\"en-US\"}]}<\/script>\n<!-- \/ Yoast SEO plugin. -->","yoast_head_json":{"title":"Make a donation - La maison d&#039;ariane","robots":{"index":"index","follow":"follow","max-snippet":"max-snippet:-1","max-image-preview":"max-image-preview:large","max-video-preview":"max-video-preview:-1"},"canonical":"https:\/\/maisondariane.ca\/en\/make-a-donation\/","og_locale":"en_US","og_type":"article","og_title":"Make a donation - La maison d&#039;ariane","og_description":"Looking to support the mission of La Maison d\u2019Ariane? Choose the most convenient method for you. Cheque Interac etransfer Online 1 By cheque Made out to La Maison d\u2019Ariane, making sure to include the full name and address of the person to whom the tax receipt should be issued, and mailing to: La Maison d&#8217;Ariane, [&hellip;]","og_url":"https:\/\/maisondariane.ca\/en\/make-a-donation\/","og_site_name":"La maison d&#039;ariane","article_modified_time":"2024-03-19T17:26:43+00:00","twitter_card":"summary_large_image","twitter_misc":{"Est. reading time":"3 minutes"},"schema":{"@context":"https:\/\/schema.org","@graph":[{"@type":"WebPage","@id":"https:\/\/maisondariane.ca\/en\/make-a-donation\/","url":"https:\/\/maisondariane.ca\/en\/make-a-donation\/","name":"Make a donation - La maison d&#039;ariane","isPartOf":{"@id":"https:\/\/maisondariane.ca\/#website"},"primaryImageOfPage":{"@id":"https:\/\/maisondariane.ca\/en\/make-a-donation\/#primaryimage"},"image":{"@id":"https:\/\/maisondariane.ca\/en\/make-a-donation\/#primaryimage"},"thumbnailUrl":"https:\/\/maisondariane.ca\/wp-content\/uploads\/2023\/05\/page-DON-1980-\u00d7-500-px.svg","datePublished":"2022-01-27T14:23:05+00:00","dateModified":"2024-03-19T17:26:43+00:00","breadcrumb":{"@id":"https:\/\/maisondariane.ca\/en\/make-a-donation\/#breadcrumb"},"inLanguage":"en-US","potentialAction":[{"@type":"ReadAction","target":["https:\/\/maisondariane.ca\/en\/make-a-donation\/"]}]},{"@type":"ImageObject","inLanguage":"en-US","@id":"https:\/\/maisondariane.ca\/en\/make-a-donation\/#primaryimage","url":"https:\/\/maisondariane.ca\/wp-content\/uploads\/2023\/05\/page-DON-1980-\u00d7-500-px.svg","contentUrl":"https:\/\/maisondariane.ca\/wp-content\/uploads\/2023\/05\/page-DON-1980-\u00d7-500-px.svg"},{"@type":"BreadcrumbList","@id":"https:\/\/maisondariane.ca\/en\/make-a-donation\/#breadcrumb","itemListElement":[{"@type":"ListItem","position":1,"name":"Accueil","item":"https:\/\/maisondariane.ca\/en\/"},{"@type":"ListItem","position":2,"name":"Make a donation"}]},{"@type":"WebSite","@id":"https:\/\/maisondariane.ca\/#website","url":"https:\/\/maisondariane.ca\/","name":"La maison d&#039;ariane","description":"Just another WordPress site","potentialAction":[{"@type":"SearchAction","target":{"@type":"EntryPoint","urlTemplate":"https:\/\/maisondariane.ca\/?s={search_term_string}"},"query-input":{"@type":"PropertyValueSpecification","valueRequired":true,"valueName":"search_term_string"}}],"inLanguage":"en-US"}]}},"_links":{"self":[{"href":"https:\/\/maisondariane.ca\/en\/wp-json\/wp\/v2\/pages\/624","targetHints":{"allow":["GET"]}}],"collection":[{"href":"https:\/\/maisondariane.ca\/en\/wp-json\/wp\/v2\/pages"}],"about":[{"href":"https:\/\/maisondariane.ca\/en\/wp-json\/wp\/v2\/types\/page"}],"author":[{"embeddable":true,"href":"https:\/\/maisondariane.ca\/en\/wp-json\/wp\/v2\/users\/2"}],"replies":[{"embeddable":true,"href":"https:\/\/maisondariane.ca\/en\/wp-json\/wp\/v2\/comments?post=624"}],"version-history":[{"count":23,"href":"https:\/\/maisondariane.ca\/en\/wp-json\/wp\/v2\/pages\/624\/revisions"}],"predecessor-version":[{"id":6031,"href":"https:\/\/maisondariane.ca\/en\/wp-json\/wp\/v2\/pages\/624\/revisions\/6031"}],"wp:featuredmedia":[{"embeddable":true,"href":"https:\/\/maisondariane.ca\/en\/wp-json\/wp\/v2\/media\/3872"}],"wp:attachment":[{"href":"https:\/\/maisondariane.ca\/en\/wp-json\/wp\/v2\/media?parent=624"}],"curies":[{"name":"wp","href":"https:\/\/api.w.org\/{rel}","templated":true}]}}