{"id":250,"date":"2021-12-06T20:06:28","date_gmt":"2021-12-06T20:06:28","guid":{"rendered":"https:\/\/maisondariane.viweblocal.ca\/questions-and-answers\/"},"modified":"2022-08-17T07:41:54","modified_gmt":"2022-08-17T11:41:54","slug":"questions-about-our-services","status":"publish","type":"page","link":"https:\/\/maisondariane.ca\/en\/questions-about-our-services\/","title":{"rendered":"Questions about our services"},"content":{"rendered":"<ul class=\"list-with-icon\">\n<li>\n<h5 class=\"small-title\">HOW MUCH DOES THE SHELTER COST?<\/h5>\n<p>\t\t\t\t\tAll our services are free.\n\t\t\t\t<\/li>\n<li>\n<h5 class=\"small-title\">HOW LONG CAN I STAY? <\/h5>\n<p>\t\t\t\t\tEvery woman is unique, so the length of stay varies.\n\t\t\t\t<\/li>\n<li>\n<h5 class=\"small-title\">CAN MY BEST FRIEND COME VISIT ME? <\/h5>\n<p>\t\t\t\t\tFor the safety of residents, their children and the workers at the shelter, the address is confidential, and we are strict about that. Therefore, no one can come to the house, aside from any minor children you may have. However, you can meet up with friends outside the home; in fact, this is encouraged to maintain valuable relationships and support.\n\t\t\t\t<\/li>\n<li>\n<h5 class=\"small-title\">CAN I STILL GO TO WORK? <\/h5>\n<p>\t\t\t\t\tOf course. You are free to go to work and\/or on any outings.\n\t\t\t\t<\/li>\n<li>\n<h5 class=\"small-title\">CAN I BRING MY CHILDREN WITH ME? <\/h5>\n<p>\t\t\t\t\tYes, our shelter houses both women and children.\n\t\t\t\t<\/li>\n<li>\n<h5 class=\"small-title\">WHAT SHOULD I BRING WITH ME? <\/h5>\n<p>\t\t\t\t\tThe most important thing is that you and your children are safe. <br \/>\n\t\t\t\t\tBut if the situation permits, it could be useful to bring: <\/p>\n<ul>\n<li>A toiletries bag: shampoo, soap, etc. <\/li>\n<li>Important documents such as birth certificate, tax returns, ID cards. <\/li>\n<li>Belongings that are particularly important or mean a lot to you. These items should not be too big, and limited in number.<\/li>\n<\/ul>\n<\/li>\n<li>\n<h5 class=\"small-title\">DO I HAVE TO SHARE A ROOM WITH ANOTHER WOMAN? <\/h5>\n<p>\t\t\t\t\tNo. Every woman (or family) has her own room.\n\t\t\t\t<\/li>\n<li>\n<h5 class=\"small-title\">IS SOMEONE AROUND EVEN AT NIGHT? <\/h5>\n<p>\t\t\t\t\tYes. Someone is available throughout the night, both at the shelter and to answer the phone.\n\t\t\t\t<\/li>\n<li>\n<h5 class=\"small-title\">\u200bWHAT DO I NEED TO DO TO GET A SPOT AT THE SHELTER? <\/h5>\n<p>\t\t\t\t\tCall La Maison d\u2019Ariane at 450-432-9355. One of our workers will explain how it works.\n\t\t\t\t<\/li>\n<li>\n<h5 class=\"small-title\">IF I CALL YOU, DO I HAVE TO GO TO THE SHELTER? <\/h5>\n<p>\t\t\t\t\tNot at all. We offer over-the-phone support, external meetings, and support with legal matters.\n\t\t\t\t<\/li>\n<li>\n<h5 class=\"small-title\">IF MY PARTNER HASN\u2019T HIT ME, CAN I STILL GET HELP? <\/h5>\n<p>\t\t\t\t\tYes. Violence exists in many forms, including verbal, psychological, economic and sexual.\n\t\t\t\t<\/li>\n<li>\n<h5 class=\"small-title\">I\u2019M AFRAID OF TAKING THE SPOT OF ANOTHER WOMAN WHO MIGHT NEED IT.<\/h5>\n<p>\t\t\t\t\tYou have a spot because you need it.\n\t\t\t\t<\/li>\n<li>\n<h5 class=\"small-title\">I DON\u2019T WANT TO FILE CHARGES. CAN I STILL COME TO THE SHELTER? <\/h5>\n<p>\t\t\t\t\tTout \u00e0 fait. Chaque femme est unique, et chacune entreprend sa d\u00e9victimisation \u00e0 son rythme, et selon ses propres strat\u00e9gies.\n\t\t\t\t<\/li>\n<\/ul>\n","protected":false},"excerpt":{"rendered":"<p>HOW MUCH DOES THE SHELTER COST? All our services are free. HOW LONG CAN I STAY? Every woman is unique, so the length of stay varies. CAN MY BEST FRIEND COME VISIT ME? For the safety of residents, their children and the workers at the shelter, the address is confidential, and we are strict about [&hellip;]<\/p>\n","protected":false},"author":2,"featured_media":0,"parent":0,"menu_order":0,"comment_status":"closed","ping_status":"closed","template":"","meta":{"_acf_changed":false,"inline_featured_image":false,"footnotes":""},"class_list":["post-250","page","type-page","status-publish","hentry"],"acf":[],"yoast_head":"<!-- This site is optimized with the Yoast SEO plugin v27.1.1 - https:\/\/yoast.com\/product\/yoast-seo-wordpress\/ -->\n<title>Questions about our services - La maison d&#039;ariane<\/title>\n<meta name=\"robots\" content=\"index, follow, max-snippet:-1, max-image-preview:large, max-video-preview:-1\" \/>\n<link rel=\"canonical\" href=\"https:\/\/maisondariane.ca\/en\/questions-about-our-services\/\" \/>\n<meta property=\"og:locale\" content=\"en_US\" \/>\n<meta property=\"og:type\" content=\"article\" \/>\n<meta property=\"og:title\" content=\"Questions about our services - La maison d&#039;ariane\" \/>\n<meta property=\"og:description\" content=\"HOW MUCH DOES THE SHELTER COST? All our services are free. HOW LONG CAN I STAY? Every woman is unique, so the length of stay varies. CAN MY BEST FRIEND COME VISIT ME? For the safety of residents, their children and the workers at the shelter, the address is confidential, and we are strict about [&hellip;]\" \/>\n<meta property=\"og:url\" content=\"https:\/\/maisondariane.ca\/en\/questions-about-our-services\/\" \/>\n<meta property=\"og:site_name\" content=\"La maison d&#039;ariane\" \/>\n<meta property=\"article:modified_time\" content=\"2022-08-17T11:41:54+00:00\" \/>\n<meta name=\"twitter:card\" content=\"summary_large_image\" \/>\n<meta name=\"twitter:label1\" content=\"Est. reading time\" \/>\n\t<meta name=\"twitter:data1\" content=\"2 minutes\" \/>\n<script type=\"application\/ld+json\" class=\"yoast-schema-graph\">{\"@context\":\"https:\/\/schema.org\",\"@graph\":[{\"@type\":\"WebPage\",\"@id\":\"https:\/\/maisondariane.ca\/en\/questions-about-our-services\/\",\"url\":\"https:\/\/maisondariane.ca\/en\/questions-about-our-services\/\",\"name\":\"Questions about our services - La maison d&#039;ariane\",\"isPartOf\":{\"@id\":\"https:\/\/maisondariane.ca\/#website\"},\"datePublished\":\"2021-12-06T20:06:28+00:00\",\"dateModified\":\"2022-08-17T11:41:54+00:00\",\"breadcrumb\":{\"@id\":\"https:\/\/maisondariane.ca\/en\/questions-about-our-services\/#breadcrumb\"},\"inLanguage\":\"en-US\",\"potentialAction\":[{\"@type\":\"ReadAction\",\"target\":[\"https:\/\/maisondariane.ca\/en\/questions-about-our-services\/\"]}]},{\"@type\":\"BreadcrumbList\",\"@id\":\"https:\/\/maisondariane.ca\/en\/questions-about-our-services\/#breadcrumb\",\"itemListElement\":[{\"@type\":\"ListItem\",\"position\":1,\"name\":\"Accueil\",\"item\":\"https:\/\/maisondariane.ca\/en\/\"},{\"@type\":\"ListItem\",\"position\":2,\"name\":\"Questions about our services\"}]},{\"@type\":\"WebSite\",\"@id\":\"https:\/\/maisondariane.ca\/#website\",\"url\":\"https:\/\/maisondariane.ca\/\",\"name\":\"La maison d&#039;ariane\",\"description\":\"Just another WordPress site\",\"potentialAction\":[{\"@type\":\"SearchAction\",\"target\":{\"@type\":\"EntryPoint\",\"urlTemplate\":\"https:\/\/maisondariane.ca\/?s={search_term_string}\"},\"query-input\":{\"@type\":\"PropertyValueSpecification\",\"valueRequired\":true,\"valueName\":\"search_term_string\"}}],\"inLanguage\":\"en-US\"}]}<\/script>\n<!-- \/ Yoast SEO plugin. -->","yoast_head_json":{"title":"Questions about our services - La maison d&#039;ariane","robots":{"index":"index","follow":"follow","max-snippet":"max-snippet:-1","max-image-preview":"max-image-preview:large","max-video-preview":"max-video-preview:-1"},"canonical":"https:\/\/maisondariane.ca\/en\/questions-about-our-services\/","og_locale":"en_US","og_type":"article","og_title":"Questions about our services - La maison d&#039;ariane","og_description":"HOW MUCH DOES THE SHELTER COST? All our services are free. HOW LONG CAN I STAY? Every woman is unique, so the length of stay varies. CAN MY BEST FRIEND COME VISIT ME? For the safety of residents, their children and the workers at the shelter, the address is confidential, and we are strict about [&hellip;]","og_url":"https:\/\/maisondariane.ca\/en\/questions-about-our-services\/","og_site_name":"La maison d&#039;ariane","article_modified_time":"2022-08-17T11:41:54+00:00","twitter_card":"summary_large_image","twitter_misc":{"Est. reading time":"2 minutes"},"schema":{"@context":"https:\/\/schema.org","@graph":[{"@type":"WebPage","@id":"https:\/\/maisondariane.ca\/en\/questions-about-our-services\/","url":"https:\/\/maisondariane.ca\/en\/questions-about-our-services\/","name":"Questions about our services - La maison d&#039;ariane","isPartOf":{"@id":"https:\/\/maisondariane.ca\/#website"},"datePublished":"2021-12-06T20:06:28+00:00","dateModified":"2022-08-17T11:41:54+00:00","breadcrumb":{"@id":"https:\/\/maisondariane.ca\/en\/questions-about-our-services\/#breadcrumb"},"inLanguage":"en-US","potentialAction":[{"@type":"ReadAction","target":["https:\/\/maisondariane.ca\/en\/questions-about-our-services\/"]}]},{"@type":"BreadcrumbList","@id":"https:\/\/maisondariane.ca\/en\/questions-about-our-services\/#breadcrumb","itemListElement":[{"@type":"ListItem","position":1,"name":"Accueil","item":"https:\/\/maisondariane.ca\/en\/"},{"@type":"ListItem","position":2,"name":"Questions about our services"}]},{"@type":"WebSite","@id":"https:\/\/maisondariane.ca\/#website","url":"https:\/\/maisondariane.ca\/","name":"La maison d&#039;ariane","description":"Just another WordPress site","potentialAction":[{"@type":"SearchAction","target":{"@type":"EntryPoint","urlTemplate":"https:\/\/maisondariane.ca\/?s={search_term_string}"},"query-input":{"@type":"PropertyValueSpecification","valueRequired":true,"valueName":"search_term_string"}}],"inLanguage":"en-US"}]}},"_links":{"self":[{"href":"https:\/\/maisondariane.ca\/en\/wp-json\/wp\/v2\/pages\/250","targetHints":{"allow":["GET"]}}],"collection":[{"href":"https:\/\/maisondariane.ca\/en\/wp-json\/wp\/v2\/pages"}],"about":[{"href":"https:\/\/maisondariane.ca\/en\/wp-json\/wp\/v2\/types\/page"}],"author":[{"embeddable":true,"href":"https:\/\/maisondariane.ca\/en\/wp-json\/wp\/v2\/users\/2"}],"replies":[{"embeddable":true,"href":"https:\/\/maisondariane.ca\/en\/wp-json\/wp\/v2\/comments?post=250"}],"version-history":[{"count":5,"href":"https:\/\/maisondariane.ca\/en\/wp-json\/wp\/v2\/pages\/250\/revisions"}],"predecessor-version":[{"id":1892,"href":"https:\/\/maisondariane.ca\/en\/wp-json\/wp\/v2\/pages\/250\/revisions\/1892"}],"wp:attachment":[{"href":"https:\/\/maisondariane.ca\/en\/wp-json\/wp\/v2\/media?parent=250"}],"curies":[{"name":"wp","href":"https:\/\/api.w.org\/{rel}","templated":true}]}}