{"id":1881,"date":"2022-08-16T15:35:17","date_gmt":"2022-08-16T19:35:17","guid":{"rendered":"https:\/\/maisondariane.ca\/partners-donors\/subventions-lavenue-dariane-mh2\/"},"modified":"2022-08-16T15:37:37","modified_gmt":"2022-08-16T19:37:37","slug":"subsidies-lavenue-dariane-2nd-phase-home","status":"publish","type":"page","link":"https:\/\/maisondariane.ca\/en\/partners-donors\/subsidies-lavenue-dariane-2nd-phase-home\/","title":{"rendered":"SUBSIDIES \u2013 L\u2019AVENUE D\u2019ARIANE \u2013 2<sup>nd<\/sup> PHASE HOME"},"content":{"rendered":"<p><a class=\"bb_retour\" href=\"https:\/\/maisondariane.ca\/en\/partners-donors\/#bbloc5\">Back<\/a><\/p>\n<div class=\"back_bpart\">\n<div class=\"bloc_part25\">\n<h3 class=\"h3_part2\">SUBSIDIES \u2013 L\u2019AVENUE D\u2019ARIANE \u2013 2<sup>nd<\/sup> PHASE HOME<\/h3>\n<table class=\"tabl_part tabl_part3\">\n<tr>\n<td>Centre int\u00e9gr\u00e9 en sant\u00e9 et services sociaux des Laurentides (CISSSL)<\/td>\n<td><img decoding=\"async\" src=\"\/wp-content\/themes\/maisondariane\/assets\/images\/logo\/logo221.png\" alt=\"\"><\/td>\n<td>Initiative pour la cr\u00e9ation rapide de logements (ICRL), par l\u2019entremise de la Soci\u00e9t\u00e9 canadienne d\u2019hy\u00f4th\u00e8ques et de logement (SCHL)<\/td>\n<td><img decoding=\"async\" src=\"\/wp-content\/themes\/maisondariane\/assets\/images\/logo\/logo225.png\" alt=\"\"><\/td>\n<\/tr>\n<tr>\n<td>Exemptions de taxes municipales<\/td>\n<td><img decoding=\"async\" src=\"\/wp-content\/themes\/maisondariane\/assets\/images\/logo\/logo227.png\" alt=\"\"><\/td>\n<td>Programme de Financement initial (SCHL)<\/td>\n<td><img decoding=\"async\" src=\"\/wp-content\/themes\/maisondariane\/assets\/images\/logo\/logo225.png\" alt=\"\"><\/td>\n<\/tr>\n<tr>\n<td>Fonds r\u00e9gions et ruralit\u00e9 (FRR)<\/td>\n<td><img decoding=\"async\" src=\"\/wp-content\/themes\/maisondariane\/assets\/images\/logo\/logo228.png\" alt=\"\"><\/td>\n<td>Soci\u00e9t\u00e9 d\u2019habitation du Qu\u00e9bec (SHQ)<\/td>\n<td><img decoding=\"async\" src=\"\/wp-content\/themes\/maisondariane\/assets\/images\/logo\/logo220.png\" alt=\"\"><\/td>\n<\/tr>\n<\/table><\/div>\n<\/div>\n","protected":false},"excerpt":{"rendered":"<p>Back SUBSIDIES \u2013 L\u2019AVENUE D\u2019ARIANE \u2013 2nd PHASE HOME Centre int\u00e9gr\u00e9 en sant\u00e9 et services sociaux des Laurentides (CISSSL) Initiative pour la cr\u00e9ation rapide de logements (ICRL), par l\u2019entremise de la Soci\u00e9t\u00e9 canadienne d\u2019hy\u00f4th\u00e8ques et de logement (SCHL) Exemptions de taxes municipales Programme de Financement initial (SCHL) Fonds r\u00e9gions et ruralit\u00e9 (FRR) Soci\u00e9t\u00e9 d\u2019habitation du [&hellip;]<\/p>\n","protected":false},"author":2,"featured_media":5583,"parent":242,"menu_order":0,"comment_status":"closed","ping_status":"closed","template":"","meta":{"_acf_changed":false,"inline_featured_image":false,"footnotes":""},"class_list":["post-1881","page","type-page","status-publish","has-post-thumbnail","hentry"],"acf":[],"yoast_head":"<!-- This site is optimized with the Yoast SEO plugin v27.1.1 - https:\/\/yoast.com\/product\/yoast-seo-wordpress\/ -->\n<title>SUBSIDIES \u2013 L\u2019AVENUE D\u2019ARIANE \u2013 2nd PHASE HOME - La maison d&#039;ariane<\/title>\n<meta name=\"robots\" content=\"index, follow, max-snippet:-1, max-image-preview:large, max-video-preview:-1\" \/>\n<link rel=\"canonical\" href=\"https:\/\/maisondariane.ca\/en\/partners-donors\/subsidies-lavenue-dariane-2nd-phase-home\/\" \/>\n<meta property=\"og:locale\" content=\"en_US\" \/>\n<meta property=\"og:type\" content=\"article\" \/>\n<meta property=\"og:title\" content=\"SUBSIDIES \u2013 L\u2019AVENUE D\u2019ARIANE \u2013 2nd PHASE HOME - La maison d&#039;ariane\" \/>\n<meta property=\"og:description\" content=\"Back SUBSIDIES \u2013 L\u2019AVENUE D\u2019ARIANE \u2013 2nd PHASE HOME Centre int\u00e9gr\u00e9 en sant\u00e9 et services sociaux des Laurentides (CISSSL) Initiative pour la cr\u00e9ation rapide de logements (ICRL), par l\u2019entremise de la Soci\u00e9t\u00e9 canadienne d\u2019hy\u00f4th\u00e8ques et de logement (SCHL) Exemptions de taxes municipales Programme de Financement initial (SCHL) Fonds r\u00e9gions et ruralit\u00e9 (FRR) Soci\u00e9t\u00e9 d\u2019habitation du [&hellip;]\" \/>\n<meta property=\"og:url\" content=\"https:\/\/maisondariane.ca\/en\/partners-donors\/subsidies-lavenue-dariane-2nd-phase-home\/\" \/>\n<meta property=\"og:site_name\" content=\"La maison d&#039;ariane\" \/>\n<meta property=\"article:modified_time\" content=\"2022-08-16T19:37:37+00:00\" \/>\n<meta name=\"twitter:card\" content=\"summary_large_image\" \/>\n<script type=\"application\/ld+json\" class=\"yoast-schema-graph\">{\"@context\":\"https:\/\/schema.org\",\"@graph\":[{\"@type\":\"WebPage\",\"@id\":\"https:\/\/maisondariane.ca\/en\/partners-donors\/subsidies-lavenue-dariane-2nd-phase-home\/\",\"url\":\"https:\/\/maisondariane.ca\/en\/partners-donors\/subsidies-lavenue-dariane-2nd-phase-home\/\",\"name\":\"SUBSIDIES \u2013 L\u2019AVENUE D\u2019ARIANE \u2013 2nd PHASE HOME - La maison d&#039;ariane\",\"isPartOf\":{\"@id\":\"https:\/\/maisondariane.ca\/#website\"},\"primaryImageOfPage\":{\"@id\":\"https:\/\/maisondariane.ca\/en\/partners-donors\/subsidies-lavenue-dariane-2nd-phase-home\/#primaryimage\"},\"image\":{\"@id\":\"https:\/\/maisondariane.ca\/en\/partners-donors\/subsidies-lavenue-dariane-2nd-phase-home\/#primaryimage\"},\"thumbnailUrl\":\"https:\/\/maisondariane.ca\/wp-content\/uploads\/2023\/08\/p6.svg\",\"datePublished\":\"2022-08-16T19:35:17+00:00\",\"dateModified\":\"2022-08-16T19:37:37+00:00\",\"breadcrumb\":{\"@id\":\"https:\/\/maisondariane.ca\/en\/partners-donors\/subsidies-lavenue-dariane-2nd-phase-home\/#breadcrumb\"},\"inLanguage\":\"en-US\",\"potentialAction\":[{\"@type\":\"ReadAction\",\"target\":[\"https:\/\/maisondariane.ca\/en\/partners-donors\/subsidies-lavenue-dariane-2nd-phase-home\/\"]}]},{\"@type\":\"ImageObject\",\"inLanguage\":\"en-US\",\"@id\":\"https:\/\/maisondariane.ca\/en\/partners-donors\/subsidies-lavenue-dariane-2nd-phase-home\/#primaryimage\",\"url\":\"https:\/\/maisondariane.ca\/wp-content\/uploads\/2023\/08\/p6.svg\",\"contentUrl\":\"https:\/\/maisondariane.ca\/wp-content\/uploads\/2023\/08\/p6.svg\"},{\"@type\":\"BreadcrumbList\",\"@id\":\"https:\/\/maisondariane.ca\/en\/partners-donors\/subsidies-lavenue-dariane-2nd-phase-home\/#breadcrumb\",\"itemListElement\":[{\"@type\":\"ListItem\",\"position\":1,\"name\":\"Accueil\",\"item\":\"https:\/\/maisondariane.ca\/en\/\"},{\"@type\":\"ListItem\",\"position\":2,\"name\":\"Partners \/ Donors\",\"item\":\"https:\/\/maisondariane.ca\/en\/partners-donors\/\"},{\"@type\":\"ListItem\",\"position\":3,\"name\":\"SUBSIDIES \u2013 L\u2019AVENUE D\u2019ARIANE \u2013 2nd PHASE HOME\"}]},{\"@type\":\"WebSite\",\"@id\":\"https:\/\/maisondariane.ca\/#website\",\"url\":\"https:\/\/maisondariane.ca\/\",\"name\":\"La maison d&#039;ariane\",\"description\":\"Just another WordPress site\",\"potentialAction\":[{\"@type\":\"SearchAction\",\"target\":{\"@type\":\"EntryPoint\",\"urlTemplate\":\"https:\/\/maisondariane.ca\/?s={search_term_string}\"},\"query-input\":{\"@type\":\"PropertyValueSpecification\",\"valueRequired\":true,\"valueName\":\"search_term_string\"}}],\"inLanguage\":\"en-US\"}]}<\/script>\n<!-- \/ Yoast SEO plugin. -->","yoast_head_json":{"title":"SUBSIDIES \u2013 L\u2019AVENUE D\u2019ARIANE \u2013 2nd PHASE HOME - La maison d&#039;ariane","robots":{"index":"index","follow":"follow","max-snippet":"max-snippet:-1","max-image-preview":"max-image-preview:large","max-video-preview":"max-video-preview:-1"},"canonical":"https:\/\/maisondariane.ca\/en\/partners-donors\/subsidies-lavenue-dariane-2nd-phase-home\/","og_locale":"en_US","og_type":"article","og_title":"SUBSIDIES \u2013 L\u2019AVENUE D\u2019ARIANE \u2013 2nd PHASE HOME - La maison d&#039;ariane","og_description":"Back SUBSIDIES \u2013 L\u2019AVENUE D\u2019ARIANE \u2013 2nd PHASE HOME Centre int\u00e9gr\u00e9 en sant\u00e9 et services sociaux des Laurentides (CISSSL) Initiative pour la cr\u00e9ation rapide de logements (ICRL), par l\u2019entremise de la Soci\u00e9t\u00e9 canadienne d\u2019hy\u00f4th\u00e8ques et de logement (SCHL) Exemptions de taxes municipales Programme de Financement initial (SCHL) Fonds r\u00e9gions et ruralit\u00e9 (FRR) Soci\u00e9t\u00e9 d\u2019habitation du [&hellip;]","og_url":"https:\/\/maisondariane.ca\/en\/partners-donors\/subsidies-lavenue-dariane-2nd-phase-home\/","og_site_name":"La maison d&#039;ariane","article_modified_time":"2022-08-16T19:37:37+00:00","twitter_card":"summary_large_image","schema":{"@context":"https:\/\/schema.org","@graph":[{"@type":"WebPage","@id":"https:\/\/maisondariane.ca\/en\/partners-donors\/subsidies-lavenue-dariane-2nd-phase-home\/","url":"https:\/\/maisondariane.ca\/en\/partners-donors\/subsidies-lavenue-dariane-2nd-phase-home\/","name":"SUBSIDIES \u2013 L\u2019AVENUE D\u2019ARIANE \u2013 2nd PHASE HOME - La maison d&#039;ariane","isPartOf":{"@id":"https:\/\/maisondariane.ca\/#website"},"primaryImageOfPage":{"@id":"https:\/\/maisondariane.ca\/en\/partners-donors\/subsidies-lavenue-dariane-2nd-phase-home\/#primaryimage"},"image":{"@id":"https:\/\/maisondariane.ca\/en\/partners-donors\/subsidies-lavenue-dariane-2nd-phase-home\/#primaryimage"},"thumbnailUrl":"https:\/\/maisondariane.ca\/wp-content\/uploads\/2023\/08\/p6.svg","datePublished":"2022-08-16T19:35:17+00:00","dateModified":"2022-08-16T19:37:37+00:00","breadcrumb":{"@id":"https:\/\/maisondariane.ca\/en\/partners-donors\/subsidies-lavenue-dariane-2nd-phase-home\/#breadcrumb"},"inLanguage":"en-US","potentialAction":[{"@type":"ReadAction","target":["https:\/\/maisondariane.ca\/en\/partners-donors\/subsidies-lavenue-dariane-2nd-phase-home\/"]}]},{"@type":"ImageObject","inLanguage":"en-US","@id":"https:\/\/maisondariane.ca\/en\/partners-donors\/subsidies-lavenue-dariane-2nd-phase-home\/#primaryimage","url":"https:\/\/maisondariane.ca\/wp-content\/uploads\/2023\/08\/p6.svg","contentUrl":"https:\/\/maisondariane.ca\/wp-content\/uploads\/2023\/08\/p6.svg"},{"@type":"BreadcrumbList","@id":"https:\/\/maisondariane.ca\/en\/partners-donors\/subsidies-lavenue-dariane-2nd-phase-home\/#breadcrumb","itemListElement":[{"@type":"ListItem","position":1,"name":"Accueil","item":"https:\/\/maisondariane.ca\/en\/"},{"@type":"ListItem","position":2,"name":"Partners \/ Donors","item":"https:\/\/maisondariane.ca\/en\/partners-donors\/"},{"@type":"ListItem","position":3,"name":"SUBSIDIES \u2013 L\u2019AVENUE D\u2019ARIANE \u2013 2nd PHASE HOME"}]},{"@type":"WebSite","@id":"https:\/\/maisondariane.ca\/#website","url":"https:\/\/maisondariane.ca\/","name":"La maison d&#039;ariane","description":"Just another WordPress site","potentialAction":[{"@type":"SearchAction","target":{"@type":"EntryPoint","urlTemplate":"https:\/\/maisondariane.ca\/?s={search_term_string}"},"query-input":{"@type":"PropertyValueSpecification","valueRequired":true,"valueName":"search_term_string"}}],"inLanguage":"en-US"}]}},"_links":{"self":[{"href":"https:\/\/maisondariane.ca\/en\/wp-json\/wp\/v2\/pages\/1881","targetHints":{"allow":["GET"]}}],"collection":[{"href":"https:\/\/maisondariane.ca\/en\/wp-json\/wp\/v2\/pages"}],"about":[{"href":"https:\/\/maisondariane.ca\/en\/wp-json\/wp\/v2\/types\/page"}],"author":[{"embeddable":true,"href":"https:\/\/maisondariane.ca\/en\/wp-json\/wp\/v2\/users\/2"}],"replies":[{"embeddable":true,"href":"https:\/\/maisondariane.ca\/en\/wp-json\/wp\/v2\/comments?post=1881"}],"version-history":[{"count":1,"href":"https:\/\/maisondariane.ca\/en\/wp-json\/wp\/v2\/pages\/1881\/revisions"}],"predecessor-version":[{"id":1884,"href":"https:\/\/maisondariane.ca\/en\/wp-json\/wp\/v2\/pages\/1881\/revisions\/1884"}],"up":[{"embeddable":true,"href":"https:\/\/maisondariane.ca\/en\/wp-json\/wp\/v2\/pages\/242"}],"wp:featuredmedia":[{"embeddable":true,"href":"https:\/\/maisondariane.ca\/en\/wp-json\/wp\/v2\/media\/5583"}],"wp:attachment":[{"href":"https:\/\/maisondariane.ca\/en\/wp-json\/wp\/v2\/media?parent=1881"}],"curies":[{"name":"wp","href":"https:\/\/api.w.org\/{rel}","templated":true}]}}