{"id":684,"date":"2022-01-28T11:13:54","date_gmt":"2022-01-28T11:13:54","guid":{"rendered":"https:\/\/maisondariane.viweblocal.ca\/faire-un-don\/"},"modified":"2024-03-19T13:27:53","modified_gmt":"2024-03-19T17:27:53","slug":"%d8%aa%d9%82%d8%af%d9%8a%d9%85-%d9%87%d8%a8%d8%a9","status":"publish","type":"page","link":"https:\/\/maisondariane.ca\/ar\/%d8%aa%d9%82%d8%af%d9%8a%d9%85-%d9%87%d8%a8%d8%a9\/","title":{"rendered":"\u062a\u0642\u062f\u064a\u0645 \u0647\u0628\u0629"},"content":{"rendered":"<div class=\"fluid-in-container bg-red py-4\">\n<div class=\"container\">\n<div class=\"row row-cols justify-content-center align-items-center\">\n<div class=\"col text-white\">\n\u0644\u0643 \u0631\u063a\u0628\u0629 \u0641\u064a \u062f\u0639\u0645 \u0645\u0647\u0645\u0651\u0629 \u062f\u0627\u0631 \u201c\u0645\u064a\u0632\u0648\u0646 \u062f\u0627\u0631\u064a\u0627\u0646\u201d\u061f<br \/>\n \u064a\u0645\u0643\u0646 \u0627\u062e\u062a\u064a\u0627\u0631 \u0627\u0644\u0623\u0633\u0644\u0648\u0628 \u0627\u0644\u0630\u064a \u064a\u0646\u0627\u0633\u0628\u0643!\n<\/div>\n<div class=\"col text-white text-center border-start border-white\">\u0627\u0644\u0634\u064a\u0643<\/div>\n<div class=\"col text-white text-center border-start border-white text-uppercase\">\u062d\u0648\u0627\u0644\u0629 \u0625\u0646\u062a\u0631\u0627\u0643 Interac<\/div>\n<div class=\"col text-white text-center border-start border-white text-uppercase\"><a class=\" text-white\" href=\"#enligne\">\u0639\u0628\u0631 \u0627\u0644\u0625\u0646\u062a\u0631\u0646\u062a<\/a><\/div>\n<\/div>\n<\/div>\n<\/div>\n<div class=\"bloc_support2 mt-5\">\n<div class=\"row align-items-center\">\n<div class=\"col-md-9\">\n<div class=\"row\">\n<div class=\"bloc_supp col-12\">\n<h4 class=\"text-secondary position-relative text-uppercase\"><span class=\"circle-number position-absolute\">1<\/span> \u0628\u0627\u0644\u0634\u064a\u0643<\/h4>\n<p class=\"\">\u064a\u062d\u0631\u0651\u0631 \u0627\u0644\u0634\u064a\u0643 \u0628\u0627\u0633\u0645 La Maison d\u2019Ariane \u0648\u064a\u0631\u062c\u0649 \u0625\u0636\u0627\u0641\u0629 \u0627\u0633\u0645 \u0627\u0644\u0634\u062e\u0635 \u0627\u0644\u0643\u0627\u0645\u0644 \u0648\u0639\u0646\u0648\u0627\u0646\u0647 \u0644\u0644\u062d\u0635\u0648\u0644 \u0639\u0644\u0649 \u0648\u0635\u0644 \u0645\u0627\u0644\u064a \u0648\u0625\u0631\u0633\u0627\u0644 \u0627\u0644\u0634\u064a\u0643 \u0648\u0647\u0630\u0647 \u0627\u0644\u0645\u0639\u0644\u0648\u0645\u0627\u062a \u0625\u0644\u0649 \u0627\u0644\u0639\u0646\u0648\u0627\u0646 \u0627\u0644\u062a\u0627\u0644\u064a:<\/p>\n<p><span class=\"\">La Maison d&#8217;Ariane, C.P. 35 Succursale Centre-ville, St-J\u00e9r\u00f4me (QC) J7Z 5T7<\/span><\/p>\n<\/div>\n<div class=\"bloc_supp col-12\">\n<h4 class=\" text-secondary position-relative text-uppercase\" style=\"text-align: left;\"><span class=\"circle-number position-absolute\">2<\/span> \u0628\u0648\u0627\u0633\u0637\u0629 \u062d\u0648\u0627\u0644\u0629 \u0625\u0646\u062a\u0631\u0627\u0643 Interac<\/h4>\n<p>\u064a\u0645\u0643\u0646 \u0625\u0631\u0633\u0627\u0644 \u0627\u0644\u062d\u0648\u0627\u0644\u0629 \u0639\u0644\u0649 \u0639\u0646\u0648\u0627\u0646 \u0627\u0644\u0628\u0631\u064a\u062f \u0627\u0644\u0625\u0644\u0643\u062a\u0631\u0648\u0646\u064a \u0627\u0644\u062a\u0627\u0644\u064a: <a href=\"mailto:arianecoordo@maisondariane.ca\" class=\"text-black text-decoration-none\">arianecoordo@maisondariane.ca<\/a><\/p>\n<p class=\"\">\n\u0643\u0645\u0627 \u064a\u0631\u062c\u0649 \u062a\u0632\u0648\u064a\u062f\u0646\u0627 \u0628\u0643\u0644\u0645\u0629 \u0627\u0644\u0645\u0631\u0648\u0631 \u0644\u0644\u0625\u062c\u0627\u0628\u0629 \u0639\u0644\u0649 \u0633\u0624\u0627\u0644 \u0627\u0644\u0623\u0645\u0646 \u0641\u0636\u0644\u064b\u0627 \u0639\u0646 \u0627\u0644\u0627\u0633\u0645 \u0648\u0627\u0644\u0639\u0646\u0648\u0627\u0646 \u0648\u0631\u0642\u0645 \u0627\u0644\u0647\u0627\u062a\u0641 \u0641\u064a \u0631\u0633\u0627\u0644\u0629 \u0625\u0644\u0643\u062a\u0631\u0648\u0646\u064a\u0629 \u0645\u0646\u0641\u0635\u0644\u0629\n<\/p>\n<p style=\"text-align: left;\">\u0633\u064a\u062a\u0645 \u062a\u0633\u0644\u064a\u0645 \u0625\u064a\u0635\u0627\u0644 \u0644\u0623\u063a\u0631\u0627\u0636 \u0627\u0644\u0636\u0631\u0627\u0626\u0628 \u0645\u0642\u0627\u0628\u0644 \u0623\u064a \u062a\u0628\u0631\u0639 \u0628\u0642\u064a\u0645\u0629 20 \u062f\u0648\u0644\u0627\u0631\u064b\u0627 \u0623\u0645\u0631\u064a\u0643\u064a\u064b\u0627 \u0623\u0648 \u0623\u0643\u062b\u0631.<\/p>\n<\/div>\n<div id=\"enligne\" class=\"bloc_supp col-12\">\n<h4 class=\" text-secondary position-relative text-uppercase\"><span class=\"circle-number position-absolute\">3<\/span> \u0639\u0628\u0631 \u0627\u0644\u0625\u0646\u062a\u0631\u0646\u062a (\u0644\u0645\u0631\u0629 \u0648\u0627\u062d\u062f\u0629 \u060c \u0634\u0647\u0631\u064a\u0629 \u060c \u0633\u0646\u0648\u064a\u0629 \u060c \u0641\u064a \u0630\u0643\u0631\u0649)<\/h4>\n<div class=\"row align-items-center\">\n<div class=\"col-12\">\u062a\u0628\u0631\u0639 \u0639\u0628\u0631 \u0627\u0644\u0625\u0646\u062a\u0631\u0646\u062a \u0628\u0627\u0633\u062a\u062e\u062f\u0627\u0645 \u0625\u062d\u062f\u0649 \u0645\u0646\u0635\u0627\u062a \u0627\u0644\u062a\u0628\u0631\u0639 \u0627\u0644\u0622\u0645\u0646\u0629 \u0627\u0644\u062a\u0627\u0644\u064a\u0629.<br \/>\n\u064a\u0645\u0643\u0646 \u0623\u0646 \u062a\u062a\u0628\u0631\u0639 \u0645\u0631\u0629 \u0648\u0627\u062d\u062f\u0629 \u0623\u0648 \u0634\u0647\u0631\u064a\u0627 \u0623\u0648 \u0633\u0646\u0648\u064a\u0627 \u0623\u0648 \u0641\u064a \u0630\u0643\u0631\u0649 \u0634\u062e\u0635 \u062a\u0648\u0641\u064a.<\/div>\n<\/div>\n<div class=\"row\">\n<div class=\"col-md-3 pt-4\">\n        <img decoding=\"async\" class=\"w-100\" src=\"\/wp-content\/uploads\/2023\/09\/zeffy.png\" alt=\"\" \/><\/p>\n<div class=\"t_zef\">\u0632\u064a\u0641\u064a: <strong class=\"text_mauve\">\u0645\u0646\u0635\u0629 \u0645\u062c\u0627\u0646\u064a\u0629 \u0644\u062c\u0645\u0639 \u0627\u0644\u062a\u0628\u0631\u0639\u0627\u062a \u0628\u0646\u0633\u0628\u0629 100%<\/strong>. \u062a\u062a\u0645 \u062a\u063a\u0637\u064a\u0629 \u0631\u0633\u0648\u0645 \u0627\u0644\u0645\u0639\u0627\u0645\u0644\u0627\u062a \u0648\u0631\u0633\u0648\u0645 \u0628\u0637\u0627\u0642\u0627\u062a \u0627\u0644\u0627\u0626\u062a\u0645\u0627\u0646 \u0648\u0631\u0633\u0648\u0645 \u0627\u0644\u0645\u0646\u0635\u0629 \u0628\u0648\u0627\u0633\u0637\u0629 Zeffy \u0648\u0627\u0644\u062a\u064a \u064a\u062a\u0645 \u062a\u0645\u0648\u064a\u0644\u0647\u0627 \u0645\u0646 \u062e\u0644\u0627\u0644 \u0627\u0644\u0645\u0633\u0627\u0647\u0645\u0627\u062a \u0627\u0644\u0637\u0648\u0639\u064a\u0629 \u0645\u0646 \u0627\u0644\u062c\u0647\u0627\u062a \u0627\u0644\u0645\u0627\u0646\u062d\u0629<\/div>\n<\/p><\/div>\n<div class=\"col-md-9\">\n<div class=\"row\">\n<div class=\"col-md-6\">\n                <a href=\"https:\/\/www.zeffy.com\/en-CA\/donation-form\/89ad4408-c530-475c-8085-7e94a9663531\" target=\"_blank\" class=\"py-2 px-4 mt-4 bg-purple text-white border-0 b_mh1 b_mh w-100\" rel=\"noopener\">\u0632\u064a\u0641\u064a \u0640 \u062a\u0628\u0631\u0639 \u0644\u062e\u062f\u0645\u0627\u062a<br \/>\u062f\u0627\u0631 \u0623\u0631\u064a\u0627\u0646 <\/a>\n            <\/div>\n<div class=\"col-md-6\">\n                <a href=\"https:\/\/www.zeffy.com\/en-CA\/donation-form\/404651ca-e3e3-4e2f-b56b-a426769a22a6\" target=\"_blank\" class=\"py-2 px-4 mt-4 bg-default text-white border-0 b_mh2 b_mh w-100\" rel=\"noopener\">\u0632\u064a\u0641\u064a \u0640 \u062a\u0628\u0631\u0639 \u0644\u062e\u062f\u0645\u0627\u062a<br \/>\u0634\u0627\u0631\u0639 \u0623\u0631\u064a\u0627\u0646<\/a>\n            <\/div>\n<\/p><\/div>\n<\/p><\/div>\n<div class=\"col-md-3 pt-4\">\n        <img decoding=\"async\" class=\"w-100\" src=\"\/wp-content\/uploads\/2024\/02\/canada-helps.png\" alt=\"\" \/><\/p>\n<div class=\"t_zef\">\u0643\u0646\u062f\u0627 \u0647\u064a\u0644\u0628: \u0633\u064a\u062a\u0645 \u062a\u0637\u0628\u064a\u0642 <strong class=\"text_mauve\">\u0631\u0633\u0648\u0645 \u0627\u0644\u0645\u0639\u0627\u0645\u0644\u0627\u062a \u0628\u0646\u0633\u0628\u0629 3%<\/strong> \u0644\u0643\u0644 \u062a\u0628\u0631\u0639.<\/div>\n<\/p><\/div>\n<div class=\"col-md-9\">\n<div class=\"row\">\n<div class=\"col-md-6\">\n                <a href=\"https:\/\/www.canadahelps.org\/fr\/dn\/9127\" target=\"_blank\" class=\"py-2 px-4 mt-4 bg-purple text-white border-0 b_mh1 b_mh w-100\" rel=\"noopener\">\u0643\u0646\u062f\u0627 \u0647\u064a\u0644\u0628 \u0640 \u062a\u0628\u0631\u0639 \u0644\u062e\u062f\u0645\u0627\u062a<br \/>\u062f\u0627\u0631 \u0623\u0631\u064a\u0627\u0646<br \/><span>\u0627\u062e\u062a\u0631<\/span> <span class=\"text_red\">Maison d&#8217;aide et d&#8217;h\u00e9bergement d&#8217;urgence<\/span><\/a>\n            <\/div>\n<div class=\"col-md-6\">\n                <a href=\"https:\/\/www.canadahelps.org\/fr\/dn\/9127\" target=\"_blank\" class=\"py-2 px-4 mt-4 bg-default text-white border-0 b_mh2 b_mh w-100\" rel=\"noopener\">\u0643\u0646\u062f\u0627 \u0647\u064a\u0644\u0628 \u0640 \u062a\u0628\u0631\u0639 \u0644\u062e\u062f\u0645\u0627\u062a<br \/>\u0634\u0627\u0631\u0639 \u0623\u0631\u064a\u0627\u0646<br \/><span>\u0627\u062e\u062a\u0631<\/span> <span class=\"text_mauve\">Maison 2e \u00e9tape \/ Construction<\/span><\/a>\n            <\/div>\n<\/p><\/div>\n<\/p><\/div>\n<div class=\"col-md-3\">&nbsp;<\/div>\n<div class=\"col-md-9\">\n<div class=\"row\">\n<div class=\"col-md-6\">\n<div>\n                    <strong>*\u062f\u0627\u0631 \u0623\u0631\u064a\u0627\u0646<\/strong><br \/>\n                    \u0645\u0623\u0648\u0649 \u0622\u0645\u0646 \u0645\u0624\u0642\u062a \u0644\u0644\u0646\u0633\u0627\u0621 \u0648\u0623\u0637\u0641\u0627\u0644\u0647\u0646.\n                <\/div>\n<\/p><\/div>\n<div class=\"col-md-6\">\n<div>\n                    <strong>*\u0634\u0627\u0631\u0639 \u0623\u0631\u064a\u0627\u0646<\/strong><br \/>\n                    \u0625\u0642\u0627\u0645\u0629 \u0622\u0645\u0646\u0629 \u0644\u0625\u0642\u0627\u0645\u0629 \u0645\u062a\u0648\u0633\u0637\u0629 \u0625\u0644\u0649 \u0637\u0648\u064a\u0644\u0629.\n                <\/div>\n<\/p><\/div>\n<\/p><\/div>\n<\/p><\/div>\n<\/div>\n<p>&nbsp;<br \/>\n&nbsp;\n<\/p><\/div>\n<\/div>\n<\/div>\n<div class=\"col-md-3\">\n<img decoding=\"async\" src=\"\/wp-content\/uploads\/2023\/05\/heart-fonce.png\" alt=\"\" class=\"alignnone size-medium wp-image-2805 w-100\" \/>\n<\/div>\n<\/div>\n<div class=\"fluid-in-container bg-red py-4\">\n<div class=\"container\">\n<div class=\"row\">\n<div class=\"col-12 col-md-10\">\n<p class=\"text-white\">\u064a\u0645\u0643\u0646 \u062a\u0642\u062f\u064a\u0645 \u0627\u0644\u062a\u0628\u0631\u0639\u0627\u062a \u0639\u0644\u0649 \u0634\u0643\u0644 \u0645\u0644\u0627\u0628\u0633 \u0648\u0623\u062f\u0648\u0627\u062a \u0645\u0646\u0632\u0644\u064a\u0629 \u0635\u063a\u064a\u0631\u0629 \u0648\u0645\u0646\u0633\u0648\u062c\u0627\u062a (\u0645\u062b\u0644 \u0627\u0644\u0641\u0631\u0627\u0634) \u0625\u0644\u0649 \u0635\u0646\u0627\u062f\u064a\u0642 \u0627\u0644\u062a\u0628\u0631\u0639 \u0627\u0644\u062e\u0627\u0635\u0629 \u0628\u0640l\u2019Entraide diab\u00e9tique du Qu\u00e9bec, chez IGA Robert Tellier au 1085, boulevard Roland-Godard, Saint-J\u00e9r\u00f4me (QC) J7Y 4C4<\/p>\n<\/div>\n<div class=\"col-12 col-md-2 pt-4\">\n           <a target=\"_blank\" href=\"https:\/\/entraidediabetique.org\/articles-acceptes\/\" class=\"bg-default text-white py-2 px-4 border-0 ms-2 btn-effect donate-header f13-resp reduce-space\" style=\"white-space:nowrap\" rel=\"noopener\">\u0627\u0642\u0631\u0623 \u0627\u0644\u0645\u0632\u064a\u062f<\/a>\n<\/div>\n<\/div>\n<\/div>\n<\/div>\n","protected":false},"excerpt":{"rendered":"<p>\u0644\u0643 \u0631\u063a\u0628\u0629 \u0641\u064a \u062f\u0639\u0645 \u0645\u0647\u0645\u0651\u0629 \u062f\u0627\u0631 \u201c\u0645\u064a\u0632\u0648\u0646 \u062f\u0627\u0631\u064a\u0627\u0646\u201d\u061f \u064a\u0645\u0643\u0646 \u0627\u062e\u062a\u064a\u0627\u0631 \u0627\u0644\u0623\u0633\u0644\u0648\u0628 \u0627\u0644\u0630\u064a \u064a\u0646\u0627\u0633\u0628\u0643! \u0627\u0644\u0634\u064a\u0643 \u062d\u0648\u0627\u0644\u0629 \u0625\u0646\u062a\u0631\u0627\u0643 Interac \u0639\u0628\u0631 \u0627\u0644\u0625\u0646\u062a\u0631\u0646\u062a 1 \u0628\u0627\u0644\u0634\u064a\u0643 \u064a\u062d\u0631\u0651\u0631 \u0627\u0644\u0634\u064a\u0643 \u0628\u0627\u0633\u0645 La Maison d\u2019Ariane \u0648\u064a\u0631\u062c\u0649 \u0625\u0636\u0627\u0641\u0629 \u0627\u0633\u0645 \u0627\u0644\u0634\u062e\u0635 \u0627\u0644\u0643\u0627\u0645\u0644 \u0648\u0639\u0646\u0648\u0627\u0646\u0647 \u0644\u0644\u062d\u0635\u0648\u0644 \u0639\u0644\u0649 \u0648\u0635\u0644 \u0645\u0627\u0644\u064a \u0648\u0625\u0631\u0633\u0627\u0644 \u0627\u0644\u0634\u064a\u0643 \u0648\u0647\u0630\u0647 \u0627\u0644\u0645\u0639\u0644\u0648\u0645\u0627\u062a \u0625\u0644\u0649 \u0627\u0644\u0639\u0646\u0648\u0627\u0646 \u0627\u0644\u062a\u0627\u0644\u064a: La Maison d&#8217;Ariane, C.P. 35 Succursale Centre-ville, St-J\u00e9r\u00f4me (QC) J7Z 5T7 [&hellip;]<\/p>\n","protected":false},"author":2,"featured_media":3871,"parent":0,"menu_order":0,"comment_status":"closed","ping_status":"closed","template":"","meta":{"_acf_changed":false,"inline_featured_image":false,"footnotes":""},"class_list":["post-684","page","type-page","status-publish","has-post-thumbnail","hentry"],"acf":[],"yoast_head":"<!-- This site is optimized with the Yoast SEO plugin v27.1.1 - https:\/\/yoast.com\/product\/yoast-seo-wordpress\/ -->\n<title>\u062a\u0642\u062f\u064a\u0645 \u0647\u0628\u0629 - La maison d&#039;ariane<\/title>\n<meta name=\"robots\" content=\"index, follow, max-snippet:-1, max-image-preview:large, max-video-preview:-1\" \/>\n<link rel=\"canonical\" href=\"https:\/\/maisondariane.ca\/ar\/\u062a\u0642\u062f\u064a\u0645-\u0647\u0628\u0629\/\" \/>\n<meta property=\"og:locale\" content=\"ar_AR\" \/>\n<meta property=\"og:type\" content=\"article\" \/>\n<meta property=\"og:title\" content=\"\u062a\u0642\u062f\u064a\u0645 \u0647\u0628\u0629 - La maison d&#039;ariane\" \/>\n<meta property=\"og:description\" content=\"\u0644\u0643 \u0631\u063a\u0628\u0629 \u0641\u064a \u062f\u0639\u0645 \u0645\u0647\u0645\u0651\u0629 \u062f\u0627\u0631 \u201c\u0645\u064a\u0632\u0648\u0646 \u062f\u0627\u0631\u064a\u0627\u0646\u201d\u061f \u064a\u0645\u0643\u0646 \u0627\u062e\u062a\u064a\u0627\u0631 \u0627\u0644\u0623\u0633\u0644\u0648\u0628 \u0627\u0644\u0630\u064a \u064a\u0646\u0627\u0633\u0628\u0643! \u0627\u0644\u0634\u064a\u0643 \u062d\u0648\u0627\u0644\u0629 \u0625\u0646\u062a\u0631\u0627\u0643 Interac \u0639\u0628\u0631 \u0627\u0644\u0625\u0646\u062a\u0631\u0646\u062a 1 \u0628\u0627\u0644\u0634\u064a\u0643 \u064a\u062d\u0631\u0651\u0631 \u0627\u0644\u0634\u064a\u0643 \u0628\u0627\u0633\u0645 La Maison d\u2019Ariane \u0648\u064a\u0631\u062c\u0649 \u0625\u0636\u0627\u0641\u0629 \u0627\u0633\u0645 \u0627\u0644\u0634\u062e\u0635 \u0627\u0644\u0643\u0627\u0645\u0644 \u0648\u0639\u0646\u0648\u0627\u0646\u0647 \u0644\u0644\u062d\u0635\u0648\u0644 \u0639\u0644\u0649 \u0648\u0635\u0644 \u0645\u0627\u0644\u064a \u0648\u0625\u0631\u0633\u0627\u0644 \u0627\u0644\u0634\u064a\u0643 \u0648\u0647\u0630\u0647 \u0627\u0644\u0645\u0639\u0644\u0648\u0645\u0627\u062a \u0625\u0644\u0649 \u0627\u0644\u0639\u0646\u0648\u0627\u0646 \u0627\u0644\u062a\u0627\u0644\u064a: La Maison d&#8217;Ariane, C.P. 35 Succursale Centre-ville, St-J\u00e9r\u00f4me (QC) J7Z 5T7 [&hellip;]\" \/>\n<meta property=\"og:url\" content=\"https:\/\/maisondariane.ca\/ar\/\u062a\u0642\u062f\u064a\u0645-\u0647\u0628\u0629\/\" \/>\n<meta property=\"og:site_name\" content=\"La maison d&#039;ariane\" \/>\n<meta property=\"article:modified_time\" content=\"2024-03-19T17:27:53+00:00\" \/>\n<meta name=\"twitter:card\" content=\"summary_large_image\" \/>\n<meta name=\"twitter:label1\" content=\"\u0648\u0642\u062a \u0627\u0644\u0642\u0631\u0627\u0621\u0629 \u0627\u0644\u0645\u064f\u0642\u062f\u0651\u0631\" \/>\n\t<meta name=\"twitter:data1\" content=\"3 \u062f\u0642\u0627\u0626\u0642\" \/>\n<script type=\"application\/ld+json\" class=\"yoast-schema-graph\">{\"@context\":\"https:\/\/schema.org\",\"@graph\":[{\"@type\":\"WebPage\",\"@id\":\"https:\/\/maisondariane.ca\/ar\/%d8%aa%d9%82%d8%af%d9%8a%d9%85-%d9%87%d8%a8%d8%a9\/\",\"url\":\"https:\/\/maisondariane.ca\/ar\/%d8%aa%d9%82%d8%af%d9%8a%d9%85-%d9%87%d8%a8%d8%a9\/\",\"name\":\"\u062a\u0642\u062f\u064a\u0645 \u0647\u0628\u0629 - La maison d&#039;ariane\",\"isPartOf\":{\"@id\":\"https:\/\/maisondariane.ca\/#website\"},\"primaryImageOfPage\":{\"@id\":\"https:\/\/maisondariane.ca\/ar\/%d8%aa%d9%82%d8%af%d9%8a%d9%85-%d9%87%d8%a8%d8%a9\/#primaryimage\"},\"image\":{\"@id\":\"https:\/\/maisondariane.ca\/ar\/%d8%aa%d9%82%d8%af%d9%8a%d9%85-%d9%87%d8%a8%d8%a9\/#primaryimage\"},\"thumbnailUrl\":\"https:\/\/maisondariane.ca\/wp-content\/uploads\/2023\/05\/page-DON-1980-\u00d7-500-px.svg\",\"datePublished\":\"2022-01-28T11:13:54+00:00\",\"dateModified\":\"2024-03-19T17:27:53+00:00\",\"breadcrumb\":{\"@id\":\"https:\/\/maisondariane.ca\/ar\/%d8%aa%d9%82%d8%af%d9%8a%d9%85-%d9%87%d8%a8%d8%a9\/#breadcrumb\"},\"inLanguage\":\"ar\",\"potentialAction\":[{\"@type\":\"ReadAction\",\"target\":[\"https:\/\/maisondariane.ca\/ar\/%d8%aa%d9%82%d8%af%d9%8a%d9%85-%d9%87%d8%a8%d8%a9\/\"]}]},{\"@type\":\"ImageObject\",\"inLanguage\":\"ar\",\"@id\":\"https:\/\/maisondariane.ca\/ar\/%d8%aa%d9%82%d8%af%d9%8a%d9%85-%d9%87%d8%a8%d8%a9\/#primaryimage\",\"url\":\"https:\/\/maisondariane.ca\/wp-content\/uploads\/2023\/05\/page-DON-1980-\u00d7-500-px.svg\",\"contentUrl\":\"https:\/\/maisondariane.ca\/wp-content\/uploads\/2023\/05\/page-DON-1980-\u00d7-500-px.svg\"},{\"@type\":\"BreadcrumbList\",\"@id\":\"https:\/\/maisondariane.ca\/ar\/%d8%aa%d9%82%d8%af%d9%8a%d9%85-%d9%87%d8%a8%d8%a9\/#breadcrumb\",\"itemListElement\":[{\"@type\":\"ListItem\",\"position\":1,\"name\":\"Accueil\",\"item\":\"https:\/\/maisondariane.ca\/ar\/\"},{\"@type\":\"ListItem\",\"position\":2,\"name\":\"\u062a\u0642\u062f\u064a\u0645 \u0647\u0628\u0629\"}]},{\"@type\":\"WebSite\",\"@id\":\"https:\/\/maisondariane.ca\/#website\",\"url\":\"https:\/\/maisondariane.ca\/\",\"name\":\"La maison d&#039;ariane\",\"description\":\"Just another WordPress site\",\"potentialAction\":[{\"@type\":\"SearchAction\",\"target\":{\"@type\":\"EntryPoint\",\"urlTemplate\":\"https:\/\/maisondariane.ca\/?s={search_term_string}\"},\"query-input\":{\"@type\":\"PropertyValueSpecification\",\"valueRequired\":true,\"valueName\":\"search_term_string\"}}],\"inLanguage\":\"ar\"}]}<\/script>\n<!-- \/ Yoast SEO plugin. -->","yoast_head_json":{"title":"\u062a\u0642\u062f\u064a\u0645 \u0647\u0628\u0629 - La maison d&#039;ariane","robots":{"index":"index","follow":"follow","max-snippet":"max-snippet:-1","max-image-preview":"max-image-preview:large","max-video-preview":"max-video-preview:-1"},"canonical":"https:\/\/maisondariane.ca\/ar\/\u062a\u0642\u062f\u064a\u0645-\u0647\u0628\u0629\/","og_locale":"ar_AR","og_type":"article","og_title":"\u062a\u0642\u062f\u064a\u0645 \u0647\u0628\u0629 - La maison d&#039;ariane","og_description":"\u0644\u0643 \u0631\u063a\u0628\u0629 \u0641\u064a \u062f\u0639\u0645 \u0645\u0647\u0645\u0651\u0629 \u062f\u0627\u0631 \u201c\u0645\u064a\u0632\u0648\u0646 \u062f\u0627\u0631\u064a\u0627\u0646\u201d\u061f \u064a\u0645\u0643\u0646 \u0627\u062e\u062a\u064a\u0627\u0631 \u0627\u0644\u0623\u0633\u0644\u0648\u0628 \u0627\u0644\u0630\u064a \u064a\u0646\u0627\u0633\u0628\u0643! \u0627\u0644\u0634\u064a\u0643 \u062d\u0648\u0627\u0644\u0629 \u0625\u0646\u062a\u0631\u0627\u0643 Interac \u0639\u0628\u0631 \u0627\u0644\u0625\u0646\u062a\u0631\u0646\u062a 1 \u0628\u0627\u0644\u0634\u064a\u0643 \u064a\u062d\u0631\u0651\u0631 \u0627\u0644\u0634\u064a\u0643 \u0628\u0627\u0633\u0645 La Maison d\u2019Ariane \u0648\u064a\u0631\u062c\u0649 \u0625\u0636\u0627\u0641\u0629 \u0627\u0633\u0645 \u0627\u0644\u0634\u062e\u0635 \u0627\u0644\u0643\u0627\u0645\u0644 \u0648\u0639\u0646\u0648\u0627\u0646\u0647 \u0644\u0644\u062d\u0635\u0648\u0644 \u0639\u0644\u0649 \u0648\u0635\u0644 \u0645\u0627\u0644\u064a \u0648\u0625\u0631\u0633\u0627\u0644 \u0627\u0644\u0634\u064a\u0643 \u0648\u0647\u0630\u0647 \u0627\u0644\u0645\u0639\u0644\u0648\u0645\u0627\u062a \u0625\u0644\u0649 \u0627\u0644\u0639\u0646\u0648\u0627\u0646 \u0627\u0644\u062a\u0627\u0644\u064a: La Maison d&#8217;Ariane, C.P. 35 Succursale Centre-ville, St-J\u00e9r\u00f4me (QC) J7Z 5T7 [&hellip;]","og_url":"https:\/\/maisondariane.ca\/ar\/\u062a\u0642\u062f\u064a\u0645-\u0647\u0628\u0629\/","og_site_name":"La maison d&#039;ariane","article_modified_time":"2024-03-19T17:27:53+00:00","twitter_card":"summary_large_image","twitter_misc":{"\u0648\u0642\u062a \u0627\u0644\u0642\u0631\u0627\u0621\u0629 \u0627\u0644\u0645\u064f\u0642\u062f\u0651\u0631":"3 \u062f\u0642\u0627\u0626\u0642"},"schema":{"@context":"https:\/\/schema.org","@graph":[{"@type":"WebPage","@id":"https:\/\/maisondariane.ca\/ar\/%d8%aa%d9%82%d8%af%d9%8a%d9%85-%d9%87%d8%a8%d8%a9\/","url":"https:\/\/maisondariane.ca\/ar\/%d8%aa%d9%82%d8%af%d9%8a%d9%85-%d9%87%d8%a8%d8%a9\/","name":"\u062a\u0642\u062f\u064a\u0645 \u0647\u0628\u0629 - La maison d&#039;ariane","isPartOf":{"@id":"https:\/\/maisondariane.ca\/#website"},"primaryImageOfPage":{"@id":"https:\/\/maisondariane.ca\/ar\/%d8%aa%d9%82%d8%af%d9%8a%d9%85-%d9%87%d8%a8%d8%a9\/#primaryimage"},"image":{"@id":"https:\/\/maisondariane.ca\/ar\/%d8%aa%d9%82%d8%af%d9%8a%d9%85-%d9%87%d8%a8%d8%a9\/#primaryimage"},"thumbnailUrl":"https:\/\/maisondariane.ca\/wp-content\/uploads\/2023\/05\/page-DON-1980-\u00d7-500-px.svg","datePublished":"2022-01-28T11:13:54+00:00","dateModified":"2024-03-19T17:27:53+00:00","breadcrumb":{"@id":"https:\/\/maisondariane.ca\/ar\/%d8%aa%d9%82%d8%af%d9%8a%d9%85-%d9%87%d8%a8%d8%a9\/#breadcrumb"},"inLanguage":"ar","potentialAction":[{"@type":"ReadAction","target":["https:\/\/maisondariane.ca\/ar\/%d8%aa%d9%82%d8%af%d9%8a%d9%85-%d9%87%d8%a8%d8%a9\/"]}]},{"@type":"ImageObject","inLanguage":"ar","@id":"https:\/\/maisondariane.ca\/ar\/%d8%aa%d9%82%d8%af%d9%8a%d9%85-%d9%87%d8%a8%d8%a9\/#primaryimage","url":"https:\/\/maisondariane.ca\/wp-content\/uploads\/2023\/05\/page-DON-1980-\u00d7-500-px.svg","contentUrl":"https:\/\/maisondariane.ca\/wp-content\/uploads\/2023\/05\/page-DON-1980-\u00d7-500-px.svg"},{"@type":"BreadcrumbList","@id":"https:\/\/maisondariane.ca\/ar\/%d8%aa%d9%82%d8%af%d9%8a%d9%85-%d9%87%d8%a8%d8%a9\/#breadcrumb","itemListElement":[{"@type":"ListItem","position":1,"name":"Accueil","item":"https:\/\/maisondariane.ca\/ar\/"},{"@type":"ListItem","position":2,"name":"\u062a\u0642\u062f\u064a\u0645 \u0647\u0628\u0629"}]},{"@type":"WebSite","@id":"https:\/\/maisondariane.ca\/#website","url":"https:\/\/maisondariane.ca\/","name":"La maison d&#039;ariane","description":"Just another WordPress site","potentialAction":[{"@type":"SearchAction","target":{"@type":"EntryPoint","urlTemplate":"https:\/\/maisondariane.ca\/?s={search_term_string}"},"query-input":{"@type":"PropertyValueSpecification","valueRequired":true,"valueName":"search_term_string"}}],"inLanguage":"ar"}]}},"_links":{"self":[{"href":"https:\/\/maisondariane.ca\/ar\/wp-json\/wp\/v2\/pages\/684","targetHints":{"allow":["GET"]}}],"collection":[{"href":"https:\/\/maisondariane.ca\/ar\/wp-json\/wp\/v2\/pages"}],"about":[{"href":"https:\/\/maisondariane.ca\/ar\/wp-json\/wp\/v2\/types\/page"}],"author":[{"embeddable":true,"href":"https:\/\/maisondariane.ca\/ar\/wp-json\/wp\/v2\/users\/2"}],"replies":[{"embeddable":true,"href":"https:\/\/maisondariane.ca\/ar\/wp-json\/wp\/v2\/comments?post=684"}],"version-history":[{"count":21,"href":"https:\/\/maisondariane.ca\/ar\/wp-json\/wp\/v2\/pages\/684\/revisions"}],"predecessor-version":[{"id":6033,"href":"https:\/\/maisondariane.ca\/ar\/wp-json\/wp\/v2\/pages\/684\/revisions\/6033"}],"wp:featuredmedia":[{"embeddable":true,"href":"https:\/\/maisondariane.ca\/ar\/wp-json\/wp\/v2\/media\/3871"}],"wp:attachment":[{"href":"https:\/\/maisondariane.ca\/ar\/wp-json\/wp\/v2\/media?parent=684"}],"curies":[{"name":"wp","href":"https:\/\/api.w.org\/{rel}","templated":true}]}}